{"id":45608,"date":"2023-10-17T13:43:50","date_gmt":"2023-10-17T12:43:50","guid":{"rendered":"https:\/\/ciano.pt\/canal-de-denunciantes\/"},"modified":"2023-10-17T13:50:46","modified_gmt":"2023-10-17T12:50:46","slug":"whistleblowing-kanal","status":"publish","type":"page","link":"https:\/\/ciano.pt\/de\/whistleblowing-kanal\/","title":{"rendered":"Whistleblowing-Kanal"},"content":{"rendered":"<section class=\"wpb-content-wrapper\"><p>[vc_row css_animation=&#8221;&#8221; row_type=&#8221;row&#8221; use_row_as_full_screen_section=&#8221;no&#8221; type=&#8221;full_width&#8221; angled_section=&#8221;no&#8221; text_align=&#8221;left&#8221; background_image_as_pattern=&#8221;without_pattern&#8221;][vc_column][vc_column_text]<\/p>\n<h2 style=\"text-align: center;\"><strong>Whistleblowing-Kanal-Verfahren<\/strong><\/h2>\n<h3 style=\"text-align: center;\"><strong>Gliederung<\/strong><\/h3>\n<p>[\/vc_column_text][vc_empty_space height=&#8221;22px&#8221;][vc_column_text]<\/p>\n<h3><strong>1.<\/strong> Einleitung<\/h3>\n<h3><strong>2.<\/strong> Anwendungsbereich<\/h3>\n<ul>\n<li><strong>Subjektiv:<\/strong> Mitarbeiter, Hersteller, Lieferanten, Kunden oder Dritte.<\/li>\n<li><strong>Objektiv:<\/strong> Gr\u00fcnde f\u00fcr die Beschwerde &#8211; Verst\u00f6\u00dfe (unabh\u00e4ngig davon, ob sie in den Geltungsbereich des Gesetzes fallen oder nicht), Zweifel, Empfehlungen.<\/li>\n<\/ul>\n<h3><strong>3.<\/strong> Garantien und Schutzma\u00dfnahmen<\/h3>\n<h3><strong>4.<\/strong> Ernennung einer Ethik-Kommission<\/h3>\n<ul>\n<li>Zusammensetzung des Ausschusses.<\/li>\n<\/ul>\n<h3><strong>5.<\/strong> Kontext der Zul\u00e4ssigkeit des Verfahrens<\/h3>\n<p><strong>Einleitung<\/strong><\/p>\n<p><strong>Form der Beschwerde<\/strong><\/p>\n<ul>\n<li>M\u00fcndlich und\/oder schriftlich (Mittel).<\/li>\n<\/ul>\n<p><strong>Erforderliche Elemente\/Daten<\/strong><\/p>\n<h3><strong>6.<\/strong> Verfahren der Bearbeitung<\/h3>\n<p><strong>6.1<\/strong> Die Ethik-Kommission benachrichtigt den Hinweisgeber innerhalb von sieben Tagen nach Eingang der Beschwerde und unterrichtet ihn \u00fcber die Voraussetzungen, die Form und die Zul\u00e4ssigkeit der Beschwerde.<\/p>\n<p><strong>6.2<\/strong> Die Ethik-Kommission kann den Hinweisgeber auch auffordern, die Beschwerde zu pr\u00e4zisieren oder zus\u00e4tzliche Informationen zu liefern.<\/p>\n<p><strong>6.3<\/strong> Liegen Anhaltspunkte daf\u00fcr vor, dass der beanstandete Sachverhalt verifiziert wurde, wird eine interne Untersuchung eingeleitet, um den Sachverhalt zu pr\u00fcfen, oder die Beschwerde wird an die zust\u00e4ndige Dienststelle weitergeleitet, wenn die Angelegenheit nicht in ihren Zust\u00e4ndigkeitsbereich f\u00e4llt.<\/p>\n<p><strong>6.4<\/strong> Gleichzeitig ergreift die Ethik-Kommission erforderlichenfalls die notwendigen Ma\u00dfnahmen, um einen m\u00f6glichen Versto\u00df zu unterbinden.<\/p>\n<p><strong>6.5<\/strong> Interne Untersuchung der Beschwerde.<\/p>\n<p>Im Anschluss an eine Beschwerde unternimmt die Ethik-Kommission die geeigneten Schritte, um die darin enthaltenen Anschuldigungen zu \u00fcberpr\u00fcfen, und kann dem Beschuldigten eine Frist zur Stellungnahme einr\u00e4umen.<\/p>\n<p><strong>6.5.1<\/strong> Zu den T\u00e4tigkeiten, die im Rahmen der Untersuchung durchgef\u00fchrt werden k\u00f6nnen, geh\u00f6ren:<\/p>\n<ul>\n<li>Sammeln von Informationen \u00fcber den angezeigten Sachverhalt;<\/li>\n<li>Analyse der erhaltenen Informationen;<\/li>\n<li>Dokumentation der durchgef\u00fchrten Untersuchungen (Verfahren und durchgef\u00fchrte Tests) und der erzielten Ergebnisse;<\/li>\n<li>Schlussfolgerung zu den durchgef\u00fchrten Untersuchungen;<\/li>\n<li>Auflistung der Abhilfema\u00dfnahmen, die ergriffen werden k\u00f6nnen.<\/li>\n<\/ul>\n<p><strong>6.6<\/strong> Die Ethik-Kommission kann zur Unterst\u00fctzung der Untersuchung externe Fachleute beauftragen und auch andere Dienststellen um Unterst\u00fctzung bitten.<\/p>\n<p><strong>6.7<\/strong> Nach Ablauf von drei Monaten unterrichtet die Ethik-Kommission den Beschwerdef\u00fchrer \u00fcber die geplanten oder beschlossenen Ma\u00dfnahmen zur Weiterverfolgung der Beschwerde und die jeweiligen Gr\u00fcnde, und der Beschwerdef\u00fchrer kann jederzeit verlangen, \u00fcber das Ergebnis und die entsprechende Schlussfolgerung der Beschwerde informiert zu werden.<\/p>\n<p><strong>6.8<\/strong> Abschluss der Untersuchung und Erstellung eines Berichts.<\/p>\n<p><strong>6.8.1<\/strong> Nach Abschluss der Untersuchungsphase wird f\u00fcr jede Beschwerde ein Bericht erstellt (oder eine Akte angelegt), in dem die Ma\u00dfnahmen und Verfahren zur Weiterverfolgung der Beschwerde festgehalten werden.<\/p>\n<p><strong>6.9<\/strong> Aufbewahrung der Beschwerden.<\/p>\n<p>Die eingegangenen Beschwerden werden registriert und mindestens f\u00fcnf Jahre lang aufbewahrt, und zwar unabh\u00e4ngig von diesem Zeitraum w\u00e4hrend der Anh\u00e4ngigkeit von Gerichts- und\/oder Verwaltungsverfahren.<\/p>\n<p><strong>6.10<\/strong> Umsetzung und \u00dcberwachung des Verfahrens.<\/p>\n<p>CIANO wird dieses Verfahren \u00fcber das <em>Intranet<\/em> und auf seiner offiziellen <em>Website<\/em> bekannt machen.<span style=\"font-size: 16px;\">[\/vc_column_text][\/vc_column][\/vc_row][vc_row css_animation=&#8221;&#8221; row_type=&#8221;row&#8221; use_row_as_full_screen_section=&#8221;no&#8221; type=&#8221;full_width&#8221; angled_section=&#8221;no&#8221; text_align=&#8221;left&#8221; background_image_as_pattern=&#8221;without_pattern&#8221;][vc_column][vc_empty_space height=&#8221;122px&#8221;][\/vc_column][\/vc_row]<\/span><\/p>\n<\/section>","protected":false},"excerpt":{"rendered":"<p>[vc_row css_animation=&#8221;&#8221; row_type=&#8221;row&#8221; use_row_as_full_screen_section=&#8221;no&#8221; type=&#8221;full_width&#8221; angled_section=&#8221;no&#8221; text_align=&#8221;left&#8221; background_image_as_pattern=&#8221;without_pattern&#8221;][vc_column][vc_column_text] Whistleblowing-Kanal-Verfahren Gliederung [\/vc_column_text][vc_empty_space height=&#8221;22px&#8221;][vc_column_text] 1. Einleitung 2. Anwendungsbereich Subjektiv: Mitarbeiter, Hersteller, Lieferanten, Kunden oder Dritte. Objektiv: Gr\u00fcnde f\u00fcr die Beschwerde &#8211; Verst\u00f6\u00dfe (unabh\u00e4ngig davon, ob sie in den Geltungsbereich des Gesetzes fallen oder nicht), Zweifel, Empfehlungen. 3&#8230;.<\/p>\n","protected":false},"author":13450,"featured_media":0,"parent":0,"menu_order":0,"comment_status":"closed","ping_status":"closed","template":"","meta":{"_seopress_robots_primary_cat":"","_seopress_titles_title":"","_seopress_titles_desc":"","_seopress_robots_index":"","footnotes":""},"class_list":["post-45608","page","type-page","status-publish","hentry"],"_links":{"self":[{"href":"https:\/\/ciano.pt\/de\/wp-json\/wp\/v2\/pages\/45608","targetHints":{"allow":["GET"]}}],"collection":[{"href":"https:\/\/ciano.pt\/de\/wp-json\/wp\/v2\/pages"}],"about":[{"href":"https:\/\/ciano.pt\/de\/wp-json\/wp\/v2\/types\/page"}],"author":[{"embeddable":true,"href":"https:\/\/ciano.pt\/de\/wp-json\/wp\/v2\/users\/13450"}],"replies":[{"embeddable":true,"href":"https:\/\/ciano.pt\/de\/wp-json\/wp\/v2\/comments?post=45608"}],"version-history":[{"count":4,"href":"https:\/\/ciano.pt\/de\/wp-json\/wp\/v2\/pages\/45608\/revisions"}],"predecessor-version":[{"id":45617,"href":"https:\/\/ciano.pt\/de\/wp-json\/wp\/v2\/pages\/45608\/revisions\/45617"}],"wp:attachment":[{"href":"https:\/\/ciano.pt\/de\/wp-json\/wp\/v2\/media?parent=45608"}],"curies":[{"name":"wp","href":"https:\/\/api.w.org\/{rel}","templated":true}]}}