{"id":13678,"date":"2017-07-31T11:37:46","date_gmt":"2017-07-31T10:37:46","guid":{"rendered":"http:\/\/ciano.pt\/contactos\/"},"modified":"2022-06-21T18:45:40","modified_gmt":"2022-06-21T17:45:40","slug":"contactos","status":"publish","type":"page","link":"https:\/\/ciano.pt\/en\/contactos\/","title":{"rendered":"Contacts"},"content":{"rendered":"<section class=\"wpb-content-wrapper\"><p>[vc_row css_animation=&#8221;&#8221; row_type=&#8221;row&#8221; use_row_as_full_screen_section=&#8221;no&#8221; type=&#8221;grid&#8221; angled_section=&#8221;no&#8221; text_align=&#8221;center&#8221; background_image_as_pattern=&#8221;without_pattern&#8221; css=&#8221;.vc_custom_1487699482361{padding-top: 50px !important;padding-bottom: 5px !important;}&#8221;][vc_column offset=&#8221;vc_col-lg-offset-1 vc_col-lg-10 vc_col-md-offset-1 vc_col-md-10&#8243;][vc_row_inner row_type=&#8221;row&#8221; type=&#8221;full_width&#8221; text_align=&#8221;center&#8221; css_animation=&#8221;&#8221;][vc_column_inner width=&#8221;1\/4&#8243;]<span data-type=\"square\" data-hover-bg-color=\"#099dd9\" data-hover-icon-color=\"#ffffff\" class=\"qode_icon_shortcode fa-stack q_font_awsome_icon_square fa-2x  \" style=\"background-color: #099dd9;border: 1px solid #ffffff;font-size: 23px;font-size: 41px;border-radius: 100px; \"><span aria-hidden=\"true\" class=\"qode_icon_font_elegant icon_house qode_icon_element\" style=\"font-size: 23px;color: #ffffff;\" ><\/span><\/span>[vc_empty_space height=&#8221;24px&#8221;][vc_column_text]<\/p>\n<h6>Rua de Revinhade, n\u00ba1055<br \/>\n4650-376 Revinhade<br \/>\nFelgueiras &#8211; Portugal<\/h6>\n<p>[\/vc_column_text][vc_empty_space height=&#8221;33px&#8221;][\/vc_column_inner][vc_column_inner width=&#8221;1\/4&#8243;]<span data-type=\"square\" data-hover-bg-color=\"#099dd9\" data-hover-icon-color=\"#ffffff\" class=\"qode_icon_shortcode fa-stack q_font_awsome_icon_square fa-2x  \" style=\"background-color: #099dd9;border: 1px solid #ffffff;font-size: 25px;font-size: 41px;border-radius: 100px; \"><span aria-hidden=\"true\" class=\"qode_icon_font_elegant icon_phone qode_icon_element\" style=\"font-size: 25px;color: #ffffff;\" ><\/span><\/span>[vc_empty_space height=&#8221;24px&#8221;][vc_column_text]<\/p>\n<h6>T: +351 255 340 450<br \/>\nF: +351 255 340 459<\/h6>\n<p>[\/vc_column_text][vc_empty_space height=&#8221;33px&#8221;][\/vc_column_inner][vc_column_inner width=&#8221;1\/4&#8243;]<span data-type=\"square\" data-hover-bg-color=\"#099dd9\" data-hover-icon-color=\"#ffffff\" class=\"qode_icon_shortcode fa-stack q_font_awsome_icon_square fa-2x  \" style=\"background-color: #099dd9;border: 1px solid #099dd9;font-size: 26px;font-size: 41px;border-radius: 100px; \"><i class=\"qode_icon_font_awesome fa fa-map-marker qode_icon_element\" style=\"font-size: 26px;color: #ffffff;\" ><\/i><\/span>[vc_empty_space height=&#8221;24px&#8221;][vc_column_text]<\/p>\n<h6>N 41\u00ba20\u201909.51\u201d<br \/>\nW 8\u00ba16\u201900.81\u201d<\/h6>\n<p>[\/vc_column_text][vc_empty_space height=&#8221;33px&#8221;][\/vc_column_inner][vc_column_inner width=&#8221;1\/4&#8243;]<span data-type=\"square\" data-hover-bg-color=\"#099dd9\" data-hover-icon-color=\"#ffffff\" class=\"qode_icon_shortcode fa-stack q_font_awsome_icon_square fa-2x  \" style=\"background-color: #099dd9;border: 1px solid #ffffff;font-size: 23px;font-size: 41px;border-radius: 100px; \"><span aria-hidden=\"true\" class=\"qode_icon_font_elegant icon_mail qode_icon_element\" style=\"font-size: 23px;color: #ffffff;\" ><\/span><\/span>[vc_empty_space height=&#8221;24px&#8221;][vc_column_text]<\/p>\n<h6>info@ciano.pt<\/h6>\n<p>[\/vc_column_text][vc_empty_space height=&#8221;33px&#8221;][\/vc_column_inner][\/vc_row_inner][\/vc_column][\/vc_row][vc_row css_animation=&#8221;&#8221; row_type=&#8221;row&#8221; use_row_as_full_screen_section=&#8221;no&#8221; type=&#8221;grid&#8221; angled_section=&#8221;no&#8221; text_align=&#8221;center&#8221; background_image_as_pattern=&#8221;without_pattern&#8221; css=&#8221;.vc_custom_1489055915729{padding-top: 5px !important;padding-bottom: 10px !important;}&#8221;][vc_column offset=&#8221;vc_col-lg-offset-2 vc_col-lg-8 vc_col-md-offset-1 vc_col-md-10&#8243;][vc_column_text]<\/p>\n<h2>Talk to us!<\/h2>\n<p>[\/vc_column_text][vc_empty_space height=&#8221;48px&#8221;]<script type=\"text\/javascript\">var gform;gform||(document.addEventListener(\"gform_main_scripts_loaded\",function(){gform.scriptsLoaded=!0}),window.addEventListener(\"DOMContentLoaded\",function(){gform.domLoaded=!0}),gform={domLoaded:!1,scriptsLoaded:!1,initializeOnLoaded:function(o){gform.domLoaded&&gform.scriptsLoaded?o():!gform.domLoaded&&gform.scriptsLoaded?window.addEventListener(\"DOMContentLoaded\",o):document.addEventListener(\"gform_main_scripts_loaded\",o)},hooks:{action:{},filter:{}},addAction:function(o,n,r,t){gform.addHook(\"action\",o,n,r,t)},addFilter:function(o,n,r,t){gform.addHook(\"filter\",o,n,r,t)},doAction:function(o){gform.doHook(\"action\",o,arguments)},applyFilters:function(o){return gform.doHook(\"filter\",o,arguments)},removeAction:function(o,n){gform.removeHook(\"action\",o,n)},removeFilter:function(o,n,r){gform.removeHook(\"filter\",o,n,r)},addHook:function(o,n,r,t,i){null==gform.hooks[o][n]&&(gform.hooks[o][n]=[]);var e=gform.hooks[o][n];null==i&&(i=n+\"_\"+e.length),gform.hooks[o][n].push({tag:i,callable:r,priority:t=null==t?10:t})},doHook:function(n,o,r){var t;if(r=Array.prototype.slice.call(r,1),null!=gform.hooks[n][o]&&((o=gform.hooks[n][o]).sort(function(o,n){return o.priority-n.priority}),o.forEach(function(o){\"function\"!=typeof(t=o.callable)&&(t=window[t]),\"action\"==n?t.apply(null,r):r[0]=t.apply(null,r)})),\"filter\"==n)return r[0]},removeHook:function(o,n,t,i){var r;null!=gform.hooks[o][n]&&(r=(r=gform.hooks[o][n]).filter(function(o,n,r){return!!(null!=i&&i!=o.tag||null!=t&&t!=o.priority)}),gform.hooks[o][n]=r)}});<\/script>\n                <div class='gf_browser_gecko gform_wrapper gform_legacy_markup_wrapper gform-theme--no-framework' data-form-theme='legacy' data-form-index='0' id='gform_wrapper_7' style='display:none'><div id='gf_7' class='gform_anchor' tabindex='-1'><\/div><form method='post' enctype='multipart\/form-data' target='gform_ajax_frame_7' id='gform_7'  action='\/en\/wp-json\/wp\/v2\/pages\/13678#gf_7' data-formid='7' novalidate> \r\n <input type='hidden' class='gforms-pum' value='{\"closepopup\":false,\"closedelay\":0,\"openpopup\":false,\"openpopup_id\":0}' \/>\n                        <div class='gform-body gform_body'><ul id='gform_fields_7' class='gform_fields top_label form_sublabel_below description_below'><li id=\"field_7_1\" class=\"gfield gfield--type-text gf_left_half gfield_contains_required field_sublabel_below gfield--no-description field_description_below gfield_visibility_visible\"  data-js-reload=\"field_7_1\" ><label class='gfield_label gform-field-label' for='input_7_1'>Name<span class=\"gfield_required\"><span class=\"gfield_required gfield_required_asterisk\">*<\/span><\/span><\/label><div class='ginput_container ginput_container_text'><input name='input_1' id='input_7_1' type='text' value='' class='large'   tabindex='54'  aria-required=\"true\" aria-invalid=\"false\"   \/> <\/div><\/li><li id=\"field_7_2\" class=\"gfield gfield--type-email gf_right_half gfield_contains_required field_sublabel_below gfield--no-description field_description_below gfield_visibility_visible\"  data-js-reload=\"field_7_2\" ><label class='gfield_label gform-field-label' for='input_7_2'>Email<span class=\"gfield_required\"><span class=\"gfield_required gfield_required_asterisk\">*<\/span><\/span><\/label><div class='ginput_container ginput_container_email'>\n                            <input name='input_2' id='input_7_2' type='email' value='' class='large' tabindex='55'   aria-required=\"true\" aria-invalid=\"false\"  \/>\n                        <\/div><\/li><li id=\"field_7_4\" class=\"gfield gfield--type-select gf_left_half field_sublabel_below gfield--no-description field_description_below gfield_visibility_visible\"  data-js-reload=\"field_7_4\" ><label class='gfield_label gform-field-label' for='input_7_4'>Department<\/label><div class='ginput_container ginput_container_select'><select name='input_4' id='input_7_4' class='large gfield_select' tabindex='56'    aria-invalid=\"false\" ><option value='General' >General<\/option><option value='Comercial Department' >Comercial Department<\/option><option value='Online Store' >Online Store<\/option><option value='After-sale Service' >After-sale Service<\/option><option value='APP My Ciano' >APP My Ciano<\/option><\/select><\/div><\/li><li id=\"field_7_12\" class=\"gfield gfield--type-select gf_left_half field_sublabel_below gfield--no-description field_description_below gfield_visibility_visible\"  data-js-reload=\"field_7_12\" ><label class='gfield_label gform-field-label' for='input_7_12'>Department<\/label><div class='ginput_container ginput_container_select'><select name='input_12' id='input_7_12' class='large gfield_select' tabindex='57'    aria-invalid=\"false\" ><option value='General' >General<\/option><option value='Comercial Department' >Comercial Department<\/option><option value='Online Store' >Online Store<\/option><option value='After-sale Service' >After-sale Service<\/option><option value='APP My Ciano' >APP My Ciano<\/option><\/select><\/div><\/li><li id=\"field_7_11\" class=\"gfield gfield--type-select gf_left_half field_sublabel_below gfield--no-description field_description_below gfield_visibility_visible\"  data-js-reload=\"field_7_11\" ><label class='gfield_label gform-field-label' for='input_7_11'>D\u00e9partament<\/label><div class='ginput_container ginput_container_select'><select name='input_11' id='input_7_11' class='large gfield_select' tabindex='58'    aria-invalid=\"false\" ><option value='G\u00e9n\u00e9ral' >G\u00e9n\u00e9ral<\/option><option value='D\u00e9partement des Ventes' >D\u00e9partement des Ventes<\/option><option value='Boutique Online' >Boutique Online<\/option><option value='Service apr\u00e9s-vent' >Service apr\u00e9s-vent<\/option><option value='APP My Ciano' >APP My Ciano<\/option><\/select><\/div><\/li><li id=\"field_7_13\" class=\"gfield gfield--type-select gf_left_half field_sublabel_below gfield--no-description field_description_below gfield_visibility_visible\"  data-js-reload=\"field_7_13\" ><label class='gfield_label gform-field-label' for='input_7_13'>Departamento<\/label><div class='ginput_container ginput_container_select'><select name='input_13' id='input_7_13' class='large gfield_select' tabindex='59'    aria-invalid=\"false\" ><option value='General' >General<\/option><option value='Departamento Comercial' >Departamento Comercial<\/option><option value='Tienda Online' >Tienda Online<\/option><option value='Servicio Post-Venta' >Servicio Post-Venta<\/option><option value='APP My Ciano' >APP My Ciano<\/option><\/select><\/div><\/li><li id=\"field_7_9\" class=\"gfield gfield--type-text gf_right_half field_sublabel_below gfield--no-description field_description_below gfield_visibility_visible\"  data-js-reload=\"field_7_9\" ><label class='gfield_label gform-field-label' for='input_7_9'>Subject<\/label><div class='ginput_container ginput_container_text'><input name='input_9' id='input_7_9' type='text' value='' class='large'   tabindex='60'   aria-invalid=\"false\"   \/> <\/div><\/li><li id=\"field_7_8\" class=\"gfield gfield--type-text gf_left_half field_sublabel_below gfield--no-description field_description_below gfield_visibility_visible\"  data-js-reload=\"field_7_8\" ><label class='gfield_label gform-field-label' for='input_7_8'>Age<\/label><div class='ginput_container ginput_container_text'><input name='input_8' id='input_7_8' type='text' value='' class='large'   tabindex='61'   aria-invalid=\"false\"   \/> <\/div><\/li><li id=\"field_7_5\" class=\"gfield gfield--type-text gf_right_half gfield_contains_required field_sublabel_below gfield--no-description field_description_below gfield_visibility_visible\"  data-js-reload=\"field_7_5\" ><label class='gfield_label gform-field-label' for='input_7_5'>Country<span class=\"gfield_required\"><span class=\"gfield_required gfield_required_asterisk\">*<\/span><\/span><\/label><div class='ginput_container ginput_container_text'><input name='input_5' id='input_7_5' type='text' value='' class='large'   tabindex='62'  aria-required=\"true\" aria-invalid=\"false\"   \/> <\/div><\/li><li id=\"field_7_6\" class=\"gfield gfield--type-textarea gfield_contains_required field_sublabel_below gfield--no-description field_description_below gfield_visibility_visible\"  data-js-reload=\"field_7_6\" ><label class='gfield_label gform-field-label' for='input_7_6'>Message<span class=\"gfield_required\"><span class=\"gfield_required gfield_required_asterisk\">*<\/span><\/span><\/label><div class='ginput_container ginput_container_textarea'><textarea name='input_6' id='input_7_6' class='textarea medium' tabindex='63'    aria-required=\"true\" aria-invalid=\"false\"   rows='10' cols='50'><\/textarea><\/div><\/li><li id=\"field_7_7\" class=\"gfield gfield--type-checkbox gfield--type-choice gfield_contains_required field_sublabel_below gfield--no-description field_description_below gfield_visibility_visible\"  data-js-reload=\"field_7_7\" ><label class='gfield_label gform-field-label gfield_label_before_complex' >Privacy<span class=\"gfield_required\"><span class=\"gfield_required gfield_required_asterisk\">*<\/span><\/span><\/label><div class='ginput_container ginput_container_checkbox'><ul class='gfield_checkbox' id='input_7_7'><li class='gchoice gchoice_7_7_1'>\n\t\t\t\t\t\t\t\t<input class='gfield-choice-input' name='input_7.1' type='checkbox'  value='True'  id='choice_7_7_1' tabindex='64'  \/>\n\t\t\t\t\t\t\t\t<label for='choice_7_7_1' id='label_7_7_1' class='gform-field-label gform-field-label--type-inline'>By using this form you agree to the storage and processing of your information on this website. <a target=\"_blank\" href=\"https:\/\/ciano.pt\/termos-conditions-privacy-policy\/\" rel=\"noopener noreferrer\">Privacy Policy<\/a>.<\/label>\n\t\t\t\t\t\t\t<\/li><\/ul><\/div><\/li><li id=\"field_7_10\" class=\"gfield gfield--type-hidden gform_hidden field_sublabel_below gfield--no-description field_description_below gfield_visibility_visible\"  data-js-reload=\"field_7_10\" ><div class='ginput_container ginput_container_text'><input name='input_10' id='input_7_10' type='hidden' class='gform_hidden'  aria-invalid=\"false\" value='en' \/><\/div><\/li><li id=\"field_7_14\" class=\"gfield gfield--type-honeypot gform_validation_container field_sublabel_below gfield--has-description field_description_below gfield_visibility_visible\"  data-js-reload=\"field_7_14\" ><label class='gfield_label gform-field-label' for='input_7_14'>Name<\/label><div class='ginput_container'><input name='input_14' id='input_7_14' type='text' value='' autocomplete='new-password'\/><\/div><div class='gfield_description' id='gfield_description_7_14'>This field is for validation purposes and should be left unchanged.<\/div><\/li><\/ul><\/div>\n        <div class='gform_footer top_label'> <input type='submit' id='gform_submit_button_7' class='gform_button button' value='Send Message' tabindex='65' onclick='if(window[\"gf_submitting_7\"]){return false;}  if( !jQuery(\"#gform_7\")[0].checkValidity || jQuery(\"#gform_7\")[0].checkValidity()){window[\"gf_submitting_7\"]=true;}  ' onkeypress='if( event.keyCode == 13 ){ if(window[\"gf_submitting_7\"]){return false;} if( !jQuery(\"#gform_7\")[0].checkValidity || jQuery(\"#gform_7\")[0].checkValidity()){window[\"gf_submitting_7\"]=true;}  jQuery(\"#gform_7\").trigger(\"submit\",[true]); }' \/> <input type='hidden' name='gform_ajax' value='form_id=7&amp;title=&amp;description=&amp;tabindex=54&amp;theme=data-form-theme=&#039;legacy&#039;' \/>\n            <input type='hidden' class='gform_hidden' name='is_submit_7' value='1' \/>\n            <input type='hidden' class='gform_hidden' name='gform_submit' value='7' \/>\n            \n            <input type='hidden' class='gform_hidden' name='gform_unique_id' value='' \/>\n            <input type='hidden' class='gform_hidden' name='state_7' value='WyJbXSIsImJjOGQ5NjlkOTRiNDAxYTljNDIxOTkzZDc4MzBmODNlIl0=' \/>\n            <input type='hidden' class='gform_hidden' name='gform_target_page_number_7' id='gform_target_page_number_7' value='0' \/>\n            <input type='hidden' class='gform_hidden' name='gform_source_page_number_7' id='gform_source_page_number_7' value='1' \/>\n            <input type='hidden' name='gform_field_values' value='' \/>\n            \n        <\/div>\n                        <\/form>\n                        <\/div>\n\t\t                <iframe style='display:none;width:0px;height:0px;' src='about:blank' name='gform_ajax_frame_7' id='gform_ajax_frame_7' title='This iframe contains the logic required to handle Ajax powered Gravity Forms.'><\/iframe>\n\t\t                <script type=\"text\/javascript\">\n\/* <![CDATA[ *\/\n gform.initializeOnLoaded( function() {gformInitSpinner( 7, 'https:\/\/ciano.pt\/wp-content\/plugins\/gravityforms\/images\/spinner.svg', true );jQuery('#gform_ajax_frame_7').on('load',function(){var contents = jQuery(this).contents().find('*').html();var is_postback = contents.indexOf('GF_AJAX_POSTBACK') >= 0;if(!is_postback){return;}var form_content = jQuery(this).contents().find('#gform_wrapper_7');var is_confirmation = jQuery(this).contents().find('#gform_confirmation_wrapper_7').length > 0;var is_redirect = contents.indexOf('gformRedirect(){') >= 0;var is_form = form_content.length > 0 && ! is_redirect && ! is_confirmation;var mt = parseInt(jQuery('html').css('margin-top'), 10) + parseInt(jQuery('body').css('margin-top'), 10) + 100;if(is_form){jQuery('#gform_wrapper_7').html(form_content.html());if(form_content.hasClass('gform_validation_error')){jQuery('#gform_wrapper_7').addClass('gform_validation_error');} else {jQuery('#gform_wrapper_7').removeClass('gform_validation_error');}setTimeout( function() { \/* delay the scroll by 50 milliseconds to fix a bug in chrome *\/ jQuery(document).scrollTop(jQuery('#gform_wrapper_7').offset().top - mt); }, 50 );if(window['gformInitDatepicker']) {gformInitDatepicker();}if(window['gformInitPriceFields']) {gformInitPriceFields();}var current_page = jQuery('#gform_source_page_number_7').val();gformInitSpinner( 7, 'https:\/\/ciano.pt\/wp-content\/plugins\/gravityforms\/images\/spinner.svg', true );jQuery(document).trigger('gform_page_loaded', [7, current_page]);window['gf_submitting_7'] = false;}else if(!is_redirect){var confirmation_content = jQuery(this).contents().find('.GF_AJAX_POSTBACK').html();if(!confirmation_content){confirmation_content = contents;}setTimeout(function(){jQuery('#gform_wrapper_7').replaceWith(confirmation_content);jQuery(document).scrollTop(jQuery('#gf_7').offset().top - mt);jQuery(document).trigger('gform_confirmation_loaded', [7]);window['gf_submitting_7'] = false;wp.a11y.speak(jQuery('#gform_confirmation_message_7').text());}, 50);}else{jQuery('#gform_7').append(contents);if(window['gformRedirect']) {gformRedirect();}}jQuery(document).trigger('gform_post_render', [7, current_page]);gform.utils.trigger({ event: 'gform\/postRender', native: false, data: { formId: 7, currentPage: current_page } });} );} ); \n\/* ]]> *\/\n<\/script>\n[\/vc_column][\/vc_row][vc_row css_animation=&#8221;&#8221; row_type=&#8221;row&#8221; use_row_as_full_screen_section=&#8221;no&#8221; type=&#8221;full_width&#8221; angled_section=&#8221;no&#8221; text_align=&#8221;left&#8221; background_image_as_pattern=&#8221;without_pattern&#8221;][vc_column][vc_column_text]<\/p>\n<p><iframe loading=\"lazy\" style=\"border: 0;\" src=\"https:\/\/www.google.com\/maps\/embed?pb=!1m18!1m12!1m3!1d47931.86122353148!2d-8.27801226183498!3d41.336237916721764!2m3!1f0!2f0!3f0!3m2!1i1024!2i768!4f13.1!3m3!1m2!1s0xd24ed025e148317%3A0x8cd21802ddb42446!2sCianoaquarium%2C+Lda!5e0!3m2!1sen!2spt!4v1542644344680\" width=\"100%\" height=\"400\" frameborder=\"0\" allowfullscreen=\"allowfullscreen\"><\/iframe><\/p>\n<p>[\/vc_column_text][\/vc_column][\/vc_row]<\/p>\n<\/section>","protected":false},"excerpt":{"rendered":"<p>[vc_row css_animation=&#8221;&#8221; row_type=&#8221;row&#8221; use_row_as_full_screen_section=&#8221;no&#8221; type=&#8221;grid&#8221; angled_section=&#8221;no&#8221; text_align=&#8221;center&#8221; background_image_as_pattern=&#8221;without_pattern&#8221; css=&#8221;.vc_custom_1487699482361{padding-top: 50px !important;padding-bottom: 5px !important;}&#8221;][vc_column offset=&#8221;vc_col-lg-offset-1 vc_col-lg-10 vc_col-md-offset-1 vc_col-md-10&#8243;][vc_row_inner row_type=&#8221;row&#8221; type=&#8221;full_width&#8221; text_align=&#8221;center&#8221; css_animation=&#8221;&#8221;][vc_column_inner width=&#8221;1\/4&#8243;][vc_empty_space height=&#8221;24px&#8221;][vc_column_text] Rua de Revinhade, n\u00ba1055 4650-376 Revinhade Felgueiras &#8211; Portugal [\/vc_column_text][vc_empty_space height=&#8221;33px&#8221;][\/vc_column_inner][vc_column_inner width=&#8221;1\/4&#8243;][vc_empty_space height=&#8221;24px&#8221;][vc_column_text] T: +351 255 340 450 F: +351 255 340&#8230;<\/p>\n","protected":false},"author":3,"featured_media":0,"parent":0,"menu_order":0,"comment_status":"closed","ping_status":"closed","template":"full_width.php","meta":{"_seopress_robots_primary_cat":"","_seopress_titles_title":"","_seopress_titles_desc":"","_seopress_robots_index":"","footnotes":""},"class_list":["post-13678","page","type-page","status-publish","hentry"],"_links":{"self":[{"href":"https:\/\/ciano.pt\/en\/wp-json\/wp\/v2\/pages\/13678","targetHints":{"allow":["GET"]}}],"collection":[{"href":"https:\/\/ciano.pt\/en\/wp-json\/wp\/v2\/pages"}],"about":[{"href":"https:\/\/ciano.pt\/en\/wp-json\/wp\/v2\/types\/page"}],"author":[{"embeddable":true,"href":"https:\/\/ciano.pt\/en\/wp-json\/wp\/v2\/users\/3"}],"replies":[{"embeddable":true,"href":"https:\/\/ciano.pt\/en\/wp-json\/wp\/v2\/comments?post=13678"}],"version-history":[{"count":0,"href":"https:\/\/ciano.pt\/en\/wp-json\/wp\/v2\/pages\/13678\/revisions"}],"wp:attachment":[{"href":"https:\/\/ciano.pt\/en\/wp-json\/wp\/v2\/media?parent=13678"}],"curies":[{"name":"wp","href":"https:\/\/api.w.org\/{rel}","templated":true}]}}