{"id":6793,"date":"2017-06-30T16:23:06","date_gmt":"2017-06-30T15:23:06","guid":{"rendered":"http:\/\/ciano.pt\/?page_id=6793"},"modified":"2026-04-22T16:15:08","modified_gmt":"2026-04-22T15:15:08","slug":"home-nave-2-2-2","status":"publish","type":"page","link":"https:\/\/ciano.pt\/en\/","title":{"rendered":"Home Nave"},"content":{"rendered":"<section class=\"wpb-content-wrapper\"><p>[vc_row css_animation=&#8221;&#8221; row_type=&#8221;row&#8221; use_row_as_full_screen_section=&#8221;no&#8221; type=&#8221;grid&#8221; angled_section=&#8221;no&#8221; text_align=&#8221;center&#8221; background_image_as_pattern=&#8221;with_pattern&#8221;][vc_column][vc_empty_space height=&#8221;50px&#8221;][vc_column_text]<\/p>\n<h2 style=\"text-align: left;\">Products<\/h2>\n<p>[\/vc_column_text][vc_separator type=&#8221;small&#8221; position=&#8221;left&#8221; color=&#8221;#099dd9&#8243; thickness=&#8221;4&#8243; width=&#8221;80&#8243;][vc_row_inner row_type=&#8221;row&#8221; type=&#8221;full_width&#8221; text_align=&#8221;center&#8221; css_animation=&#8221;&#8221;][vc_column_inner el_class=&#8221;sombra-produto&#8221; width=&#8221;1\/5&#8243;][vc_column_text]<\/p>\n<h4 style=\"text-align: center;\">AQUARIUMS<\/h4>\n<p>[\/vc_column_text]<div class='image_hover ' style='' data-transition-delay=''><div class='images_holder'><a itemprop='url' href='https:\/\/ciano.pt\/en\/products\/?tab=aquariums' target='_self'><img itemprop='image' class='' src='https:\/\/ciano.pt\/wp-content\/uploads\/2026\/04\/t1-produtos_aquarios_2-2.jpg' alt='' style='' \/><img itemprop='image' class='hover_image' src='' alt='' style='' \/><\/a><\/div><\/div>[vc_empty_space height=&#8221;10px&#8221;][\/vc_column_inner][vc_column_inner el_class=&#8221;sombra-produto&#8221; width=&#8221;1\/5&#8243;][vc_column_text]<\/p>\n<h4 style=\"text-align: center;\">TERRARIUMS<\/h4>\n<p>[\/vc_column_text]<div class='image_hover ' style='' data-transition-delay=''><div class='images_holder'><a itemprop='url' href='https:\/\/ciano.pt\/en\/products\/?tab=terrariums' target='_self'><img itemprop='image' class='' src='https:\/\/ciano.pt\/wp-content\/uploads\/2026\/04\/produtos_terrarios-6.png' alt='' style='' \/><img itemprop='image' class='hover_image' src='' alt='' style='' \/><\/a><\/div><\/div>[vc_empty_space height=&#8221;10px&#8221;][\/vc_column_inner][vc_column_inner el_class=&#8221;sombra-produto&#8221; width=&#8221;1\/5&#8243;][vc_column_text]<\/p>\n<h4 style=\"text-align: center;\">EQUIPMENT<\/h4>\n<p>[\/vc_column_text]<div class='image_hover ' style='' data-transition-delay=''><div class='images_holder'><a itemprop='url' href='https:\/\/ciano.pt\/en\/products\/?tab=equipment' target='_self'><img itemprop='image' class='' src='https:\/\/ciano.pt\/wp-content\/uploads\/2026\/04\/produtos_equipamentos-9.png' alt='' style='' \/><img itemprop='image' class='hover_image' src='' alt='' style='' \/><\/a><\/div><\/div>[vc_empty_space height=&#8221;10px&#8221;][\/vc_column_inner][vc_column_inner el_class=&#8221;sombra-produto&#8221; width=&#8221;1\/5&#8243;][vc_column_text]<\/p>\n<h4 style=\"text-align: center;\">CIANO CARE<\/h4>\n<p>[\/vc_column_text]<div class='image_hover ' style='' data-transition-delay=''><div class='images_holder'><a itemprop='url' href='https:\/\/ciano.pt\/en\/products\/?tab=ciano-care' target='_self'><img itemprop='image' class='' src='https:\/\/ciano.pt\/wp-content\/uploads\/2026\/04\/produtos_ciano-care-2.png' alt='' style='' \/><img itemprop='image' class='hover_image' src='' alt='' style='' \/><\/a><\/div><\/div>[vc_empty_space height=&#8221;10px&#8221;][\/vc_column_inner][vc_column_inner el_class=&#8221;sombra-produto&#8221; width=&#8221;1\/5&#8243;][vc_column_text]<\/p>\n<h4 style=\"text-align: center;\">TABLES<\/h4>\n<p>[\/vc_column_text]<div class='image_hover ' style='' data-transition-delay=''><div class='images_holder'><a itemprop='url' href='https:\/\/ciano.pt\/en\/products\/?tab=tables' target='_self'><img itemprop='image' class='' src='https:\/\/ciano.pt\/wp-content\/uploads\/2026\/04\/produtos_moveis-5.png' alt='' style='' \/><img itemprop='image' class='hover_image' src='' alt='' style='' \/><\/a><\/div><\/div>[vc_empty_space height=&#8221;10px&#8221;][\/vc_column_inner][\/vc_row_inner][vc_empty_space height=&#8221;50px&#8221;][vc_empty_space][\/vc_column][\/vc_row][vc_row row_type=&#8221;parallax&#8221; parallax_content_width=&#8221;in_grid&#8221; text_align=&#8221;right&#8221; full_screen_section_height=&#8221;no&#8221; background_image=&#8221;19898&#8243; el_id=&#8221;desktop&#8221; el_class=&#8221;row_home_newsletterdesktop&#8221;][vc_column width=&#8221;2\/3&#8243; css=&#8221;.vc_custom_1524268155186{padding-top: 14% !important;}&#8221; offset=&#8221;vc_col-lg-6 vc_col-md-6&#8243;][vc_row_inner row_type=&#8221;row&#8221; type=&#8221;full_width&#8221; text_align=&#8221;left&#8221; css_animation=&#8221;&#8221;][vc_column_inner][vc_column_text]<\/p>\n<h2>App MY CIANO<\/h2>\n<p>[\/vc_column_text][vc_separator type=&#8221;small&#8221; position=&#8221;left&#8221; color=&#8221;#099dd9&#8243; thickness=&#8221;4&#8243; width=&#8221;80&#8243; up=&#8221;10&#8243; down=&#8221;24&#8243;][vc_column_text]<\/p>\n<h4>Simple and in real-time management<br \/>\nof your consumables.<\/h4>\n<p>[\/vc_column_text][vc_empty_space][\/vc_column_inner][\/vc_row_inner][vc_row_inner row_type=&#8221;row&#8221; type=&#8221;full_width&#8221; text_align=&#8221;left&#8221; css_animation=&#8221;&#8221; css=&#8221;.vc_custom_1523982889820{margin-top: -30px !important;}&#8221;][vc_column_inner width=&#8221;1\/2&#8243;][vc_single_image image=&#8221;51671&#8243; img_size=&#8221;full&#8221; qode_css_animation=&#8221;&#8221;][\/vc_column_inner][vc_column_inner width=&#8221;1\/2&#8243;][vc_empty_space height=&#8221;50px&#8221;][vc_single_image image=&#8221;19914&#8243; img_size=&#8221;190&#215;62&#8243; onclick=&#8221;custom_link&#8221; img_link_target=&#8221;_blank&#8221; qode_css_animation=&#8221;&#8221; link=&#8221;https:\/\/play.google.com\/store\/apps\/details?id=com.myciano.aquarium2024&#8243;][vc_separator type=&#8221;transparent&#8221; thickness=&#8221;0&#8243; up=&#8221;0&#8243; down=&#8221;10&#8243;][vc_single_image image=&#8221;19938&#8243; img_size=&#8221;190&#215;62&#8243; onclick=&#8221;custom_link&#8221; img_link_target=&#8221;_blank&#8221; qode_css_animation=&#8221;&#8221; link=&#8221;https:\/\/apps.apple.com\/pt\/app\/my-ciano-2-0\/id6744927766?l=en-GB&#8221;][\/vc_column_inner][\/vc_row_inner][vc_separator type=&#8221;transparent&#8221; thickness=&#8221;0&#8243; up=&#8221;0&#8243; down=&#8221;35&#8243;][vc_empty_space height=&#8221;60px&#8221;][\/vc_column][vc_column width=&#8221;1\/3&#8243; offset=&#8221;vc_col-lg-6 vc_col-md-6&#8243;][vc_row_inner row_type=&#8221;row&#8221; type=&#8221;full_width&#8221; text_align=&#8221;left&#8221; css_animation=&#8221;&#8221; css=&#8221;.vc_custom_1524268194372{padding-top: 6% !important;}&#8221;][vc_column_inner][vc_single_image image=&#8221;19863&#8243; img_size=&#8221;full&#8221; alignment=&#8221;right&#8221; qode_css_animation=&#8221;&#8221; css=&#8221;.vc_custom_1519652772691{padding-left: 80px !important;}&#8221;][\/vc_column_inner][\/vc_row_inner][\/vc_column][\/vc_row][vc_row css_animation=&#8221;&#8221; row_type=&#8221;row&#8221; use_row_as_full_screen_section=&#8221;no&#8221; type=&#8221;full_width&#8221; angled_section=&#8221;no&#8221; text_align=&#8221;right&#8221; background_image_as_pattern=&#8221;without_pattern&#8221; background_image=&#8221;19898&#8243; el_id=&#8221;mobile&#8221; el_class=&#8221;row_home_newslettermobile&#8221;][vc_column][vc_empty_space height=&#8221;40px&#8221;][vc_row_inner row_type=&#8221;row&#8221; type=&#8221;full_width&#8221; text_align=&#8221;center&#8221; css_animation=&#8221;&#8221; el_class=&#8221;rowinner_home_appmobile_textcenter&#8221;][vc_column_inner][vc_column_text]<\/p>\n<h2><span style=\"color: #ffffff;\">App MY CIANO<\/span><\/h2>\n<p>[\/vc_column_text][vc_separator type=&#8221;small&#8221; position=&#8221;center&#8221; color=&#8221;#099dd9&#8243; thickness=&#8221;4&#8243; width=&#8221;80&#8243; up=&#8221;10&#8243; down=&#8221;24&#8243;][vc_column_text]<\/p>\n<h4><span style=\"color: #ffffff;\">Simple and in real-time management of your consumables.<\/span><\/h4>\n<p>[\/vc_column_text][vc_empty_space][\/vc_column_inner][\/vc_row_inner][vc_row_inner row_type=&#8221;row&#8221; type=&#8221;full_width&#8221; text_align=&#8221;left&#8221; css_animation=&#8221;&#8221;][vc_column_inner width=&#8221;1\/2&#8243; offset=&#8221;vc_col-xs-6&#8243;][vc_single_image image=&#8221;51671&#8243; img_size=&#8221;full&#8221; qode_css_animation=&#8221;&#8221;][\/vc_column_inner][vc_column_inner width=&#8221;1\/2&#8243; offset=&#8221;vc_col-xs-6&#8243;][vc_single_image image=&#8221;19914&#8243; img_size=&#8221;190&#215;62&#8243; onclick=&#8221;custom_link&#8221; img_link_target=&#8221;_blank&#8221; qode_css_animation=&#8221;&#8221; link=&#8221;https:\/\/play.google.com\/store\/apps\/details?id=com.myciano.aquarium2024&#8243;][vc_separator type=&#8221;transparent&#8221; thickness=&#8221;0&#8243; up=&#8221;0&#8243; down=&#8221;10&#8243;][vc_single_image image=&#8221;19938&#8243; img_size=&#8221;190&#215;62&#8243; onclick=&#8221;custom_link&#8221; img_link_target=&#8221;_blank&#8221; qode_css_animation=&#8221;&#8221; link=&#8221;https:\/\/apps.apple.com\/pt\/app\/my-ciano-2-0\/id6744927766?l=en-GB&#8221;][\/vc_column_inner][\/vc_row_inner][vc_empty_space height=&#8221;12px&#8221;][vc_row_inner row_type=&#8221;row&#8221; type=&#8221;full_width&#8221; text_align=&#8221;left&#8221; css_animation=&#8221;&#8221;][vc_column_inner][vc_single_image image=&#8221;19863&#8243; img_size=&#8221;full&#8221; alignment=&#8221;right&#8221; qode_css_animation=&#8221;&#8221; css=&#8221;.vc_custom_1524266787669{padding-left: 24px !important;}&#8221;][\/vc_column_inner][\/vc_row_inner][\/vc_column][\/vc_row]<\/p>\n<\/section>","protected":false},"excerpt":{"rendered":"<p>[vc_row css_animation=&#8221;&#8221; row_type=&#8221;row&#8221; use_row_as_full_screen_section=&#8221;no&#8221; type=&#8221;grid&#8221; angled_section=&#8221;no&#8221; text_align=&#8221;center&#8221; background_image_as_pattern=&#8221;with_pattern&#8221;][vc_column][vc_empty_space height=&#8221;50px&#8221;][vc_column_text] Products [\/vc_column_text][vc_separator type=&#8221;small&#8221; position=&#8221;left&#8221; color=&#8221;#099dd9&#8243; thickness=&#8221;4&#8243; width=&#8221;80&#8243;][vc_row_inner row_type=&#8221;row&#8221; type=&#8221;full_width&#8221; text_align=&#8221;center&#8221; css_animation=&#8221;&#8221;][vc_column_inner el_class=&#8221;sombra-produto&#8221; width=&#8221;1\/5&#8243;][vc_column_text] AQUARIUMS [\/vc_column_text][vc_empty_space height=&#8221;10px&#8221;][\/vc_column_inner][vc_column_inner el_class=&#8221;sombra-produto&#8221; width=&#8221;1\/5&#8243;][vc_column_text] TERRARIUMS [\/vc_column_text][vc_empty_space height=&#8221;10px&#8221;][\/vc_column_inner][vc_column_inner el_class=&#8221;sombra-produto&#8221; width=&#8221;1\/5&#8243;][vc_column_text] EQUIPMENT [\/vc_column_text][vc_empty_space height=&#8221;10px&#8221;][\/vc_column_inner][vc_column_inner el_class=&#8221;sombra-produto&#8221; width=&#8221;1\/5&#8243;][vc_column_text] CIANO CARE [\/vc_column_text][vc_empty_space height=&#8221;10px&#8221;][\/vc_column_inner][vc_column_inner el_class=&#8221;sombra-produto&#8221; width=&#8221;1\/5&#8243;][vc_column_text] TABLES [\/vc_column_text][vc_empty_space&#8230;<\/p>\n","protected":false},"author":3,"featured_media":0,"parent":0,"menu_order":0,"comment_status":"closed","ping_status":"closed","template":"full_width.php","meta":{"_seopress_robots_primary_cat":"","_seopress_titles_title":"CIANO AQUARIUM","_seopress_titles_desc":"A CIANO\u00ae oferece-lhe diversas gamas de aqu\u00e1rios, filtra\u00e7\u00e3o, ilumina\u00e7\u00e3o, acess\u00f3rios e decora\u00e7\u00e3o que beneficiam das \u00faltimas inova\u00e7\u00f5es tecnol\u00f3gicas.","_seopress_robots_index":"","footnotes":""},"class_list":["post-6793","page","type-page","status-publish","hentry"],"_links":{"self":[{"href":"https:\/\/ciano.pt\/en\/wp-json\/wp\/v2\/pages\/6793","targetHints":{"allow":["GET"]}}],"collection":[{"href":"https:\/\/ciano.pt\/en\/wp-json\/wp\/v2\/pages"}],"about":[{"href":"https:\/\/ciano.pt\/en\/wp-json\/wp\/v2\/types\/page"}],"author":[{"embeddable":true,"href":"https:\/\/ciano.pt\/en\/wp-json\/wp\/v2\/users\/3"}],"replies":[{"embeddable":true,"href":"https:\/\/ciano.pt\/en\/wp-json\/wp\/v2\/comments?post=6793"}],"version-history":[{"count":30,"href":"https:\/\/ciano.pt\/en\/wp-json\/wp\/v2\/pages\/6793\/revisions"}],"predecessor-version":[{"id":56924,"href":"https:\/\/ciano.pt\/en\/wp-json\/wp\/v2\/pages\/6793\/revisions\/56924"}],"wp:attachment":[{"href":"https:\/\/ciano.pt\/en\/wp-json\/wp\/v2\/media?parent=6793"}],"curies":[{"name":"wp","href":"https:\/\/api.w.org\/{rel}","templated":true}]}}