{"id":13657,"date":"2018-02-01T17:54:48","date_gmt":"2018-02-01T17:54:48","guid":{"rendered":"http:\/\/ciano.pt\/mi-cuenta\/"},"modified":"2026-02-06T18:42:34","modified_gmt":"2026-02-06T18:42:34","slug":"mi-cuenta","status":"publish","type":"page","link":"https:\/\/ciano.pt\/es\/mi-cuenta\/","title":{"rendered":"Mi cuenta"},"content":{"rendered":"\n<h4 class=\"wp-block-heading has-text-align-center\"><strong>Informamos que la tienda en l\u00ednea no est\u00e1 disponible.<\/strong><br>No obstante, Ciano Aquarium S.A. garantiza a sus clientes que todos los t\u00e9rminos y condiciones establecidos en el momento de la compra se cumplir\u00e1n \u00edntegramente, especialmente en lo que respecta a la garant\u00eda, el seguimiento posventa y la protecci\u00f3n de los datos.<\/h4>\n\n\n\n<div style=\"height:30px\" aria-hidden=\"true\" class=\"wp-block-spacer\"><\/div>\n","protected":false},"excerpt":{"rendered":"<p>Informamos que la tienda en l\u00ednea no est\u00e1 disponible.No obstante, Ciano Aquarium S.A. garantiza a sus clientes que todos los t\u00e9rminos y condiciones establecidos en el momento de la compra se cumplir\u00e1n \u00edntegramente, especialmente en lo que respecta a la garant\u00eda, el seguimiento posventa y&#8230;<\/p>\n","protected":false},"author":3,"featured_media":0,"parent":0,"menu_order":0,"comment_status":"closed","ping_status":"closed","template":"","meta":{"_seopress_robots_primary_cat":"","_seopress_titles_title":"","_seopress_titles_desc":"","_seopress_robots_index":"","footnotes":""},"class_list":["post-13657","page","type-page","status-publish","hentry"],"_links":{"self":[{"href":"https:\/\/ciano.pt\/es\/wp-json\/wp\/v2\/pages\/13657","targetHints":{"allow":["GET"]}}],"collection":[{"href":"https:\/\/ciano.pt\/es\/wp-json\/wp\/v2\/pages"}],"about":[{"href":"https:\/\/ciano.pt\/es\/wp-json\/wp\/v2\/types\/page"}],"author":[{"embeddable":true,"href":"https:\/\/ciano.pt\/es\/wp-json\/wp\/v2\/users\/3"}],"replies":[{"embeddable":true,"href":"https:\/\/ciano.pt\/es\/wp-json\/wp\/v2\/comments?post=13657"}],"version-history":[{"count":1,"href":"https:\/\/ciano.pt\/es\/wp-json\/wp\/v2\/pages\/13657\/revisions"}],"predecessor-version":[{"id":52742,"href":"https:\/\/ciano.pt\/es\/wp-json\/wp\/v2\/pages\/13657\/revisions\/52742"}],"wp:attachment":[{"href":"https:\/\/ciano.pt\/es\/wp-json\/wp\/v2\/media?parent=13657"}],"curies":[{"name":"wp","href":"https:\/\/api.w.org\/{rel}","templated":true}]}}