{"id":15464,"date":"2017-06-30T16:23:06","date_gmt":"2017-06-30T15:23:06","guid":{"rendered":"http:\/\/ciano.pt\/home-nave-2\/"},"modified":"2026-04-22T16:21:50","modified_gmt":"2026-04-22T15:21:50","slug":"home-nave-2-2-2","status":"publish","type":"page","link":"https:\/\/ciano.pt\/es\/","title":{"rendered":"Home Nave"},"content":{"rendered":"<section class=\"wpb-content-wrapper\"><p>[vc_row css_animation=\u00bb\u00bb row_type=\u00bbrow\u00bb use_row_as_full_screen_section=\u00bbno\u00bb type=\u00bbgrid\u00bb angled_section=\u00bbno\u00bb text_align=\u00bbcenter\u00bb background_image_as_pattern=\u00bbwith_pattern\u00bb][vc_column][vc_empty_space height=\u00bb50px\u00bb][vc_column_text]<\/p>\n<h2 style=\"text-align: left;\">Produtos<\/h2>\n<p>[\/vc_column_text][vc_separator type=\u00bbsmall\u00bb position=\u00bbleft\u00bb color=\u00bb#099dd9&#8243; thickness=\u00bb4&#8243; width=\u00bb80&#8243;][vc_row_inner row_type=\u00bbrow\u00bb type=\u00bbfull_width\u00bb text_align=\u00bbleft\u00bb css_animation=\u00bb\u00bb][vc_column_inner el_class=\u00bbsombra-produto\u00bb width=\u00bb1\/5&#8243;][vc_column_text]<\/p>\n<h4 style=\"text-align: center;\">ACUARIOS<\/h4>\n<p>[\/vc_column_text]<div class='image_hover ' style='' data-transition-delay=''><div class='images_holder'><a itemprop='url' href='https:\/\/ciano.pt\/es\/produtos-1\/?tab=acuarios' target='_self'><img itemprop='image' class='' src='https:\/\/ciano.pt\/wp-content\/uploads\/2026\/04\/t1-produtos_aquarios_2-2.jpg' alt='' style='' \/><img itemprop='image' class='hover_image' src='' alt='' style='' \/><\/a><\/div><\/div>[vc_empty_space height=\u00bb10px\u00bb][\/vc_column_inner][vc_column_inner el_class=\u00bbsombra-produto\u00bb width=\u00bb1\/5&#8243;][vc_column_text]<\/p>\n<h4 style=\"text-align: center;\">TERRARIOS<\/h4>\n<p>[\/vc_column_text]<div class='image_hover ' style='' data-transition-delay=''><div class='images_holder'><a itemprop='url' href='https:\/\/ciano.pt\/es\/produtos-1\/?tab=terrarios' target='_self'><img itemprop='image' class='' src='https:\/\/ciano.pt\/wp-content\/uploads\/2026\/04\/produtos_terrarios-6.png' alt='' style='' \/><img itemprop='image' class='hover_image' src='' alt='' style='' \/><\/a><\/div><\/div>[vc_empty_space height=\u00bb10px\u00bb][\/vc_column_inner][vc_column_inner el_class=\u00bbsombra-produto\u00bb width=\u00bb1\/5&#8243;][vc_column_text]<\/p>\n<h4 style=\"text-align: center;\">EQUIPOS<\/h4>\n<p>[\/vc_column_text]<div class='image_hover ' style='' data-transition-delay=''><div class='images_holder'><a itemprop='url' href='https:\/\/ciano.pt\/es\/produtos-1\/?tab=equipos' target='_self'><img itemprop='image' class='' src='https:\/\/ciano.pt\/wp-content\/uploads\/2026\/04\/produtos_equipamentos-9.png' alt='' style='' \/><img itemprop='image' class='hover_image' src='' alt='' style='' \/><\/a><\/div><\/div>[vc_empty_space height=\u00bb10px\u00bb][\/vc_column_inner][vc_column_inner el_class=\u00bbsombra-produto\u00bb width=\u00bb1\/5&#8243;][vc_column_text]<\/p>\n<h4 style=\"text-align: center;\">CIANO CARE<\/h4>\n<p>[\/vc_column_text]<div class='image_hover ' style='' data-transition-delay=''><div class='images_holder'><a itemprop='url' href='https:\/\/ciano.pt\/es\/produtos-1\/?tab=ciano-care' target='_self'><img itemprop='image' class='' src='https:\/\/ciano.pt\/wp-content\/uploads\/2026\/04\/produtos_ciano-care-2.png' alt='' style='' \/><img itemprop='image' class='hover_image' src='' alt='' style='' \/><\/a><\/div><\/div>[vc_empty_space height=\u00bb10px\u00bb][\/vc_column_inner][vc_column_inner el_class=\u00bbsombra-produto\u00bb width=\u00bb1\/5&#8243;][vc_column_text]<\/p>\n<h4 style=\"text-align: center;\">MUEBLES<\/h4>\n<p>[\/vc_column_text]<div class='image_hover ' style='' data-transition-delay=''><div class='images_holder'><a itemprop='url' href='https:\/\/ciano.pt\/es\/produtos-1\/?tab=muebles' target='_self'><img itemprop='image' class='' src='https:\/\/ciano.pt\/wp-content\/uploads\/2026\/04\/produtos_moveis-5.png' alt='' style='' \/><img itemprop='image' class='hover_image' src='' alt='' style='' \/><\/a><\/div><\/div>[vc_empty_space height=\u00bb10px\u00bb][\/vc_column_inner][\/vc_row_inner][vc_empty_space height=\u00bb50px\u00bb][vc_empty_space][\/vc_column][\/vc_row][vc_row row_type=\u00bbparallax\u00bb parallax_content_width=\u00bbin_grid\u00bb text_align=\u00bbright\u00bb full_screen_section_height=\u00bbno\u00bb background_image=\u00bb19898&#8243; el_id=\u00bbdesktop\u00bb el_class=\u00bbrow_home_newsletterdesktop\u00bb][vc_column width=\u00bb2\/3&#8243; css=\u00bb.vc_custom_1524268155186{padding-top: 14% !important;}\u00bb offset=\u00bbvc_col-lg-6 vc_col-md-6&#8243;][vc_row_inner row_type=\u00bbrow\u00bb type=\u00bbfull_width\u00bb text_align=\u00bbleft\u00bb css_animation=\u00bb\u00bb][vc_column_inner][vc_column_text]<\/p>\n<h2>App MY CIANO<\/h2>\n<p>[\/vc_column_text][vc_separator type=\u00bbsmall\u00bb position=\u00bbleft\u00bb color=\u00bb#099dd9&#8243; thickness=\u00bb4&#8243; width=\u00bb80&#8243; up=\u00bb10&#8243; down=\u00bb24&#8243;][vc_column_text]<\/p>\n<h4>Gesti\u00f3n simple y en tiempo<br \/>\nreal de sus consumibles.<\/h4>\n<p>[\/vc_column_text][vc_empty_space][\/vc_column_inner][\/vc_row_inner][vc_row_inner row_type=\u00bbrow\u00bb type=\u00bbfull_width\u00bb text_align=\u00bbleft\u00bb css_animation=\u00bb\u00bb css=\u00bb.vc_custom_1523982889820{margin-top: -30px !important;}\u00bb][vc_column_inner width=\u00bb1\/2&#8243;][vc_single_image image=\u00bb51675&#8243; img_size=\u00bbfull\u00bb qode_css_animation=\u00bb\u00bb][\/vc_column_inner][vc_column_inner width=\u00bb1\/2&#8243;][vc_empty_space height=\u00bb50px\u00bb][vc_single_image image=\u00bb19920&#8243; img_size=\u00bb190&#215;62&#8243; onclick=\u00bbcustom_link\u00bb img_link_target=\u00bb_blank\u00bb qode_css_animation=\u00bb\u00bb link=\u00bbhttps:\/\/play.google.com\/store\/apps\/details?id=com.myciano.aquarium2024&#8243;][vc_separator type=\u00bbtransparent\u00bb thickness=\u00bb0&#8243; up=\u00bb0&#8243; down=\u00bb10&#8243;][vc_single_image image=\u00bb19944&#8243; img_size=\u00bb190&#215;62&#8243; onclick=\u00bbcustom_link\u00bb img_link_target=\u00bb_blank\u00bb qode_css_animation=\u00bb\u00bb link=\u00bbhttps:\/\/apps.apple.com\/pt\/app\/my-ciano-2-0\/id6744927766?l=es-ES\u00bb][\/vc_column_inner][\/vc_row_inner][vc_separator type=\u00bbtransparent\u00bb thickness=\u00bb0&#8243; up=\u00bb0&#8243; down=\u00bb35&#8243;][vc_empty_space height=\u00bb60px\u00bb][\/vc_column][vc_column width=\u00bb1\/3&#8243; offset=\u00bbvc_col-lg-6 vc_col-md-6&#8243;][vc_row_inner row_type=\u00bbrow\u00bb type=\u00bbfull_width\u00bb text_align=\u00bbleft\u00bb css_animation=\u00bb\u00bb css=\u00bb.vc_custom_1524268194372{padding-top: 6% !important;}\u00bb][vc_column_inner][vc_single_image image=\u00bb19869&#8243; img_size=\u00bbfull\u00bb alignment=\u00bbright\u00bb qode_css_animation=\u00bb\u00bb css=\u00bb.vc_custom_1519652772691{padding-left: 80px !important;}\u00bb][\/vc_column_inner][\/vc_row_inner][\/vc_column][\/vc_row][vc_row css_animation=\u00bb\u00bb row_type=\u00bbrow\u00bb use_row_as_full_screen_section=\u00bbno\u00bb type=\u00bbfull_width\u00bb angled_section=\u00bbno\u00bb text_align=\u00bbright\u00bb background_image_as_pattern=\u00bbwithout_pattern\u00bb background_image=\u00bb19898&#8243; el_id=\u00bbmobile\u00bb el_class=\u00bbrow_home_newslettermobile\u00bb][vc_column][vc_empty_space height=\u00bb40px\u00bb][vc_row_inner row_type=\u00bbrow\u00bb type=\u00bbfull_width\u00bb text_align=\u00bbcenter\u00bb css_animation=\u00bb\u00bb el_class=\u00bbrowinner_home_appmobile_textcenter\u00bb][vc_column_inner][vc_column_text]<\/p>\n<h2>App MY CIANO<\/h2>\n<p>[\/vc_column_text][vc_separator type=\u00bbsmall\u00bb position=\u00bbcenter\u00bb color=\u00bb#099dd9&#8243; thickness=\u00bb4&#8243; width=\u00bb80&#8243; up=\u00bb10&#8243; down=\u00bb24&#8243;][vc_column_text]<\/p>\n<h4>Gesti\u00f3n simple y en tiempo<br \/>\nreal de sus consumibles.<\/h4>\n<p>[\/vc_column_text][vc_empty_space][\/vc_column_inner][\/vc_row_inner][vc_row_inner row_type=\u00bbrow\u00bb type=\u00bbfull_width\u00bb text_align=\u00bbleft\u00bb css_animation=\u00bb\u00bb][vc_column_inner width=\u00bb1\/2&#8243; offset=\u00bbvc_col-xs-6&#8243;][vc_single_image image=\u00bb51675&#8243; img_size=\u00bbfull\u00bb qode_css_animation=\u00bb\u00bb][\/vc_column_inner][vc_column_inner width=\u00bb1\/2&#8243; offset=\u00bbvc_col-xs-6&#8243;][vc_single_image image=\u00bb19920&#8243; img_size=\u00bb190&#215;62&#8243; onclick=\u00bbcustom_link\u00bb img_link_target=\u00bb_blank\u00bb qode_css_animation=\u00bb\u00bb link=\u00bbhttps:\/\/play.google.com\/store\/apps\/details?id=com.myciano.aquarium2024&#8243;][vc_separator type=\u00bbtransparent\u00bb thickness=\u00bb0&#8243; up=\u00bb0&#8243; down=\u00bb10&#8243;][vc_single_image image=\u00bb19944&#8243; img_size=\u00bb190&#215;62&#8243; onclick=\u00bbcustom_link\u00bb img_link_target=\u00bb_blank\u00bb qode_css_animation=\u00bb\u00bb link=\u00bbhttps:\/\/apps.apple.com\/pt\/app\/my-ciano-2-0\/id6744927766?l=es-ES\u00bb][\/vc_column_inner][\/vc_row_inner][vc_empty_space height=\u00bb12px\u00bb][vc_row_inner row_type=\u00bbrow\u00bb type=\u00bbfull_width\u00bb text_align=\u00bbleft\u00bb css_animation=\u00bb\u00bb][vc_column_inner][vc_single_image image=\u00bb19869&#8243; img_size=\u00bbfull\u00bb alignment=\u00bbright\u00bb qode_css_animation=\u00bb\u00bb css=\u00bb.vc_custom_1524266787669{padding-left: 24px !important;}\u00bb][\/vc_column_inner][\/vc_row_inner][\/vc_column][\/vc_row]<\/p>\n<\/section>","protected":false},"excerpt":{"rendered":"<p>[vc_row css_animation=\u00bb\u00bb row_type=\u00bbrow\u00bb use_row_as_full_screen_section=\u00bbno\u00bb type=\u00bbgrid\u00bb angled_section=\u00bbno\u00bb text_align=\u00bbcenter\u00bb background_image_as_pattern=\u00bbwith_pattern\u00bb][vc_column][vc_empty_space height=\u00bb50px\u00bb][vc_column_text] Produtos [\/vc_column_text][vc_separator type=\u00bbsmall\u00bb position=\u00bbleft\u00bb color=\u00bb#099dd9&#8243; thickness=\u00bb4&#8243; width=\u00bb80&#8243;][vc_row_inner row_type=\u00bbrow\u00bb type=\u00bbfull_width\u00bb text_align=\u00bbleft\u00bb css_animation=\u00bb\u00bb][vc_column_inner el_class=\u00bbsombra-produto\u00bb width=\u00bb1\/5&#8243;][vc_column_text] ACUARIOS [\/vc_column_text][vc_empty_space height=\u00bb10px\u00bb][\/vc_column_inner][vc_column_inner el_class=\u00bbsombra-produto\u00bb width=\u00bb1\/5&#8243;][vc_column_text] TERRARIOS [\/vc_column_text][vc_empty_space height=\u00bb10px\u00bb][\/vc_column_inner][vc_column_inner el_class=\u00bbsombra-produto\u00bb width=\u00bb1\/5&#8243;][vc_column_text] EQUIPOS [\/vc_column_text][vc_empty_space height=\u00bb10px\u00bb][\/vc_column_inner][vc_column_inner el_class=\u00bbsombra-produto\u00bb width=\u00bb1\/5&#8243;][vc_column_text] CIANO CARE [\/vc_column_text][vc_empty_space height=\u00bb10px\u00bb][\/vc_column_inner][vc_column_inner el_class=\u00bbsombra-produto\u00bb width=\u00bb1\/5&#8243;][vc_column_text] MUEBLES [\/vc_column_text][vc_empty_space&#8230;<\/p>\n","protected":false},"author":3,"featured_media":0,"parent":0,"menu_order":0,"comment_status":"closed","ping_status":"closed","template":"full_width.php","meta":{"_seopress_robots_primary_cat":"","_seopress_titles_title":"CIANO AQUARIUM","_seopress_titles_desc":"A CIANO\u00ae oferece-lhe diversas gamas de aqu\u00e1rios, filtra\u00e7\u00e3o, ilumina\u00e7\u00e3o, acess\u00f3rios e decora\u00e7\u00e3o que beneficiam das \u00faltimas inova\u00e7\u00f5es tecnol\u00f3gicas.","_seopress_robots_index":"","footnotes":""},"class_list":["post-15464","page","type-page","status-publish","hentry"],"_links":{"self":[{"href":"https:\/\/ciano.pt\/es\/wp-json\/wp\/v2\/pages\/15464","targetHints":{"allow":["GET"]}}],"collection":[{"href":"https:\/\/ciano.pt\/es\/wp-json\/wp\/v2\/pages"}],"about":[{"href":"https:\/\/ciano.pt\/es\/wp-json\/wp\/v2\/types\/page"}],"author":[{"embeddable":true,"href":"https:\/\/ciano.pt\/es\/wp-json\/wp\/v2\/users\/3"}],"replies":[{"embeddable":true,"href":"https:\/\/ciano.pt\/es\/wp-json\/wp\/v2\/comments?post=15464"}],"version-history":[{"count":34,"href":"https:\/\/ciano.pt\/es\/wp-json\/wp\/v2\/pages\/15464\/revisions"}],"predecessor-version":[{"id":56930,"href":"https:\/\/ciano.pt\/es\/wp-json\/wp\/v2\/pages\/15464\/revisions\/56930"}],"wp:attachment":[{"href":"https:\/\/ciano.pt\/es\/wp-json\/wp\/v2\/media?parent=15464"}],"curies":[{"name":"wp","href":"https:\/\/api.w.org\/{rel}","templated":true}]}}