{"id":18164,"date":"2018-02-20T13:49:25","date_gmt":"2018-02-20T13:49:25","guid":{"rendered":"http:\/\/ciano.pt\/a-empresa-2\/"},"modified":"2021-03-14T17:34:28","modified_gmt":"2021-03-14T17:34:28","slug":"a-empresa-2","status":"publish","type":"page","link":"https:\/\/ciano.pt\/es\/a-empresa-2\/","title":{"rendered":"La Empresa"},"content":{"rendered":"<section class=\"wpb-content-wrapper\"><p>[vc_row css_animation=\u00bb\u00bb row_type=\u00bbrow\u00bb use_row_as_full_screen_section=\u00bbyes\u00bb type=\u00bbfull_width\u00bb angled_section=\u00bbyes\u00bb angled_section_position=\u00bbbottom\u00bb angled_section_direction=\u00bbfrom_right_to_left\u00bb text_align=\u00bbcenter\u00bb background_image_as_pattern=\u00bbwithout_pattern\u00bb background_color=\u00bb#099dd9&#8243;][vc_column][vc_row_inner row_type=\u00bbrow\u00bb type=\u00bbfull_width\u00bb text_align=\u00bbcenter\u00bb css_animation=\u00bb\u00bb css=\u00bb.vc_custom_1615743215747{padding-top: 52px !important;padding-bottom: 32px !important;}\u00bb][vc_column_inner offset=\u00bbvc_col-lg-offset-2 vc_col-lg-8&#8243;][vc_column_text el_class=\u00bbrow_text_white\u00bb css=\u00bb.vc_custom_1615743179946{padding-bottom: 22px !important;}\u00bb]<\/p>\n<h2>Especialista en acuariofilia,<\/h2>\n<p>[\/vc_column_text][vc_column_text el_class=\u00bbrow_text_white\u00bb]<\/p>\n<h4>la empresa CIANO\u00ae le ofrece diversas gamas de acuarios, filtraci\u00f3n, iluminaci\u00f3n, accesorios y decoraci\u00f3n que aportan las \u00faltimas innovaciones tecnol\u00f3gicas y garant\u00edas que solamente una gran marca puede ofrecer.<\/h4>\n<p>[\/vc_column_text][\/vc_column_inner][\/vc_row_inner][\/vc_column][\/vc_row][vc_row row_type=\u00bbparallax\u00bb parallax_content_width=\u00bbin_grid\u00bb text_align=\u00bbleft\u00bb full_screen_section_height=\u00bbyes\u00bb vertically_align_content_in_middle=\u00bbyes\u00bb background_image=\u00bb20037&#8243;][vc_column][vc_row_inner row_type=\u00bbrow\u00bb type=\u00bbgrid\u00bb text_align=\u00bbleft\u00bb css_animation=\u00bb\u00bb][vc_column_inner width=\u00bb7\/12&#8243;][\/vc_column_inner][vc_column_inner width=\u00bb5\/12&#8243; css=\u00bb.vc_custom_1517532940837{padding-top: 21px !important;padding-right: 25px !important;padding-bottom: 21px !important;padding-left: 25px !important;background-color: rgba(255,255,255,0.9) !important;*background-color: rgb(255,255,255) !important;border-radius: 3px !important;}\u00bb][vc_single_image image=\u00bb33373&#8243; img_size=\u00bbfull\u00bb qode_css_animation=\u00bb\u00bb el_class=\u00bbsingle_image_retina\u00bb][vc_column_text el_class=\u00bbtextblock_pmarginbottom sobre_textblock_pweight\u00bb css=\u00bb.vc_custom_1615743205479{padding-top: 12px !important;}\u00bb]El equipo <strong>Ciano\u00ae<\/strong> est\u00e1 dotado con una estructura de producci\u00f3n y Log\u00edstica \u00abLean que cuentan con una larga experiencia\u00bb. La misi\u00f3n Ciano\u00ae establecida es desarrollar una <strong>pasi\u00f3n por el acuario que ofrece soluciones integradas que facilitan el uso y mantenimiento del acuario asegurar un apoyo eficaz a la vida vegetal y pescado con productos de calidad.<br \/>\n<\/strong>En este sentido dispone de la gama de productos <strong>Aqua<\/strong>, <strong>Nexus Pure<span id=\"result_box\" class=\"\" lang=\"es\"><span class=\"\">\u00ae<\/span><\/span><\/strong>, <strong>Emotions\u00ae<\/strong>, <strong>Tartarium\u00ae<\/strong>, <strong>My Aquarium<\/strong>, <strong>CF<span id=\"result_box\" class=\"\" lang=\"es\"><span class=\"\">\u00ae<\/span><\/span><\/strong>, <strong><span id=\"result_box\" class=\"\" lang=\"es\"><span class=\"\">consumibles Ciano\u00ae<\/span><\/span><\/strong> y <strong>CLA<\/strong>.<br \/>\nLa distribuci\u00f3n de la gama Ciano\u00ae se realiza a trav\u00e9s de una red de expertos en acuariofilia, mediante asociaci\u00f3n con distribuidores de reconocido prestigio en los mercados clave. La operativa con estos socios contribuye directamente a una mayor capacidad de respuesta, flexibilidad y experiencia para responder a las necesidades de cada mercado.[\/vc_column_text][\/vc_column_inner][\/vc_row_inner][\/vc_column][\/vc_row]<\/p>\n<\/section>","protected":false},"excerpt":{"rendered":"<p>[vc_row css_animation=\u00bb\u00bb row_type=\u00bbrow\u00bb use_row_as_full_screen_section=\u00bbyes\u00bb type=\u00bbfull_width\u00bb angled_section=\u00bbyes\u00bb angled_section_position=\u00bbbottom\u00bb angled_section_direction=\u00bbfrom_right_to_left\u00bb text_align=\u00bbcenter\u00bb background_image_as_pattern=\u00bbwithout_pattern\u00bb background_color=\u00bb#099dd9&#8243;][vc_column][vc_row_inner row_type=\u00bbrow\u00bb type=\u00bbfull_width\u00bb text_align=\u00bbcenter\u00bb css_animation=\u00bb\u00bb css=\u00bb.vc_custom_1615743215747{padding-top: 52px !important;padding-bottom: 32px !important;}\u00bb][vc_column_inner offset=\u00bbvc_col-lg-offset-2 vc_col-lg-8&#8243;][vc_column_text el_class=\u00bbrow_text_white\u00bb css=\u00bb.vc_custom_1615743179946{padding-bottom: 22px !important;}\u00bb] Especialista en acuariofilia, [\/vc_column_text][vc_column_text el_class=\u00bbrow_text_white\u00bb] la empresa CIANO\u00ae le ofrece diversas gamas de acuarios, filtraci\u00f3n, iluminaci\u00f3n, accesorios y decoraci\u00f3n&#8230;<\/p>\n","protected":false},"author":9499,"featured_media":0,"parent":0,"menu_order":0,"comment_status":"closed","ping_status":"closed","template":"full_width.php","meta":{"_seopress_robots_primary_cat":"","_seopress_titles_title":"","_seopress_titles_desc":"","_seopress_robots_index":"","footnotes":""},"class_list":["post-18164","page","type-page","status-publish","hentry"],"_links":{"self":[{"href":"https:\/\/ciano.pt\/es\/wp-json\/wp\/v2\/pages\/18164","targetHints":{"allow":["GET"]}}],"collection":[{"href":"https:\/\/ciano.pt\/es\/wp-json\/wp\/v2\/pages"}],"about":[{"href":"https:\/\/ciano.pt\/es\/wp-json\/wp\/v2\/types\/page"}],"author":[{"embeddable":true,"href":"https:\/\/ciano.pt\/es\/wp-json\/wp\/v2\/users\/9499"}],"replies":[{"embeddable":true,"href":"https:\/\/ciano.pt\/es\/wp-json\/wp\/v2\/comments?post=18164"}],"version-history":[{"count":0,"href":"https:\/\/ciano.pt\/es\/wp-json\/wp\/v2\/pages\/18164\/revisions"}],"wp:attachment":[{"href":"https:\/\/ciano.pt\/es\/wp-json\/wp\/v2\/media?parent=18164"}],"curies":[{"name":"wp","href":"https:\/\/api.w.org\/{rel}","templated":true}]}}