{"id":33708,"date":"2019-10-24T18:14:16","date_gmt":"2019-10-24T17:14:16","guid":{"rendered":"https:\/\/ciano.pt\/ciano-care\/manutencao-do-aquario\/"},"modified":"2020-03-03T12:09:37","modified_gmt":"2020-03-03T12:09:37","slug":"manutencao-do-aquario","status":"publish","type":"page","link":"https:\/\/ciano.pt\/es\/guia-ciano-care2\/manutencao-do-aquario\/","title":{"rendered":"Mantenimiento del Acuario"},"content":{"rendered":"<section class=\"wpb-content-wrapper\"><p>[vc_row css_animation=\u00bb\u00bb row_type=\u00bbrow\u00bb use_row_as_full_screen_section=\u00bbno\u00bb type=\u00bbgrid\u00bb angled_section=\u00bbno\u00bb text_align=\u00bbleft\u00bb background_image_as_pattern=\u00bbwithout_pattern\u00bb css=\u00bb.vc_custom_1561062273294{margin-top: -50px !important;padding-top: 20px !important;padding-right: 20px !important;padding-bottom: 20px !important;padding-left: 20px !important;border-radius: 5px !important;}\u00bb el_class=\u00bbrow_shadowcolumn\u00bb][vc_column offset=\u00bbvc_col-lg-offset-3 vc_col-lg-6&#8243; css=\u00bb.vc_custom_1581640966048{margin-top: -50px !important;padding-top: 28px !important;padding-right: 33px !important;padding-bottom: 28px !important;padding-left: 33px !important;background-color: #ffffff !important;border-radius: 10px !important;}\u00bb][vc_column_text]<\/p>\n<h4 style=\"text-align: center;\">Mantenga su acuario en excelentes condiciones<\/h4>\n<p>[\/vc_column_text][\/vc_column][\/vc_row][vc_row css_animation=\u00bb\u00bb row_type=\u00bbrow\u00bb use_row_as_full_screen_section=\u00bbno\u00bb type=\u00bbgrid\u00bb angled_section=\u00bbno\u00bb text_align=\u00bbleft\u00bb background_image_as_pattern=\u00bbwithout_pattern\u00bb css=\u00bb.vc_custom_1580491579684{padding-top: 52px !important;padding-bottom: 2px !important;}\u00bb z_index=\u00bb\u00bb][vc_column offset=\u00bbvc_col-lg-offset-2 vc_col-lg-8&#8243;]<div class=\"qode-accordion-holder clearfix qode-accordion qode-initial \">\n\t<h3 class=\"clearfix qode-title-holder\">\n<span class=\"qode-tab-title\">\n\t    <span class=\"qode-tab-title-inner\">\n        Cada 15 d\u00edas    <\/span>\n<\/span>\n<span class=\"qode-accordion-mark\">\n    <span class=\"qode-accordion-mark-icon\">\n        <span class=\"icon_plus\"><\/span>\n        <span class=\"icon_minus-06\"><\/span>\n    <\/span>\n<\/span>\n<\/h3>\n<div  class=\"qode-accordion-content \" >\n    <div class=\"qode-accordion-content-inner\">\n        <script type=\"text\/javascript\">var gform;gform||(document.addEventListener(\"gform_main_scripts_loaded\",function(){gform.scriptsLoaded=!0}),window.addEventListener(\"DOMContentLoaded\",function(){gform.domLoaded=!0}),gform={domLoaded:!1,scriptsLoaded:!1,initializeOnLoaded:function(o){gform.domLoaded&&gform.scriptsLoaded?o():!gform.domLoaded&&gform.scriptsLoaded?window.addEventListener(\"DOMContentLoaded\",o):document.addEventListener(\"gform_main_scripts_loaded\",o)},hooks:{action:{},filter:{}},addAction:function(o,n,r,t){gform.addHook(\"action\",o,n,r,t)},addFilter:function(o,n,r,t){gform.addHook(\"filter\",o,n,r,t)},doAction:function(o){gform.doHook(\"action\",o,arguments)},applyFilters:function(o){return gform.doHook(\"filter\",o,arguments)},removeAction:function(o,n){gform.removeHook(\"action\",o,n)},removeFilter:function(o,n,r){gform.removeHook(\"filter\",o,n,r)},addHook:function(o,n,r,t,i){null==gform.hooks[o][n]&&(gform.hooks[o][n]=[]);var e=gform.hooks[o][n];null==i&&(i=n+\"_\"+e.length),gform.hooks[o][n].push({tag:i,callable:r,priority:t=null==t?10:t})},doHook:function(n,o,r){var t;if(r=Array.prototype.slice.call(r,1),null!=gform.hooks[n][o]&&((o=gform.hooks[n][o]).sort(function(o,n){return o.priority-n.priority}),o.forEach(function(o){\"function\"!=typeof(t=o.callable)&&(t=window[t]),\"action\"==n?t.apply(null,r):r[0]=t.apply(null,r)})),\"filter\"==n)return r[0]},removeHook:function(o,n,t,i){var r;null!=gform.hooks[o][n]&&(r=(r=gform.hooks[o][n]).filter(function(o,n,r){return!!(null!=i&&i!=o.tag||null!=t&&t!=o.priority)}),gform.hooks[o][n]=r)}});<\/script>\n                <div class='gf_browser_gecko gform_wrapper gform_legacy_markup_wrapper gform-theme--no-framework gform_survey_wrapper' data-form-theme='legacy' data-form-index='0' id='gform_wrapper_9' style='display:none'><div id='gf_9' class='gform_anchor' tabindex='-1'><\/div><form method='post' enctype='multipart\/form-data' target='gform_ajax_frame_9' id='gform_9' class='gform_survey' action='\/es\/wp-json\/wp\/v2\/pages\/33708#gf_9' data-formid='9' novalidate> \r\n <input type='hidden' class='gforms-pum' value='{\"closepopup\":false,\"closedelay\":0,\"openpopup\":false,\"openpopup_id\":0}' \/>\n                        <div class='gform-body gform_body'><ul id='gform_fields_9' class='gform_fields top_label form_sublabel_below description_below'><li id=\"field_9_15\" class=\"gfield gfield--type-select field_sublabel_below gfield--no-description field_description_below gfield_visibility_hidden\"  data-js-reload=\"field_9_15\" ><div class='admin-hidden-markup'><i class='gform-icon gform-icon--hidden'><\/i><span>Hidden<\/span><\/div><label class='gfield_label gform-field-label' for='input_9_15'>bot\u00e3o<\/label><div class='ginput_container ginput_container_select'><select name='input_15' id='input_9_15' class='medium gfield_select' tabindex='29'    aria-invalid=\"false\" ><option value='esconder' selected='selected'>esconder<\/option><\/select><\/div><\/li><li id=\"field_9_8\" class=\"gfield gfield--type-html blockhtml_step gfield_html gfield_html_formatted gfield_no_follows_desc field_sublabel_below gfield--no-description field_description_below gfield_visibility_visible\"  data-js-reload=\"field_9_8\" ><h3>1. Inspeccione sus peces <\/h3>\r\nInspeccione detenidamente sus peces (respiraci\u00f3n acelerada, comportamiento anormal, heridas, manchas, etc.), el aspecto visual del agua (turbidez) y la formaci\u00f3n de algas y plantas (par\u00e1sitos).<\/li><li id=\"field_9_4\" class=\"gfield gfield--type-radio gfield--type-choice field_sublabel_below gfield--no-description field_description_below gfield_visibility_visible\"  data-js-reload=\"field_9_4\" ><label class='gfield_label gform-field-label' >\u00bfHa detectado alguna anomal\u00eda?<\/label><div class='ginput_container ginput_container_radio'><ul class='gfield_radio' id='input_9_4'>\n\t\t\t<li class='gchoice gchoice_9_4_0'>\n\t\t\t\t<input name='input_4' type='radio' value='Sim'  id='choice_9_4_0' tabindex='30'   \/>\n\t\t\t\t<label for='choice_9_4_0' id='label_9_4_0' class='gform-field-label gform-field-label--type-inline'>S\u00ed<\/label>\n\t\t\t<\/li>\n\t\t\t<li class='gchoice gchoice_9_4_1'>\n\t\t\t\t<input name='input_4' type='radio' value='N\u00e3o'  id='choice_9_4_1' tabindex='31'   \/>\n\t\t\t\t<label for='choice_9_4_1' id='label_9_4_1' class='gform-field-label gform-field-label--type-inline'>No<\/label>\n\t\t\t<\/li><\/ul><\/div><\/li><li id=\"field_9_5\" class=\"gfield gfield--type-html blockhtml_step_warning gfield_html gfield_html_formatted gfield_no_follows_desc field_sublabel_below gfield--no-description field_description_below gfield_visibility_visible\"  data-js-reload=\"field_9_5\" ><h3>Tratamiento Curativo<\/h3>\r\nSiga las instrucciones indicadas en TRATAMIENTO CURATIVO, tratamiento de plantas o peces.\r\n\r\n<a href=\"https:\/\/ciano.pt\/es\/ciano-care\/tratamento-curativo\/\" target=\"_blank\">Tratamiento Curativo \u00bb<\/a> <\/li><li id=\"field_9_3\" class=\"gfield gfield--type-html blockhtml_step gfield_html gfield_html_formatted gfield_no_follows_desc field_sublabel_below gfield--no-description field_description_below gfield_visibility_visible\"  data-js-reload=\"field_9_3\" ><h3>2. A\u00f1ada Fish Protection y Plants Protection<\/h3> \r\nA\u00f1ada FISH PROTECTION y PLANTS PROTECTION (para un acuario con plantas). (Si no utiliza Dosificadores FISH PROTECTION o PLANTS PROTECTION).<\/li><li id=\"field_9_9\" class=\"gfield gfield--type-html blockhtml_step gfield_html gfield_html_formatted gfield_no_follows_desc field_sublabel_below gfield--no-description field_description_below gfield_visibility_visible\"  data-js-reload=\"field_9_9\" ><h3>3. Use Water Test Strips<\/h3>\r\nCompruebe los par\u00e1metros del agua con WATER TEST STRIPS<\/li><li id=\"field_9_10\" class=\"gfield gfield--type-radio gfield--type-choice field_sublabel_below gfield--no-description field_description_below gfield_visibility_visible\"  data-js-reload=\"field_9_10\" ><label class='gfield_label gform-field-label' >\u00bfLos resultados est\u00e1n dentro de los valores de referencia?<\/label><div class='ginput_container ginput_container_radio'><ul class='gfield_radio' id='input_9_10'>\n\t\t\t<li class='gchoice gchoice_9_10_0'>\n\t\t\t\t<input name='input_10' type='radio' value='Sim'  id='choice_9_10_0' tabindex='32'   \/>\n\t\t\t\t<label for='choice_9_10_0' id='label_9_10_0' class='gform-field-label gform-field-label--type-inline'>S\u00ed<\/label>\n\t\t\t<\/li>\n\t\t\t<li class='gchoice gchoice_9_10_1'>\n\t\t\t\t<input name='input_10' type='radio' value='N\u00e3o'  id='choice_9_10_1' tabindex='33'   \/>\n\t\t\t\t<label for='choice_9_10_1' id='label_9_10_1' class='gform-field-label gform-field-label--type-inline'>No<\/label>\n\t\t\t<\/li><\/ul><\/div><\/li><li id=\"field_9_12\" class=\"gfield gfield--type-html blockhtml_step_warning gfield_html gfield_html_formatted gfield_no_follows_desc field_sublabel_below gfield--no-description field_description_below gfield_visibility_visible\"  data-js-reload=\"field_9_12\" ><h3>Tratamiento Curativo<\/h3> \r\n\u00a1Siga las instrucciones indicadas en TRATAMIENTO CURATIVO, tratamiento de agua!\r\n<br> \r\n<a href=\"https:\/\/ciano.pt\/es\/ciano-care\/tratamento-curativo\/\" target=\"_blank\">Tratamiento Curativo \u00bb<\/a> <\/li><li id=\"field_9_14\" class=\"gfield gfield--type-html blockhtml_step gfield_html gfield_html_formatted gfield_no_follows_desc field_sublabel_below gfield--no-description field_description_below gfield_visibility_visible\"  data-js-reload=\"field_9_14\" > <h3>4. A\u00f1ada WATER BIO-BACT<\/h3>\r\n\u00a1El acuario est\u00e1 en buenas condiciones! Termine a\u00f1adiendo WATER BIO-BACT<\/li><li id=\"field_9_16\" class=\"gfield gfield--type-honeypot gform_validation_container field_sublabel_below gfield--has-description field_description_below gfield_visibility_visible\"  data-js-reload=\"field_9_16\" ><label class='gfield_label gform-field-label' for='input_9_16'>Comments<\/label><div class='ginput_container'><input name='input_16' id='input_9_16' type='text' value='' autocomplete='new-password'\/><\/div><div class='gfield_description' id='gfield_description_9_16'>Este campo es un campo de validaci\u00f3n y debe quedar sin cambios.<\/div><\/li><\/ul><\/div>\n        <div class='gform_footer top_label'> <input type='submit' id='gform_submit_button_9' class='gform_button button' value='Enviar' tabindex='34' onclick='if(window[\"gf_submitting_9\"]){return false;}  if( !jQuery(\"#gform_9\")[0].checkValidity || jQuery(\"#gform_9\")[0].checkValidity()){window[\"gf_submitting_9\"]=true;}  ' onkeypress='if( event.keyCode == 13 ){ if(window[\"gf_submitting_9\"]){return false;} if( !jQuery(\"#gform_9\")[0].checkValidity || jQuery(\"#gform_9\")[0].checkValidity()){window[\"gf_submitting_9\"]=true;}  jQuery(\"#gform_9\").trigger(\"submit\",[true]); }' \/> <input type='hidden' name='gform_ajax' value='form_id=9&amp;title=&amp;description=&amp;tabindex=29&amp;theme=data-form-theme=&#039;legacy&#039;' \/>\n            <input type='hidden' class='gform_hidden' name='is_submit_9' value='1' \/>\n            <input type='hidden' class='gform_hidden' name='gform_submit' value='9' \/>\n            \n            <input type='hidden' class='gform_hidden' name='gform_unique_id' value='' \/>\n            <input type='hidden' class='gform_hidden' name='state_9' value='WyJbXSIsImJjOGQ5NjlkOTRiNDAxYTljNDIxOTkzZDc4MzBmODNlIl0=' \/>\n            <input type='hidden' class='gform_hidden' name='gform_target_page_number_9' id='gform_target_page_number_9' value='0' \/>\n            <input type='hidden' class='gform_hidden' name='gform_source_page_number_9' id='gform_source_page_number_9' value='1' \/>\n            <input type='hidden' name='gform_field_values' value='' \/>\n            \n        <\/div>\n                        <\/form>\n                        <\/div>\n\t\t                <iframe style='display:none;width:0px;height:0px;' src='about:blank' name='gform_ajax_frame_9' id='gform_ajax_frame_9' title='Este iframe contiene la l\u00f3gica necesaria para gestionar formularios con ajax activado.'><\/iframe>\n\t\t                <script type=\"text\/javascript\">\n\/* <![CDATA[ *\/\n gform.initializeOnLoaded( function() {gformInitSpinner( 9, 'https:\/\/ciano.pt\/wp-content\/plugins\/gravityforms\/images\/spinner.svg', true );jQuery('#gform_ajax_frame_9').on('load',function(){var contents = jQuery(this).contents().find('*').html();var is_postback = contents.indexOf('GF_AJAX_POSTBACK') >= 0;if(!is_postback){return;}var form_content = jQuery(this).contents().find('#gform_wrapper_9');var is_confirmation = jQuery(this).contents().find('#gform_confirmation_wrapper_9').length > 0;var is_redirect = contents.indexOf('gformRedirect(){') >= 0;var is_form = form_content.length > 0 && ! is_redirect && ! is_confirmation;var mt = parseInt(jQuery('html').css('margin-top'), 10) + parseInt(jQuery('body').css('margin-top'), 10) + 100;if(is_form){jQuery('#gform_wrapper_9').html(form_content.html());if(form_content.hasClass('gform_validation_error')){jQuery('#gform_wrapper_9').addClass('gform_validation_error');} else {jQuery('#gform_wrapper_9').removeClass('gform_validation_error');}setTimeout( function() { \/* delay the scroll by 50 milliseconds to fix a bug in chrome *\/ jQuery(document).scrollTop(jQuery('#gform_wrapper_9').offset().top - mt); }, 50 );if(window['gformInitDatepicker']) {gformInitDatepicker();}if(window['gformInitPriceFields']) {gformInitPriceFields();}var current_page = jQuery('#gform_source_page_number_9').val();gformInitSpinner( 9, 'https:\/\/ciano.pt\/wp-content\/plugins\/gravityforms\/images\/spinner.svg', true );jQuery(document).trigger('gform_page_loaded', [9, current_page]);window['gf_submitting_9'] = false;}else if(!is_redirect){var confirmation_content = jQuery(this).contents().find('.GF_AJAX_POSTBACK').html();if(!confirmation_content){confirmation_content = contents;}setTimeout(function(){jQuery('#gform_wrapper_9').replaceWith(confirmation_content);jQuery(document).scrollTop(jQuery('#gf_9').offset().top - mt);jQuery(document).trigger('gform_confirmation_loaded', [9]);window['gf_submitting_9'] = false;wp.a11y.speak(jQuery('#gform_confirmation_message_9').text());}, 50);}else{jQuery('#gform_9').append(contents);if(window['gformRedirect']) {gformRedirect();}}jQuery(document).trigger('gform_post_render', [9, current_page]);gform.utils.trigger({ event: 'gform\/postRender', native: false, data: { formId: 9, currentPage: current_page } });} );} ); \n\/* ]]> *\/\n<\/script>\n    <\/div>\n<\/div><h3 class=\"clearfix qode-title-holder\">\n<span class=\"qode-tab-title\">\n\t    <span class=\"qode-tab-title-inner\">\n        Cada 30 d\u00edas    <\/span>\n<\/span>\n<span class=\"qode-accordion-mark\">\n    <span class=\"qode-accordion-mark-icon\">\n        <span class=\"icon_plus\"><\/span>\n        <span class=\"icon_minus-06\"><\/span>\n    <\/span>\n<\/span>\n<\/h3>\n<div  class=\"qode-accordion-content \" >\n    <div class=\"qode-accordion-content-inner\">\n        [vc_column_text el_class=\u00bbblockhtml_step\u00bb]<\/p>\n<h3>1. A\u00f1ada Water Conditioner<\/h3>\n<p>Realice un cambio parcial de agua del 25 %. A\u00f1ada WATER CONDITIONER[\/vc_column_text][vc_column_text el_class=\u00bbblockhtml_step\u00bb]<\/p>\n<h3>2. Limpie la Water Foam.<\/h3>\n<p>Limpie la WATER FOAM y todo lo que considere necesario.[\/vc_column_text][vc_column_text el_class=\u00bbblockhtml_step\u00bb]<\/p>\n<h3>3. Sustituya el Water Clear &amp; Protection<\/h3>\n<p>Sustituya el cartucho WATER CLEAR &amp; PROTECTION, si no utiliza a\u00f1ada WATER CLEAR &amp; PROTECTION l\u00edquido.[\/vc_column_text][vc_column_text el_class=\u00bbbluelink\u00bb]<\/p>\n<h6>\u2022 Para su comodidad, instale la aplicaci\u00f3n My Ciano para la gesti\u00f3n de sus consumibles. <a href=\"https:\/\/apps.apple.com\/pt\/app\/my-ciano\/id974615272\" target=\"_blank\" rel=\"noopener noreferrer\">App Store<\/a> | <a href=\"https:\/\/play.google.com\/store\/apps\/details?id=pt.appylab.myciano\" target=\"_blank\" rel=\"noopener noreferrer\">Google Play<\/a>.<\/h6>\n<p>[\/vc_column_text]    <\/div>\n<\/div><h3 class=\"clearfix qode-title-holder\">\n<span class=\"qode-tab-title\">\n\t    <span class=\"qode-tab-title-inner\">\n        Cada 60 d\u00edas    <\/span>\n<\/span>\n<span class=\"qode-accordion-mark\">\n    <span class=\"qode-accordion-mark-icon\">\n        <span class=\"icon_plus\"><\/span>\n        <span class=\"icon_minus-06\"><\/span>\n    <\/span>\n<\/span>\n<\/h3>\n<div  class=\"qode-accordion-content \" >\n    <div class=\"qode-accordion-content-inner\">\n        [vc_column_text el_class=\u00bbblockhtml_step\u00bb]<\/p>\n<h3>1.Sustituya el Fish Protection y el Plants Protection<\/h3>\n<p>Sustituya el dosificador PLANTS PROTECTION y el FISH PROTECTION (para un acuario con plantas).[\/vc_column_text]    <\/div>\n<\/div><h3 class=\"clearfix qode-title-holder\">\n<span class=\"qode-tab-title\">\n\t    <span class=\"qode-tab-title-inner\">\n        Cada 90 d\u00edas    <\/span>\n<\/span>\n<span class=\"qode-accordion-mark\">\n    <span class=\"qode-accordion-mark-icon\">\n        <span class=\"icon_plus\"><\/span>\n        <span class=\"icon_minus-06\"><\/span>\n    <\/span>\n<\/span>\n<\/h3>\n<div  class=\"qode-accordion-content \" >\n    <div class=\"qode-accordion-content-inner\">\n        [vc_column_text el_class=\u00bbblockhtml_step\u00bb]<\/p>\n<h3>1. Sustituya la esponja <span style=\"text-decoration: underline;\">Water Foam<\/span><\/h3>\n<p>[\/vc_column_text][vc_column_text el_class=\u00bbblockhtml_step\u00bb]<\/p>\n<h3>2. Sustituya el <span style=\"text-decoration: underline;\">Water Bio-bact pack 3 meses<\/span>.<\/h3>\n<p>[\/vc_column_text]    <\/div>\n<\/div><h3 class=\"clearfix qode-title-holder\">\n<span class=\"qode-tab-title\">\n\t    <span class=\"qode-tab-title-inner\">\n        Cada 140 d\u00edas    <\/span>\n<\/span>\n<span class=\"qode-accordion-mark\">\n    <span class=\"qode-accordion-mark-icon\">\n        <span class=\"icon_plus\"><\/span>\n        <span class=\"icon_minus-06\"><\/span>\n    <\/span>\n<\/span>\n<\/h3>\n<div  class=\"qode-accordion-content \" >\n    <div class=\"qode-accordion-content-inner\">\n        [vc_column_text el_class=\u00bbblockhtml_step\u00bb]<\/p>\n<h3>1. Sustituya el cartucho <span style=\"text-decoration: underline;\">Water Bio-Bact<\/span><\/h3>\n<p>[\/vc_column_text][vc_column_text el_class=\u00bbblockhtml_step\u00bb]<\/p>\n<h3>2. <span class=\"tlid-translation translation\" lang=\"es\"><span class=\"\" title=\"\">No reemplazar<\/span><\/span> el <span style=\"text-decoration: underline;\">Water Bio-bact pack 3 meses<\/span>.<\/h3>\n<p>[\/vc_column_text]    <\/div>\n<\/div><\/div>[\/vc_column][\/vc_row][vc_row css_animation=\u00bb\u00bb row_type=\u00bbrow\u00bb use_row_as_full_screen_section=\u00bbno\u00bb type=\u00bbgrid\u00bb angled_section=\u00bbno\u00bb text_align=\u00bbleft\u00bb background_image_as_pattern=\u00bbwithout_pattern\u00bb css=\u00bb.vc_custom_1581639327705{padding-top: 57px !important;padding-bottom: 112px !important;}\u00bb z_index=\u00bb\u00bb el_class=\u00bbrow_cianocare\u00bb][vc_column offset=\u00bbvc_col-lg-offset-1 vc_col-lg-10&#8243; css=\u00bb.vc_custom_1581640487609{border-top-width: 2px !important;padding-top: 62px !important;border-top-color: #f1f1f1 !important;border-top-style: solid !important;}\u00bb][qode_elements_holder number_of_columns=\u00bbthree_columns\u00bb][qode_elements_holder_item advanced_animations=\u00bbno\u00bb][vc_single_image image=\u00bb33539&#8243; img_size=\u00bbfull\u00bb alignment=\u00bbcenter\u00bb onclick=\u00bbcustom_link\u00bb qode_css_animation=\u00bb\u00bb link=\u00bbhttps:\/\/ciano.pt\/es\/ciano-care\/instalacao-do-aquario\/\u00bb][vc_column_text css=\u00bb.vc_custom_1582292985730{padding-top: 12px !important;}\u00bb]<\/p>\n<h3 style=\"text-align: center;\"><a href=\"https:\/\/ciano.pt\/es\/ciano-care\/instalacao-do-aquario\/\">Instalaci\u00f3n del Acuario<\/a><\/h3>\n<p>[\/vc_column_text][\/qode_elements_holder_item][qode_elements_holder_item vertical_alignment=\u00bbtop\u00bb advanced_animations=\u00bbno\u00bb item_padding_600_768=\u00bb0 0 52px 0&#8243; item_padding_480_600=\u00bb0 0 52px 0&#8243; item_padding_480=\u00bb0 0 52px 0&#8243;][vc_single_image image=\u00bb33545&#8243; img_size=\u00bbfull\u00bb alignment=\u00bbcenter\u00bb onclick=\u00bbcustom_link\u00bb qode_css_animation=\u00bb\u00bb link=\u00bbhttps:\/\/ciano.pt\/es\/ciano-care\/manutencao-do-aquario\/\u00bb][vc_column_text css=\u00bb.vc_custom_1582293024121{padding-top: 12px !important;}\u00bb]<\/p>\n<h3 style=\"text-align: center;\"><a href=\"https:\/\/ciano.pt\/es\/ciano-care\/manutencao-do-aquario\/\">Mantenimiento del Acuario<\/a><\/h3>\n<p>[\/vc_column_text][\/qode_elements_holder_item][qode_elements_holder_item vertical_alignment=\u00bbtop\u00bb advanced_animations=\u00bbno\u00bb][vc_single_image image=\u00bb33551&#8243; img_size=\u00bbfull\u00bb alignment=\u00bbcenter\u00bb onclick=\u00bbcustom_link\u00bb qode_css_animation=\u00bb\u00bb link=\u00bbhttps:\/\/ciano.pt\/es\/ciano-care\/tratamento-curativo\/\u00bb][vc_column_text css=\u00bb.vc_custom_1582293104439{padding-top: 12px !important;}\u00bb]<\/p>\n<h3 style=\"text-align: center;\"><a href=\"https:\/\/ciano.pt\/es\/ciano-care\/tratamento-curativo\/\">Tratamiento Curativo<\/a><\/h3>\n<p>[\/vc_column_text][\/qode_elements_holder_item][\/qode_elements_holder][\/vc_column][\/vc_row][vc_row css_animation=\u00bb\u00bb row_type=\u00bbrow\u00bb use_row_as_full_screen_section=\u00bbno\u00bb type=\u00bbgrid\u00bb angled_section=\u00bbno\u00bb text_align=\u00bbcenter\u00bb background_image_as_pattern=\u00bbwithout_pattern\u00bb el_class=\u00bbrow_shadowcolumn\u00bb css=\u00bb.vc_custom_1583160638144{padding-top: 20px !important;padding-right: 20px !important;padding-bottom: 20px !important;padding-left: 20px !important;border-radius: 5px !important;}\u00bb z_index=\u00bb\u00bb][vc_column css=\u00bb.vc_custom_1583160964646{margin-top: -60px !important;padding-top: 22px !important;padding-right: 33px !important;padding-bottom: 22px !important;padding-left: 33px !important;border-radius: 10px !important;}\u00bb offset=\u00bbvc_col-lg-offset-3 vc_col-lg-6&#8243;][vc_empty_space height=\u00bb18 px\u00bb][vc_column_text]<\/p>\n<h2>Download<\/h2>\n<p>[\/vc_column_text][vc_column_text]<\/p>\n<h4><a href=\"https:\/\/ciano.pt\/download\/33654\/\" target=\"_blank\" rel=\"noopener noreferrer\">EN<\/a> | <a href=\"https:\/\/ciano.pt\/download\/33657\/\" target=\"_blank\" rel=\"noopener noreferrer\">FR<\/a> | <a href=\"https:\/\/ciano.pt\/download\/33679\/\" target=\"_blank\" rel=\"noopener noreferrer\">DE<\/a> | <a href=\"https:\/\/ciano.pt\/download\/33681\/\" target=\"_blank\" rel=\"noopener noreferrer\">NL<\/a> | <a href=\"https:\/\/ciano.pt\/download\/33596\/\" target=\"_blank\" rel=\"noopener noreferrer\">PT<\/a> | <a href=\"https:\/\/ciano.pt\/download\/33685\/\" target=\"_blank\" rel=\"noopener noreferrer\">IT<\/a> | <a href=\"https:\/\/ciano.pt\/download\/33660\/\" target=\"_blank\" rel=\"noopener noreferrer\">ES<\/a> | <a href=\"https:\/\/ciano.pt\/download\/33683\/\" target=\"_blank\" rel=\"noopener noreferrer\">SE<\/a><\/h4>\n<p>[\/vc_column_text][\/vc_column][\/vc_row]<\/p>\n<\/section>","protected":false},"excerpt":{"rendered":"<p>[vc_row css_animation=\u00bb\u00bb row_type=\u00bbrow\u00bb use_row_as_full_screen_section=\u00bbno\u00bb type=\u00bbgrid\u00bb angled_section=\u00bbno\u00bb text_align=\u00bbleft\u00bb background_image_as_pattern=\u00bbwithout_pattern\u00bb css=\u00bb.vc_custom_1561062273294{margin-top: -50px !important;padding-top: 20px !important;padding-right: 20px !important;padding-bottom: 20px !important;padding-left: 20px !important;border-radius: 5px !important;}\u00bb el_class=\u00bbrow_shadowcolumn\u00bb][vc_column offset=\u00bbvc_col-lg-offset-3 vc_col-lg-6&#8243; css=\u00bb.vc_custom_1581640966048{margin-top: -50px !important;padding-top: 28px !important;padding-right: 33px !important;padding-bottom: 28px !important;padding-left: 33px !important;background-color: #ffffff !important;border-radius: 10px !important;}\u00bb][vc_column_text] Mantenga su acuario en excelentes condiciones&#8230;<\/p>\n","protected":false},"author":3,"featured_media":0,"parent":33691,"menu_order":0,"comment_status":"closed","ping_status":"closed","template":"page-guias.php","meta":{"_seopress_robots_primary_cat":"","_seopress_titles_title":"","_seopress_titles_desc":"","_seopress_robots_index":"yes","footnotes":""},"class_list":["post-33708","page","type-page","status-publish","hentry"],"_links":{"self":[{"href":"https:\/\/ciano.pt\/es\/wp-json\/wp\/v2\/pages\/33708","targetHints":{"allow":["GET"]}}],"collection":[{"href":"https:\/\/ciano.pt\/es\/wp-json\/wp\/v2\/pages"}],"about":[{"href":"https:\/\/ciano.pt\/es\/wp-json\/wp\/v2\/types\/page"}],"author":[{"embeddable":true,"href":"https:\/\/ciano.pt\/es\/wp-json\/wp\/v2\/users\/3"}],"replies":[{"embeddable":true,"href":"https:\/\/ciano.pt\/es\/wp-json\/wp\/v2\/comments?post=33708"}],"version-history":[{"count":0,"href":"https:\/\/ciano.pt\/es\/wp-json\/wp\/v2\/pages\/33708\/revisions"}],"up":[{"embeddable":true,"href":"https:\/\/ciano.pt\/es\/wp-json\/wp\/v2\/pages\/33691"}],"wp:attachment":[{"href":"https:\/\/ciano.pt\/es\/wp-json\/wp\/v2\/media?parent=33708"}],"curies":[{"name":"wp","href":"https:\/\/api.w.org\/{rel}","templated":true}]}}