{"id":51544,"date":"2025-02-01T12:46:31","date_gmt":"2025-02-01T12:46:31","guid":{"rendered":"https:\/\/ciano.pt\/cianogreen\/"},"modified":"2025-05-15T14:59:54","modified_gmt":"2025-05-15T13:59:54","slug":"cianogreen","status":"publish","type":"page","link":"https:\/\/ciano.pt\/es\/cianogreen\/","title":{"rendered":"Ciano Green"},"content":{"rendered":"<section class=\"wpb-content-wrapper\"><p>[vc_row css_animation=\u00bb\u00bb row_type=\u00bbrow\u00bb use_row_as_full_screen_section=\u00bbyes\u00bb type=\u00bbgrid\u00bb angled_section=\u00bbno\u00bb text_align=\u00bbleft\u00bb background_image_as_pattern=\u00bbwithout_pattern\u00bb z_index=\u00bb\u00bb css=\u00bb.vc_custom_1738424512423{background-image: url(https:\/\/ciano.pt\/wp-content\/uploads\/2025\/02\/cianogreen_hero.webp?id=51102) !important;background-position: center !important;background-repeat: no-repeat !important;background-size: cover !important;}\u00bb][vc_column][qode_elements_holder number_of_columns=\u00bbtwo_columns\u00bb switch_to_one_column=\u00bb768&#8243; alignment_one_column=\u00bbcenter\u00bb][qode_elements_holder_item advanced_animations=\u00bbno\u00bb item_padding=\u00bb22px 10% 52px 0&#8243; item_padding_600_768=\u00bb0px 0 32px 0&#8243; item_padding_480_600=\u00bb0px 0 32px 0&#8243; item_padding_480=\u00bb0px 0 32px 0&#8243; custom_class=\u00bbmobile_first\u00bb][vc_single_image image=\u00bb51113&#8243; img_size=\u00bbfull\u00bb onclick=\u00bbcustom_link\u00bb qode_css_animation=\u00bb\u00bb el_class=\u00bbn_img_greenlogo\u00bb link=\u00bbhttps:\/\/ciano.pt\u00bb][vc_empty_space][vc_column_text el_class=\u00bbn_white\u00bb]<\/p>\n<h2 style=\"color: white;\"><strong>\u00a1Grandes cambios, por la sostenibilidad!<\/strong><\/h2>\n<h4>En CIANO GREEN, creemos que cada acuario puede ser un microcosmos de cambio positivo. Trabajamos incansablemente para desarrollar productos innovadores que combinan sostenibilidad, preservaci\u00f3n de la biodiversidad y educaci\u00f3n ambiental, promoviendo elecciones conscientes para un futuro mejor. \u00danete a nosotros y transforma peque\u00f1as acciones en grandes cambios.<\/h4>\n<p>[\/vc_column_text][\/qode_elements_holder_item][qode_elements_holder_item advanced_animations=\u00bbno\u00bb item_padding=\u00bb72px 0 52px 0&#8243; item_padding_600_768=\u00bb0 0 42px 0&#8243; item_padding_480_600=\u00bb0 0 42px 0&#8243; item_padding_480=\u00bb0 0 42px 0&#8243;][vc_single_image image=\u00bb51119&#8243; img_size=\u00bbfull\u00bb alignment=\u00bbcenter\u00bb qode_css_animation=\u00bb\u00bb el_class=\u00bbn_img_hero\u00bb][\/qode_elements_holder_item][\/qode_elements_holder][\/vc_column][\/vc_row][vc_row css_animation=\u00bb\u00bb row_type=\u00bbrow\u00bb use_row_as_full_screen_section=\u00bbno\u00bb type=\u00bbgrid\u00bb angled_section=\u00bbno\u00bb text_align=\u00bbcenter\u00bb background_image_as_pattern=\u00bbwithout_pattern\u00bb z_index=\u00bb\u00bb css=\u00bb.vc_custom_1738424643290{padding-top: 52px !important;padding-bottom: 52px !important;}\u00bb el_class=\u00bbn_row_shadow n_green\u00bb][vc_column width=\u00bb1\/4&#8243;][vc_single_image image=\u00bb51126&#8243; img_size=\u00bbfull\u00bb alignment=\u00bbcenter\u00bb qode_css_animation=\u00bb\u00bb el_class=\u00bbn_icons\u00bb][vc_column_text]<\/p>\n<h3 style=\"text-align: center;\"><strong>RESIDUOS CERO<\/strong><\/h3>\n<p>[\/vc_column_text][vc_column_text]Hemos implementado una pol\u00edtica de residuos cero, reciclando el 100% de nuestros residuos, reutilizando el agua y proporcionando formaci\u00f3n continua a nuestros empleados para garantizar la eficiencia.[\/vc_column_text][\/vc_column][vc_column width=\u00bb1\/4&#8243;][vc_single_image image=\u00bb51132&#8243; img_size=\u00bbfull\u00bb alignment=\u00bbcenter\u00bb qode_css_animation=\u00bb\u00bb el_class=\u00bbn_icons\u00bb][vc_column_text]<\/p>\n<h3 style=\"text-align: center;\"><strong>TINTAS<\/strong><\/h3>\n<p>[\/vc_column_text][vc_column_text]Tintas al agua: Utilizamos tintas a base de agua, menos perjudiciales para el medio ambiente.[\/vc_column_text][\/vc_column][vc_column width=\u00bb1\/4&#8243;][vc_single_image image=\u00bb51138&#8243; img_size=\u00bbfull\u00bb alignment=\u00bbcenter\u00bb qode_css_animation=\u00bb\u00bb el_class=\u00bbn_icons\u00bb][vc_column_text]<\/p>\n<h3 style=\"text-align: center;\"><strong>CART\u00d3N<\/strong><\/h3>\n<p>[\/vc_column_text][vc_column_text]Embalajes con cart\u00f3n reciclado: Nuestros embalajes est\u00e1n hechos de cart\u00f3n reciclado, contribuyendo a la econom\u00eda circular.[\/vc_column_text][\/vc_column][vc_column width=\u00bb1\/4&#8243;][vc_single_image image=\u00bb51144&#8243; img_size=\u00bbfull\u00bb alignment=\u00bbcenter\u00bb qode_css_animation=\u00bb\u00bb el_class=\u00bbn_icons\u00bb][vc_column_text]<\/p>\n<h3 style=\"text-align: center;\"><strong>PL\u00c1STICO<\/strong><\/h3>\n<p>[\/vc_column_text][vc_column_text]Fabricado con pl\u00e1stico reciclado: Usamos pl\u00e1stico reciclado en nuestros productos para reducir el impacto ambiental.[\/vc_column_text][\/vc_column][\/vc_row][vc_row css_animation=\u00bb\u00bb row_type=\u00bbrow\u00bb use_row_as_full_screen_section=\u00bbno\u00bb type=\u00bbgrid\u00bb angled_section=\u00bbno\u00bb text_align=\u00bbleft\u00bb background_image_as_pattern=\u00bbwithout_pattern\u00bb z_index=\u00bb\u00bb el_class=\u00bbn_row_shadow n_green\u00bb background_color=\u00bb#f5f5f5&#8243;][vc_column css=\u00bb.vc_custom_1746637128110{padding-bottom: 10px !important;}\u00bb][vc_column_text css=\u00bb.vc_custom_1747143979644{padding-top: 20px !important;padding-bottom: 10px !important;}\u00bb]<\/p>\n<h2 style=\"text-align: center;\"><strong>Nuestra visi\u00f3n<\/strong><\/h2>\n<p>[\/vc_column_text][\/vc_column][\/vc_row][vc_row css_animation=\u00bb\u00bb row_type=\u00bbrow\u00bb use_row_as_full_screen_section=\u00bbno\u00bb type=\u00bbgrid\u00bb angled_section=\u00bbno\u00bb text_align=\u00bbcenter\u00bb background_image_as_pattern=\u00bbwithout_pattern\u00bb z_index=\u00bb\u00bb css=\u00bb.vc_custom_1746702502181{padding-bottom: 52px !important;}\u00bb el_class=\u00bbn_row_shadow n_green\u00bb background_color=\u00bb#f5f5f5&#8243;][vc_column][vc_column_text]Queremos ser l\u00edderes en la revoluci\u00f3n verde dentro de la industria de la acuariofilia, inspirando elecciones que protejan el planeta y a las generaciones futuras. Nuestra ambici\u00f3n es convertir cada acuario en una fuente de inspiraci\u00f3n sostenible, combinando innovaci\u00f3n, calidad y respeto por el medio ambiente.[\/vc_column_text][\/vc_column][\/vc_row][vc_row css_animation=\u00bb\u00bb row_type=\u00bbrow\u00bb use_row_as_full_screen_section=\u00bbno\u00bb type=\u00bbgrid\u00bb angled_section=\u00bbno\u00bb text_align=\u00bbleft\u00bb background_image_as_pattern=\u00bbwithout_pattern\u00bb z_index=\u00bb\u00bb el_class=\u00bbn_row_shadow n_green\u00bb][vc_column css=\u00bb.vc_custom_1746702659282{padding-top: 10px !important;padding-bottom: 10px !important;}\u00bb][vc_column_text css=\u00bb.vc_custom_1747144008251{padding-top: 20px !important;padding-bottom: 10px !important;}\u00bb]<\/p>\n<h2 style=\"text-align: center;\"><strong>Nuestros principios<\/strong><\/h2>\n<p>[\/vc_column_text][\/vc_column][\/vc_row][vc_row css_animation=\u00bb\u00bb row_type=\u00bbrow\u00bb use_row_as_full_screen_section=\u00bbno\u00bb type=\u00bbgrid\u00bb angled_section=\u00bbno\u00bb text_align=\u00bbcenter\u00bb background_image_as_pattern=\u00bbwithout_pattern\u00bb z_index=\u00bb\u00bb css=\u00bb.vc_custom_1746707788662{padding-bottom: 10px !important;}\u00bb background_color=\u00bb#ffffff\u00bb el_class=\u00bbn_row_shadow n_green\u00bb][vc_column width=\u00bb1\/5&#8243;][vc_column_text]<\/p>\n<h3 style=\"text-align: center;\"><strong>Sostenibilidad Integral<\/strong><\/h3>\n<p>[\/vc_column_text][vc_column_text]Desarrollamos productos utilizando materiales reciclables y procesos ecol\u00f3gicos que minimizan el impacto ambiental.[\/vc_column_text][\/vc_column][vc_column width=\u00bb1\/5&#8243;][vc_column_text]<\/p>\n<h3 style=\"text-align: center;\"><strong>Innovaci\u00f3n Verde<\/strong><\/h3>\n<p>[\/vc_column_text][vc_column_text]Invertimos en investigaci\u00f3n y desarrollo para crear soluciones acu\u00e1ticas sostenibles que respeten el medio ambiente.[\/vc_column_text][\/vc_column][vc_column width=\u00bb1\/5&#8243;][vc_column_text]<\/p>\n<h3 style=\"text-align: center;\"><strong>Educaci\u00f3n y Concienciaci\u00f3n<\/strong><\/h3>\n<p>[\/vc_column_text][vc_column_text]Promovemos pr\u00e1cticas sostenibles y sensibilizamos a clientes y socios sobre el impacto positivo de las elecciones conscientes.[\/vc_column_text][\/vc_column][vc_column width=\u00bb1\/5&#8243;][vc_column_text]<\/p>\n<h3 style=\"text-align: center;\"><strong>Compromiso con la Biodiversidad<\/strong><\/h3>\n<p>[\/vc_column_text][vc_column_text]Nuestros productos apoyan el equilibrio de los ecosistemas acu\u00e1ticos y la preservaci\u00f3n de la biodiversidad.[\/vc_column_text][\/vc_column][vc_column width=\u00bb1\/5&#8243;][vc_column_text]<\/p>\n<h3 style=\"text-align: center;\"><strong>Responsabilidad Social<\/strong><\/h3>\n<p>[\/vc_column_text][vc_column_text]Colaboramos con comunidades locales e iniciativas globales para fomentar la sostenibilidad y la conservaci\u00f3n del medio ambiente.[\/vc_column_text][\/vc_column][\/vc_row][vc_row css_animation=\u00bb\u00bb row_type=\u00bbrow\u00bb use_row_as_full_screen_section=\u00bbno\u00bb type=\u00bbgrid\u00bb angled_section=\u00bbno\u00bb text_align=\u00bbleft\u00bb background_image_as_pattern=\u00bbwithout_pattern\u00bb z_index=\u00bb\u00bb el_class=\u00bbn_row_shadow n_green\u00bb][vc_column css=\u00bb.vc_custom_1746637128110{padding-bottom: 10px !important;}\u00bb][vc_separator type=\u00bbnormal\u00bb el_class=\u00bbn_row_shadow n_green\u00bb][\/vc_column][\/vc_row][vc_row css_animation=\u00bb\u00bb row_type=\u00bbrow\u00bb use_row_as_full_screen_section=\u00bbno\u00bb type=\u00bbgrid\u00bb angled_section=\u00bbno\u00bb text_align=\u00bbleft\u00bb background_image_as_pattern=\u00bbwithout_pattern\u00bb z_index=\u00bb\u00bb el_class=\u00bbn_row_shadow n_green\u00bb][vc_column css=\u00bb.vc_custom_1746637128110{padding-bottom: 10px !important;}\u00bb][vc_column_text css=\u00bb.vc_custom_1747144230678{padding-bottom: 10px !important;}\u00bb]<\/p>\n<h2 style=\"text-align: center;\"><strong>\u00bfQu\u00e9 hemos logrado hasta ahora?<\/strong><\/h2>\n<p>[\/vc_column_text][\/vc_column][\/vc_row][vc_row css_animation=\u00bb\u00bb row_type=\u00bbrow\u00bb use_row_as_full_screen_section=\u00bbno\u00bb type=\u00bbgrid\u00bb angled_section=\u00bbno\u00bb text_align=\u00bbleft\u00bb background_image_as_pattern=\u00bbwithout_pattern\u00bb z_index=\u00bb\u00bb css=\u00bb.vc_custom_1746710335001{padding-bottom: 52px !important;}\u00bb el_class=\u00bbn_row_shadow n_green\u00bb][vc_column][vc_tta_accordion gap=\u00bb15&#8243; active_section=\u00bb1&#8243; collapsible_all=\u00bbtrue\u00bb][vc_tta_section title=\u00bbProductos\u00bb tab_id=\u00bb1746607791825-6ff10661-6195&#8243; el_class=\u00bbn_row_shadow n_green\u00bb][vc_column_text el_class=\u00bbn_row_shadow n_green\u00bb]<strong>En CIANO GREEN, cada detalle refleja nuestro compromiso con la sostenibilidad. Utilizamos pl\u00e1stico y cart\u00f3n reciclados, tintas al agua y desarrollamos nuestros productos siguiendo principios de ecodise\u00f1o. Nuestros productos son duraderos, eficientes en consumo energ\u00e9tico y fabricados en Europa, ayudando a reducir emisiones y garantizando alta calidad.<\/strong><\/p>\n<p>&nbsp;<\/p>\n<ul style=\"color: vivid-green;\">\n<li><strong>Fabricado con pl\u00e1stico reciclado:<\/strong> Usamos pl\u00e1stico reciclado para reducir el impacto ambiental.<\/li>\n<li><strong>Embalajes con cart\u00f3n reciclado:<\/strong> Nuestros embalajes contribuyen a la econom\u00eda circular.<\/li>\n<li><strong>Tintas al agua:<\/strong> Menos perjudiciales para el medio ambiente.<\/li>\n<li><strong>Mejor relaci\u00f3n calidad-precio:<\/strong> Alta calidad combinada con sostenibilidad.<\/li>\n<li><strong>Bajo consumo energ\u00e9tico:<\/strong> Dise\u00f1ados para optimizar la eficiencia energ\u00e9tica.<\/li>\n<li><strong>Ecodise\u00f1o:<\/strong> Productos desarrollados seg\u00fan principios de ecodise\u00f1o.<\/li>\n<li><strong>Soluciones de medios de alta calidad:<\/strong> Con enfoque en sostenibilidad.<\/li>\n<li><strong>Productos fabricados en Europa:<\/strong> Para reducir emisiones de transporte y garantizar calidad superior.<\/li>\n<li><strong>Productos duraderos:<\/strong> Dise\u00f1ados para una larga vida \u00fatil, reduciendo la necesidad de reemplazo frecuente.<\/li>\n<li><strong>Certificaci\u00f3n FSC\/PEFC:<\/strong> Nuestros materiales provienen de bosques gestionados de forma sostenible, certificados por FSC y PEFC.<\/li>\n<\/ul>\n<p>[\/vc_column_text][vc_column_text][\/vc_column_text][\/vc_tta_section][vc_tta_section title=\u00bbProducci\u00f3n\u00bb tab_id=\u00bb1746607791836-3412d45d-8b0b\u00bb el_class=\u00bbn_row_shadow n_green\u00bb][vc_column_text el_class=\u00bbn_row_shadow n_green\u00bb]<strong>Hemos implementado una pol\u00edtica de residuos cero, reciclando el 100% de nuestros residuos de vidrio, pl\u00e1stico, cart\u00f3n, madera y metal. El agua se reutiliza mediante un sistema interno eficiente, ahorrando miles de litros al mes. Procedimientos internos de separaci\u00f3n de residuos y formaci\u00f3n continua del personal refuerzan la eficacia de nuestras operaciones.<\/strong><\/p>\n<p>&nbsp;<\/p>\n<ul>\n<li><strong>Reciclaje de residuos:<\/strong> El 100% de los residuos de vidrio, pl\u00e1stico, cart\u00f3n, madera y metal son reciclados.<\/li>\n<li><strong>Sistema de reutilizaci\u00f3n de agua:<\/strong> Reutilizamos el agua mediante un sistema interno, reduciendo significativamente el desperdicio.<\/li>\n<li><strong>Sistema interno de separaci\u00f3n de residuos:<\/strong> Procesos dedicados para garantizar un reciclaje eficiente.<\/li>\n<li><strong>Formaci\u00f3n continua:<\/strong> Proporcionamos formaci\u00f3n constante a nuestro equipo sobre nuestras pr\u00e1cticas de reciclaje.<\/li>\n<\/ul>\n<p>[\/vc_column_text][\/vc_tta_section][vc_tta_section title=\u00bbInstalaciones\u00bb tab_id=\u00bb1746614332900-03cf4b33-5f1f\u00bb el_class=\u00bbn_row_shadow n_green\u00bb][vc_column_text el_class=\u00bbn_row_shadow n_green\u00bb]<strong>Integramos soluciones inteligentes en toda nuestra operaci\u00f3n, como grifos ahorradores de agua, procedimientos de apagado energ\u00e9tico al final del d\u00eda y sistemas de recolecci\u00f3n de agua de lluvia, reforzando nuestro compromiso con la gesti\u00f3n sostenible de los recursos.<\/strong><\/p>\n<p>&nbsp;<\/p>\n<ul>\n<li><strong>Grifos inteligentes:<\/strong> Dise\u00f1ados para reducir el desperdicio de agua.<\/li>\n<li><strong>Apagado energ\u00e9tico:<\/strong> Seguimos procedimientos de apagado al final del d\u00eda para promover la eficiencia energ\u00e9tica.<\/li>\n<li><strong>Recolecci\u00f3n de agua de lluvia:<\/strong> Sistema para recoger y almacenar agua de lluvia para usos no potables.<\/li>\n<\/ul>\n<p>[\/vc_column_text][\/vc_tta_section][\/vc_tta_accordion][\/vc_column][\/vc_row]<\/p>\n<\/section>","protected":false},"excerpt":{"rendered":"<p>[vc_row css_animation=\u00bb\u00bb row_type=\u00bbrow\u00bb use_row_as_full_screen_section=\u00bbyes\u00bb type=\u00bbgrid\u00bb angled_section=\u00bbno\u00bb text_align=\u00bbleft\u00bb background_image_as_pattern=\u00bbwithout_pattern\u00bb z_index=\u00bb\u00bb css=\u00bb.vc_custom_1738424512423{background-image: url(https:\/\/ciano.pt\/wp-content\/uploads\/2025\/02\/cianogreen_hero.webp?id=51102) !important;background-position: center !important;background-repeat: no-repeat !important;background-size: cover !important;}\u00bb][vc_column][qode_elements_holder number_of_columns=\u00bbtwo_columns\u00bb switch_to_one_column=\u00bb768&#8243; alignment_one_column=\u00bbcenter\u00bb][qode_elements_holder_item advanced_animations=\u00bbno\u00bb item_padding=\u00bb22px 10% 52px 0&#8243; item_padding_600_768=\u00bb0px 0 32px 0&#8243; item_padding_480_600=\u00bb0px 0 32px 0&#8243; item_padding_480=\u00bb0px 0 32px 0&#8243; custom_class=\u00bbmobile_first\u00bb][vc_single_image image=\u00bb51113&#8243; img_size=\u00bbfull\u00bb onclick=\u00bbcustom_link\u00bb qode_css_animation=\u00bb\u00bb el_class=\u00bbn_img_greenlogo\u00bb link=\u00bbhttps:\/\/ciano.pt\u00bb][vc_empty_space][vc_column_text&#8230;<\/p>\n","protected":false},"author":3,"featured_media":0,"parent":0,"menu_order":0,"comment_status":"closed","ping_status":"closed","template":"full_width.php","meta":{"_seopress_robots_primary_cat":"","_seopress_titles_title":"","_seopress_titles_desc":"","_seopress_robots_index":"yes","footnotes":""},"class_list":["post-51544","page","type-page","status-publish","hentry"],"_links":{"self":[{"href":"https:\/\/ciano.pt\/es\/wp-json\/wp\/v2\/pages\/51544","targetHints":{"allow":["GET"]}}],"collection":[{"href":"https:\/\/ciano.pt\/es\/wp-json\/wp\/v2\/pages"}],"about":[{"href":"https:\/\/ciano.pt\/es\/wp-json\/wp\/v2\/types\/page"}],"author":[{"embeddable":true,"href":"https:\/\/ciano.pt\/es\/wp-json\/wp\/v2\/users\/3"}],"replies":[{"embeddable":true,"href":"https:\/\/ciano.pt\/es\/wp-json\/wp\/v2\/comments?post=51544"}],"version-history":[{"count":3,"href":"https:\/\/ciano.pt\/es\/wp-json\/wp\/v2\/pages\/51544\/revisions"}],"predecessor-version":[{"id":51576,"href":"https:\/\/ciano.pt\/es\/wp-json\/wp\/v2\/pages\/51544\/revisions\/51576"}],"wp:attachment":[{"href":"https:\/\/ciano.pt\/es\/wp-json\/wp\/v2\/media?parent=51544"}],"curies":[{"name":"wp","href":"https:\/\/api.w.org\/{rel}","templated":true}]}}