{"id":13645,"date":"2018-02-01T17:54:48","date_gmt":"2018-02-01T17:54:48","guid":{"rendered":"http:\/\/ciano.pt\/mon-compte\/"},"modified":"2026-02-06T18:10:25","modified_gmt":"2026-02-06T18:10:25","slug":"mon-compte","status":"publish","type":"page","link":"https:\/\/ciano.pt\/fr\/mon-compte\/","title":{"rendered":"Mon compte"},"content":{"rendered":"\n<h4 class=\"wp-block-heading has-text-align-center\"><strong>Nous vous informons que la boutique en ligne est actuellement indisponible.<br><\/strong>Nonobstant cette indisponibilit\u00e9, la soci\u00e9t\u00e9 Ciano Aquarium S.A. confirme que l\u2019ensemble des termes et conditions contractuels en vigueur au moment de la commande seront strictement et int\u00e9gralement respect\u00e9s, notamment en ce qui concerne les obligations de garantie, le suivi et l\u2019assistance apr\u00e8s-vente, ainsi que la protection et le traitement des donn\u00e9es \u00e0 caract\u00e8re personnel.<\/h4>\n\n\n\n<div style=\"height:30px\" aria-hidden=\"true\" class=\"wp-block-spacer\"><\/div>\n","protected":false},"excerpt":{"rendered":"<p>Nous vous informons que la boutique en ligne est actuellement indisponible.Nonobstant cette indisponibilit\u00e9, la soci\u00e9t\u00e9 Ciano Aquarium S.A. confirme que l\u2019ensemble des termes et conditions contractuels en vigueur au moment de la commande seront strictement et int\u00e9gralement respect\u00e9s, notamment en ce qui concerne les obligations&#8230;<\/p>\n","protected":false},"author":3,"featured_media":0,"parent":0,"menu_order":0,"comment_status":"closed","ping_status":"closed","template":"","meta":{"_seopress_robots_primary_cat":"","_seopress_titles_title":"","_seopress_titles_desc":"","_seopress_robots_index":"","footnotes":""},"class_list":["post-13645","page","type-page","status-publish","hentry"],"_links":{"self":[{"href":"https:\/\/ciano.pt\/fr\/wp-json\/wp\/v2\/pages\/13645","targetHints":{"allow":["GET"]}}],"collection":[{"href":"https:\/\/ciano.pt\/fr\/wp-json\/wp\/v2\/pages"}],"about":[{"href":"https:\/\/ciano.pt\/fr\/wp-json\/wp\/v2\/types\/page"}],"author":[{"embeddable":true,"href":"https:\/\/ciano.pt\/fr\/wp-json\/wp\/v2\/users\/3"}],"replies":[{"embeddable":true,"href":"https:\/\/ciano.pt\/fr\/wp-json\/wp\/v2\/comments?post=13645"}],"version-history":[{"count":1,"href":"https:\/\/ciano.pt\/fr\/wp-json\/wp\/v2\/pages\/13645\/revisions"}],"predecessor-version":[{"id":52731,"href":"https:\/\/ciano.pt\/fr\/wp-json\/wp\/v2\/pages\/13645\/revisions\/52731"}],"wp:attachment":[{"href":"https:\/\/ciano.pt\/fr\/wp-json\/wp\/v2\/media?parent=13645"}],"curies":[{"name":"wp","href":"https:\/\/api.w.org\/{rel}","templated":true}]}}