{"id":15452,"date":"2017-06-30T16:23:06","date_gmt":"2017-06-30T15:23:06","guid":{"rendered":"http:\/\/ciano.pt\/home-nave-2\/"},"modified":"2026-04-22T17:34:49","modified_gmt":"2026-04-22T16:34:49","slug":"home-nave-2-2-2","status":"publish","type":"page","link":"https:\/\/ciano.pt\/fr\/","title":{"rendered":"Home Nave"},"content":{"rendered":"<section class=\"wpb-content-wrapper\"><p>[vc_row css_animation=\u00a0\u00bb\u00a0\u00bb row_type=\u00a0\u00bbrow\u00a0\u00bb use_row_as_full_screen_section=\u00a0\u00bbno\u00a0\u00bb type=\u00a0\u00bbgrid\u00a0\u00bb angled_section=\u00a0\u00bbno\u00a0\u00bb text_align=\u00a0\u00bbcenter\u00a0\u00bb background_image_as_pattern=\u00a0\u00bbwith_pattern\u00a0\u00bb][vc_column][vc_empty_space height=\u00a0\u00bb50px\u00a0\u00bb][vc_column_text]<\/p>\n<h2 style=\"text-align: left;\">Produits<\/h2>\n<p>[\/vc_column_text][vc_separator type=\u00a0\u00bbsmall\u00a0\u00bb position=\u00a0\u00bbleft\u00a0\u00bb color=\u00a0\u00bb#099dd9&Prime; thickness=\u00a0\u00bb4&Prime; width=\u00a0\u00bb80&Prime;][vc_row_inner row_type=\u00a0\u00bbrow\u00a0\u00bb type=\u00a0\u00bbfull_width\u00a0\u00bb text_align=\u00a0\u00bbleft\u00a0\u00bb css_animation=\u00a0\u00bb\u00a0\u00bb][vc_column_inner el_class=\u00a0\u00bbsombra-produto\u00a0\u00bb width=\u00a0\u00bb1\/5&Prime;][vc_column_text]<\/p>\n<h4 style=\"text-align: center;\">AQUARIUMS<\/h4>\n<p>[\/vc_column_text]<div class='image_hover ' style='' data-transition-delay=''><div class='images_holder'><a itemprop='url' href='https:\/\/ciano.pt\/fr\/produits\/?tab=aquariums' target='_self'><img itemprop='image' class='' src='https:\/\/ciano.pt\/wp-content\/uploads\/2026\/04\/t1-produtos_aquarios_2-2.jpg' alt='' style='' \/><img itemprop='image' class='hover_image' src='' alt='' style='' \/><\/a><\/div><\/div>[vc_empty_space height=\u00a0\u00bb10px\u00a0\u00bb][\/vc_column_inner][vc_column_inner el_class=\u00a0\u00bbsombra-produto\u00a0\u00bb width=\u00a0\u00bb1\/5&Prime;][vc_column_text]<\/p>\n<h4 style=\"text-align: center;\">TERRARIUMS<\/h4>\n<p>[\/vc_column_text]<div class='image_hover ' style='' data-transition-delay=''><div class='images_holder'><a itemprop='url' href='https:\/\/ciano.pt\/fr\/produits\/?tab=terrariums' target='_self'><img itemprop='image' class='' src='https:\/\/ciano.pt\/wp-content\/uploads\/2026\/04\/produtos_terrarios-6.png' alt='' style='' \/><img itemprop='image' class='hover_image' src='' alt='' style='' \/><\/a><\/div><\/div>[vc_empty_space height=\u00a0\u00bb10px\u00a0\u00bb][\/vc_column_inner][vc_column_inner el_class=\u00a0\u00bbsombra-produto\u00a0\u00bb width=\u00a0\u00bb1\/5&Prime;][vc_column_text]<\/p>\n<h4 style=\"text-align: center;\">\u00c9QUIPEMENT<\/h4>\n<p>[\/vc_column_text]<div class='image_hover ' style='' data-transition-delay=''><div class='images_holder'><a itemprop='url' href='https:\/\/ciano.pt\/fr\/produits\/?tab=equipement' target='_self'><img itemprop='image' class='' src='https:\/\/ciano.pt\/wp-content\/uploads\/2026\/04\/produtos_equipamentos-9.png' alt='' style='' \/><img itemprop='image' class='hover_image' src='' alt='' style='' \/><\/a><\/div><\/div>[vc_empty_space height=\u00a0\u00bb10px\u00a0\u00bb][\/vc_column_inner][vc_column_inner el_class=\u00a0\u00bbsombra-produto\u00a0\u00bb width=\u00a0\u00bb1\/5&Prime;][vc_column_text]<\/p>\n<h4 style=\"text-align: center;\">CIANO CARE<\/h4>\n<p>[\/vc_column_text]<div class='image_hover ' style='' data-transition-delay=''><div class='images_holder'><a itemprop='url' href='https:\/\/ciano.pt\/fr\/produits\/?tab=ciano-care' target='_self'><img itemprop='image' class='' src='https:\/\/ciano.pt\/wp-content\/uploads\/2026\/04\/produtos_ciano-care-2.png' alt='' style='' \/><img itemprop='image' class='hover_image' src='' alt='' style='' \/><\/a><\/div><\/div>[vc_empty_space height=\u00a0\u00bb10px\u00a0\u00bb][\/vc_column_inner][vc_column_inner el_class=\u00a0\u00bbsombra-produto\u00a0\u00bb width=\u00a0\u00bb1\/5&Prime;][vc_column_text]<\/p>\n<h4 style=\"text-align: center;\">\u00a0MEUBLES<\/h4>\n<p>[\/vc_column_text]<div class='image_hover ' style='' data-transition-delay=''><div class='images_holder'><a itemprop='url' href='https:\/\/ciano.pt\/fr\/produits\/?tab=meubles' target='_self'><img itemprop='image' class='' src='https:\/\/ciano.pt\/wp-content\/uploads\/2026\/04\/produtos_moveis-5.png' alt='' style='' \/><img itemprop='image' class='hover_image' src='' alt='' style='' \/><\/a><\/div><\/div>[vc_empty_space height=\u00a0\u00bb10px\u00a0\u00bb][\/vc_column_inner][\/vc_row_inner][vc_empty_space height=\u00a0\u00bb50px\u00a0\u00bb][vc_empty_space][\/vc_column][\/vc_row][vc_row row_type=\u00a0\u00bbparallax\u00a0\u00bb parallax_content_width=\u00a0\u00bbin_grid\u00a0\u00bb text_align=\u00a0\u00bbright\u00a0\u00bb full_screen_section_height=\u00a0\u00bbno\u00a0\u00bb background_image=\u00a0\u00bb19898&Prime; el_id=\u00a0\u00bbdesktop\u00a0\u00bb el_class=\u00a0\u00bbrow_home_newsletterdesktop\u00a0\u00bb][vc_column width=\u00a0\u00bb2\/3&Prime; css=\u00a0\u00bb.vc_custom_1524268155186{padding-top: 14% !important;}\u00a0\u00bb offset=\u00a0\u00bbvc_col-lg-6 vc_col-md-6&Prime;][vc_row_inner row_type=\u00a0\u00bbrow\u00a0\u00bb type=\u00a0\u00bbfull_width\u00a0\u00bb text_align=\u00a0\u00bbleft\u00a0\u00bb css_animation=\u00a0\u00bb\u00a0\u00bb][vc_column_inner][vc_column_text]<\/p>\n<h2>App MY CIANO<\/h2>\n<p>[\/vc_column_text][vc_separator type=\u00a0\u00bbsmall\u00a0\u00bb position=\u00a0\u00bbleft\u00a0\u00bb color=\u00a0\u00bb#099dd9&Prime; thickness=\u00a0\u00bb4&Prime; width=\u00a0\u00bb80&Prime; up=\u00a0\u00bb10&Prime; down=\u00a0\u00bb24&Prime;][vc_column_text]<\/p>\n<h4>Gestion simple et en temps<br \/>\nr\u00e9el de vos consommables.<\/h4>\n<p>[\/vc_column_text][vc_empty_space][\/vc_column_inner][\/vc_row_inner][vc_row_inner row_type=\u00a0\u00bbrow\u00a0\u00bb type=\u00a0\u00bbfull_width\u00a0\u00bb text_align=\u00a0\u00bbleft\u00a0\u00bb css_animation=\u00a0\u00bb\u00a0\u00bb css=\u00a0\u00bb.vc_custom_1523982889820{margin-top: -30px !important;}\u00a0\u00bb][vc_column_inner width=\u00a0\u00bb1\/2&Prime;][vc_single_image image=\u00a0\u00bb51672&Prime; img_size=\u00a0\u00bbfull\u00a0\u00bb qode_css_animation=\u00a0\u00bb\u00a0\u00bb][\/vc_column_inner][vc_column_inner width=\u00a0\u00bb1\/2&Prime;][vc_empty_space height=\u00a0\u00bb50px\u00a0\u00bb][vc_single_image image=\u00a0\u00bb19917&Prime; img_size=\u00a0\u00bb190&#215;62&Prime; onclick=\u00a0\u00bbcustom_link\u00a0\u00bb img_link_target=\u00a0\u00bb_blank\u00a0\u00bb qode_css_animation=\u00a0\u00bb\u00a0\u00bb link=\u00a0\u00bbhttps:\/\/play.google.com\/store\/apps\/details?id=com.myciano.aquarium2024&Prime;][vc_separator type=\u00a0\u00bbtransparent\u00a0\u00bb thickness=\u00a0\u00bb0&Prime; up=\u00a0\u00bb0&Prime; down=\u00a0\u00bb10&Prime;][vc_single_image image=\u00a0\u00bb19941&Prime; img_size=\u00a0\u00bb190&#215;62&Prime; onclick=\u00a0\u00bbcustom_link\u00a0\u00bb img_link_target=\u00a0\u00bb_blank\u00a0\u00bb qode_css_animation=\u00a0\u00bb\u00a0\u00bb link=\u00a0\u00bbhttps:\/\/apps.apple.com\/pt\/app\/my-ciano-2-0\/id6744927766?l=fr-FR\u00a0\u00bb][\/vc_column_inner][\/vc_row_inner][vc_separator type=\u00a0\u00bbtransparent\u00a0\u00bb thickness=\u00a0\u00bb0&Prime; up=\u00a0\u00bb0&Prime; down=\u00a0\u00bb35&Prime;][vc_empty_space height=\u00a0\u00bb60px\u00a0\u00bb][\/vc_column][vc_column width=\u00a0\u00bb1\/3&Prime; offset=\u00a0\u00bbvc_col-lg-6 vc_col-md-6&Prime;][vc_row_inner row_type=\u00a0\u00bbrow\u00a0\u00bb type=\u00a0\u00bbfull_width\u00a0\u00bb text_align=\u00a0\u00bbleft\u00a0\u00bb css_animation=\u00a0\u00bb\u00a0\u00bb css=\u00a0\u00bb.vc_custom_1524268194372{padding-top: 6% !important;}\u00a0\u00bb][vc_column_inner][vc_single_image image=\u00a0\u00bb19866&Prime; img_size=\u00a0\u00bbfull\u00a0\u00bb alignment=\u00a0\u00bbright\u00a0\u00bb qode_css_animation=\u00a0\u00bb\u00a0\u00bb css=\u00a0\u00bb.vc_custom_1519652772691{padding-left: 80px !important;}\u00a0\u00bb][\/vc_column_inner][\/vc_row_inner][\/vc_column][\/vc_row][vc_row row_type=\u00a0\u00bbparallax\u00a0\u00bb parallax_content_width=\u00a0\u00bbin_grid\u00a0\u00bb text_align=\u00a0\u00bbright\u00a0\u00bb full_screen_section_height=\u00a0\u00bbno\u00a0\u00bb background_image=\u00a0\u00bb19898&Prime; el_id=\u00a0\u00bbmobile\u00a0\u00bb el_class=\u00a0\u00bbrow_home_newslettermobile\u00a0\u00bb][vc_column][vc_empty_space height=\u00a0\u00bb40px\u00a0\u00bb][vc_row_inner row_type=\u00a0\u00bbrow\u00a0\u00bb type=\u00a0\u00bbfull_width\u00a0\u00bb text_align=\u00a0\u00bbcenter\u00a0\u00bb css_animation=\u00a0\u00bb\u00a0\u00bb el_class=\u00a0\u00bbrowinner_home_appmobile_textcenter\u00a0\u00bb][vc_column_inner][vc_column_text]<\/p>\n<h2>App MY CIANO<\/h2>\n<p>[\/vc_column_text][vc_separator type=\u00a0\u00bbsmall\u00a0\u00bb position=\u00a0\u00bbcenter\u00a0\u00bb color=\u00a0\u00bb#099dd9&Prime; thickness=\u00a0\u00bb4&Prime; width=\u00a0\u00bb80&Prime; up=\u00a0\u00bb10&Prime; down=\u00a0\u00bb24&Prime;][vc_column_text]<\/p>\n<h4>Gestion simple et en temps<br \/>\nr\u00e9el de vos consommables.<\/h4>\n<p>[\/vc_column_text][vc_empty_space][\/vc_column_inner][\/vc_row_inner][vc_row_inner row_type=\u00a0\u00bbrow\u00a0\u00bb type=\u00a0\u00bbfull_width\u00a0\u00bb text_align=\u00a0\u00bbleft\u00a0\u00bb css_animation=\u00a0\u00bb\u00a0\u00bb][vc_column_inner width=\u00a0\u00bb1\/2&Prime; offset=\u00a0\u00bbvc_col-xs-6&Prime;][vc_single_image image=\u00a0\u00bb51672&Prime; img_size=\u00a0\u00bbfull\u00a0\u00bb qode_css_animation=\u00a0\u00bb\u00a0\u00bb][\/vc_column_inner][vc_column_inner width=\u00a0\u00bb1\/2&Prime; offset=\u00a0\u00bbvc_col-xs-6&Prime;][vc_single_image image=\u00a0\u00bb19917&Prime; img_size=\u00a0\u00bb190&#215;62&Prime; onclick=\u00a0\u00bbcustom_link\u00a0\u00bb img_link_target=\u00a0\u00bb_blank\u00a0\u00bb qode_css_animation=\u00a0\u00bb\u00a0\u00bb link=\u00a0\u00bbhttps:\/\/play.google.com\/store\/apps\/details?id=com.myciano.aquarium2024&Prime;][vc_separator type=\u00a0\u00bbtransparent\u00a0\u00bb thickness=\u00a0\u00bb0&Prime; up=\u00a0\u00bb0&Prime; down=\u00a0\u00bb10&Prime;][vc_single_image image=\u00a0\u00bb19941&Prime; img_size=\u00a0\u00bb190&#215;62&Prime; onclick=\u00a0\u00bbcustom_link\u00a0\u00bb img_link_target=\u00a0\u00bb_blank\u00a0\u00bb qode_css_animation=\u00a0\u00bb\u00a0\u00bb link=\u00a0\u00bbhttps:\/\/apps.apple.com\/pt\/app\/my-ciano-2-0\/id6744927766?l=fr-FR\u00a0\u00bb][\/vc_column_inner][\/vc_row_inner][vc_empty_space height=\u00a0\u00bb12px\u00a0\u00bb][vc_row_inner row_type=\u00a0\u00bbrow\u00a0\u00bb type=\u00a0\u00bbfull_width\u00a0\u00bb text_align=\u00a0\u00bbleft\u00a0\u00bb css_animation=\u00a0\u00bb\u00a0\u00bb][vc_column_inner][vc_single_image image=\u00a0\u00bb19866&Prime; img_size=\u00a0\u00bbfull\u00a0\u00bb alignment=\u00a0\u00bbright\u00a0\u00bb qode_css_animation=\u00a0\u00bb\u00a0\u00bb css=\u00a0\u00bb.vc_custom_1524266787669{padding-left: 24px !important;}\u00a0\u00bb][\/vc_column_inner][\/vc_row_inner][\/vc_column][\/vc_row]<\/p>\n<\/section>","protected":false},"excerpt":{"rendered":"<p>[vc_row css_animation=\u00a0\u00bb\u00a0\u00bb row_type=\u00a0\u00bbrow\u00a0\u00bb use_row_as_full_screen_section=\u00a0\u00bbno\u00a0\u00bb type=\u00a0\u00bbgrid\u00a0\u00bb angled_section=\u00a0\u00bbno\u00a0\u00bb text_align=\u00a0\u00bbcenter\u00a0\u00bb background_image_as_pattern=\u00a0\u00bbwith_pattern\u00a0\u00bb][vc_column][vc_empty_space height=\u00a0\u00bb50px\u00a0\u00bb][vc_column_text] Produits [\/vc_column_text][vc_separator type=\u00a0\u00bbsmall\u00a0\u00bb position=\u00a0\u00bbleft\u00a0\u00bb color=\u00a0\u00bb#099dd9&Prime; thickness=\u00a0\u00bb4&Prime; width=\u00a0\u00bb80&Prime;][vc_row_inner row_type=\u00a0\u00bbrow\u00a0\u00bb type=\u00a0\u00bbfull_width\u00a0\u00bb text_align=\u00a0\u00bbleft\u00a0\u00bb css_animation=\u00a0\u00bb\u00a0\u00bb][vc_column_inner el_class=\u00a0\u00bbsombra-produto\u00a0\u00bb width=\u00a0\u00bb1\/5&Prime;][vc_column_text] AQUARIUMS [\/vc_column_text][vc_empty_space height=\u00a0\u00bb10px\u00a0\u00bb][\/vc_column_inner][vc_column_inner el_class=\u00a0\u00bbsombra-produto\u00a0\u00bb width=\u00a0\u00bb1\/5&Prime;][vc_column_text] TERRARIUMS [\/vc_column_text][vc_empty_space height=\u00a0\u00bb10px\u00a0\u00bb][\/vc_column_inner][vc_column_inner el_class=\u00a0\u00bbsombra-produto\u00a0\u00bb width=\u00a0\u00bb1\/5&Prime;][vc_column_text] \u00c9QUIPEMENT [\/vc_column_text][vc_empty_space height=\u00a0\u00bb10px\u00a0\u00bb][\/vc_column_inner][vc_column_inner el_class=\u00a0\u00bbsombra-produto\u00a0\u00bb width=\u00a0\u00bb1\/5&Prime;][vc_column_text] CIANO CARE [\/vc_column_text][vc_empty_space height=\u00a0\u00bb10px\u00a0\u00bb][\/vc_column_inner][vc_column_inner el_class=\u00a0\u00bbsombra-produto\u00a0\u00bb width=\u00a0\u00bb1\/5&Prime;][vc_column_text] \u00a0MEUBLES [\/vc_column_text][vc_empty_space&#8230;<\/p>\n","protected":false},"author":3,"featured_media":0,"parent":0,"menu_order":0,"comment_status":"closed","ping_status":"closed","template":"full_width.php","meta":{"_seopress_robots_primary_cat":"","_seopress_titles_title":"CIANO AQUARIUM","_seopress_titles_desc":"A CIANO\u00ae oferece-lhe diversas gamas de aqu\u00e1rios, filtra\u00e7\u00e3o, ilumina\u00e7\u00e3o, acess\u00f3rios e decora\u00e7\u00e3o que beneficiam das \u00faltimas inova\u00e7\u00f5es tecnol\u00f3gicas.","_seopress_robots_index":"","footnotes":""},"class_list":["post-15452","page","type-page","status-publish","hentry"],"_links":{"self":[{"href":"https:\/\/ciano.pt\/fr\/wp-json\/wp\/v2\/pages\/15452","targetHints":{"allow":["GET"]}}],"collection":[{"href":"https:\/\/ciano.pt\/fr\/wp-json\/wp\/v2\/pages"}],"about":[{"href":"https:\/\/ciano.pt\/fr\/wp-json\/wp\/v2\/types\/page"}],"author":[{"embeddable":true,"href":"https:\/\/ciano.pt\/fr\/wp-json\/wp\/v2\/users\/3"}],"replies":[{"embeddable":true,"href":"https:\/\/ciano.pt\/fr\/wp-json\/wp\/v2\/comments?post=15452"}],"version-history":[{"count":29,"href":"https:\/\/ciano.pt\/fr\/wp-json\/wp\/v2\/pages\/15452\/revisions"}],"predecessor-version":[{"id":56949,"href":"https:\/\/ciano.pt\/fr\/wp-json\/wp\/v2\/pages\/15452\/revisions\/56949"}],"wp:attachment":[{"href":"https:\/\/ciano.pt\/fr\/wp-json\/wp\/v2\/media?parent=15452"}],"curies":[{"name":"wp","href":"https:\/\/api.w.org\/{rel}","templated":true}]}}