{"id":18161,"date":"2018-02-20T13:49:25","date_gmt":"2018-02-20T13:49:25","guid":{"rendered":"http:\/\/ciano.pt\/a-empresa-2\/"},"modified":"2021-03-14T17:30:42","modified_gmt":"2021-03-14T17:30:42","slug":"a-empresa-2","status":"publish","type":"page","link":"https:\/\/ciano.pt\/fr\/a-empresa-2\/","title":{"rendered":"La soci\u00e9t\u00e9"},"content":{"rendered":"<section class=\"wpb-content-wrapper\"><p>[vc_row css_animation=\u00a0\u00bb\u00a0\u00bb row_type=\u00a0\u00bbrow\u00a0\u00bb use_row_as_full_screen_section=\u00a0\u00bbyes\u00a0\u00bb type=\u00a0\u00bbfull_width\u00a0\u00bb angled_section=\u00a0\u00bbyes\u00a0\u00bb angled_section_position=\u00a0\u00bbbottom\u00a0\u00bb angled_section_direction=\u00a0\u00bbfrom_right_to_left\u00a0\u00bb text_align=\u00a0\u00bbcenter\u00a0\u00bb background_image_as_pattern=\u00a0\u00bbwithout_pattern\u00a0\u00bb background_color=\u00a0\u00bb#099dd9&Prime;][vc_column][vc_row_inner row_type=\u00a0\u00bbrow\u00a0\u00bb type=\u00a0\u00bbfull_width\u00a0\u00bb text_align=\u00a0\u00bbcenter\u00a0\u00bb css_animation=\u00a0\u00bb\u00a0\u00bb css=\u00a0\u00bb.vc_custom_1615742803148{padding-top: 52px !important;padding-bottom: 32px !important;}\u00a0\u00bb][vc_column_inner offset=\u00a0\u00bbvc_col-lg-offset-2 vc_col-lg-8&Prime;][vc_column_text el_class=\u00a0\u00bbrow_text_white\u00a0\u00bb css=\u00a0\u00bb.vc_custom_1615742767482{padding-bottom: 22px !important;}\u00a0\u00bb]<\/p>\n<h2>Sp\u00e9cialiste en aquariophilie,<\/h2>\n<p>[\/vc_column_text][vc_column_text el_class=\u00a0\u00bbrow_text_white\u00a0\u00bb]<\/p>\n<h4>la soci\u00e9t\u00e9 CIANO\u00ae Company vous offre diff\u00e9rentes gammes d&rsquo;aquariums, de filtration, d&rsquo;\u00e9clairage, d&rsquo;accessoires et de d\u00e9coration qui b\u00e9n\u00e9ficient des derni\u00e8res innovations technologiques et des garanties que seule une grande marque peut vous apporter.<\/h4>\n<p>[\/vc_column_text][\/vc_column_inner][\/vc_row_inner][\/vc_column][\/vc_row][vc_row row_type=\u00a0\u00bbparallax\u00a0\u00bb parallax_content_width=\u00a0\u00bbin_grid\u00a0\u00bb text_align=\u00a0\u00bbleft\u00a0\u00bb full_screen_section_height=\u00a0\u00bbyes\u00a0\u00bb vertically_align_content_in_middle=\u00a0\u00bbyes\u00a0\u00bb background_image=\u00a0\u00bb20034&Prime;][vc_column][vc_row_inner row_type=\u00a0\u00bbrow\u00a0\u00bb type=\u00a0\u00bbgrid\u00a0\u00bb text_align=\u00a0\u00bbleft\u00a0\u00bb css_animation=\u00a0\u00bb\u00a0\u00bb][vc_column_inner width=\u00a0\u00bb7\/12&Prime;][\/vc_column_inner][vc_column_inner width=\u00a0\u00bb5\/12&Prime; css=\u00a0\u00bb.vc_custom_1517532940837{padding-top: 21px !important;padding-right: 25px !important;padding-bottom: 21px !important;padding-left: 25px !important;background-color: rgba(255,255,255,0.9) !important;*background-color: rgb(255,255,255) !important;border-radius: 3px !important;}\u00a0\u00bb][vc_single_image image=\u00a0\u00bb33370&Prime; img_size=\u00a0\u00bbfull\u00a0\u00bb qode_css_animation=\u00a0\u00bb\u00a0\u00bb el_class=\u00a0\u00bbsingle_image_retina\u00a0\u00bb][vc_column_text el_class=\u00a0\u00bbtextblock_pmarginbottom sobre_textblock_pweight\u00a0\u00bb css=\u00a0\u00bb.vc_custom_1615742868738{padding-top: 12px !important;}\u00a0\u00bb]L\u2019\u00e9quipe <strong>CIANO\u00ae<\/strong> est dot\u00e9e d\u2019une longue exp\u00e9rience ainsi que d\u2019une structure de production et logistique \u00abLean\u00bb. La mission Ciano\u00ae \u00e9tablie est de d\u00e9velopper une <strong>passion pour les solutions int\u00e9gr\u00e9es d&rsquo;aquarium offrant qui facilitent l&rsquo;utilisation et l&rsquo;entretien de l&rsquo;aquarium d&rsquo;assurer un soutien efficace \u00e0 la vie des plantes et des poissons avec des produits de qualit\u00e9<\/strong>.<\/p>\n<p>Ciano\u00ae dispose des gammes de produits <strong>Aqua<\/strong>, <strong>Nexus Pure\u00ae<\/strong>, <strong>Emotions\u00ae<\/strong>, <strong>Tartarium\u00ae<\/strong>, <strong>My Aquarium<\/strong>,<strong> CF\u00ae<\/strong>,\u00a0<strong><span id=\"result_box\" class=\"\" lang=\"fr\"><span class=\"\">Consommables Ciano\u00ae<\/span><\/span><\/strong> et <strong>CLA<\/strong>.<\/p>\n<p>La distribution de la gamme CIANO\u00ae se fait au travers d\u2019un r\u00e9seau de sp\u00e9cialistes en aquariophilie, gr\u00e2ce \u00e0 des partenariats avec des distributeurs de renomm\u00e9e et \u00e9tablis dans les principaux march\u00e9s. Fonctionner directement avec ces partenaires constitue un gage de rapidit\u00e9, flexibilit\u00e9 et de comp\u00e9tence technique pour r\u00e9pondre au mieux aux besoins de chaque march\u00e9.[\/vc_column_text][\/vc_column_inner][\/vc_row_inner][\/vc_column][\/vc_row]<\/p>\n<\/section>","protected":false},"excerpt":{"rendered":"<p>[vc_row css_animation=\u00a0\u00bb\u00a0\u00bb row_type=\u00a0\u00bbrow\u00a0\u00bb use_row_as_full_screen_section=\u00a0\u00bbyes\u00a0\u00bb type=\u00a0\u00bbfull_width\u00a0\u00bb angled_section=\u00a0\u00bbyes\u00a0\u00bb angled_section_position=\u00a0\u00bbbottom\u00a0\u00bb angled_section_direction=\u00a0\u00bbfrom_right_to_left\u00a0\u00bb text_align=\u00a0\u00bbcenter\u00a0\u00bb background_image_as_pattern=\u00a0\u00bbwithout_pattern\u00a0\u00bb background_color=\u00a0\u00bb#099dd9&Prime;][vc_column][vc_row_inner row_type=\u00a0\u00bbrow\u00a0\u00bb type=\u00a0\u00bbfull_width\u00a0\u00bb text_align=\u00a0\u00bbcenter\u00a0\u00bb css_animation=\u00a0\u00bb\u00a0\u00bb css=\u00a0\u00bb.vc_custom_1615742803148{padding-top: 52px !important;padding-bottom: 32px !important;}\u00a0\u00bb][vc_column_inner offset=\u00a0\u00bbvc_col-lg-offset-2 vc_col-lg-8&Prime;][vc_column_text el_class=\u00a0\u00bbrow_text_white\u00a0\u00bb css=\u00a0\u00bb.vc_custom_1615742767482{padding-bottom: 22px !important;}\u00a0\u00bb] Sp\u00e9cialiste en aquariophilie, [\/vc_column_text][vc_column_text el_class=\u00a0\u00bbrow_text_white\u00a0\u00bb] la soci\u00e9t\u00e9 CIANO\u00ae Company vous offre diff\u00e9rentes gammes d&rsquo;aquariums, de filtration, d&rsquo;\u00e9clairage, d&rsquo;accessoires et&#8230;<\/p>\n","protected":false},"author":9499,"featured_media":0,"parent":0,"menu_order":0,"comment_status":"closed","ping_status":"closed","template":"full_width.php","meta":{"_seopress_robots_primary_cat":"","_seopress_titles_title":"","_seopress_titles_desc":"","_seopress_robots_index":"","footnotes":""},"class_list":["post-18161","page","type-page","status-publish","hentry"],"_links":{"self":[{"href":"https:\/\/ciano.pt\/fr\/wp-json\/wp\/v2\/pages\/18161","targetHints":{"allow":["GET"]}}],"collection":[{"href":"https:\/\/ciano.pt\/fr\/wp-json\/wp\/v2\/pages"}],"about":[{"href":"https:\/\/ciano.pt\/fr\/wp-json\/wp\/v2\/types\/page"}],"author":[{"embeddable":true,"href":"https:\/\/ciano.pt\/fr\/wp-json\/wp\/v2\/users\/9499"}],"replies":[{"embeddable":true,"href":"https:\/\/ciano.pt\/fr\/wp-json\/wp\/v2\/comments?post=18161"}],"version-history":[{"count":0,"href":"https:\/\/ciano.pt\/fr\/wp-json\/wp\/v2\/pages\/18161\/revisions"}],"wp:attachment":[{"href":"https:\/\/ciano.pt\/fr\/wp-json\/wp\/v2\/media?parent=18161"}],"curies":[{"name":"wp","href":"https:\/\/api.w.org\/{rel}","templated":true}]}}