{"id":33698,"date":"2019-08-10T13:46:49","date_gmt":"2019-08-10T12:46:49","guid":{"rendered":"https:\/\/ciano.pt\/ciano-care\/instalacao-do-aquario\/"},"modified":"2020-03-03T11:17:12","modified_gmt":"2020-03-03T11:17:12","slug":"instalacao-do-aquario","status":"publish","type":"page","link":"https:\/\/ciano.pt\/fr\/guide-ciano-care2\/instalacao-do-aquario\/","title":{"rendered":"Installation d&rsquo;aquarium"},"content":{"rendered":"<section class=\"wpb-content-wrapper\"><p>[vc_row css_animation=\u00a0\u00bb\u00a0\u00bb row_type=\u00a0\u00bbrow\u00a0\u00bb use_row_as_full_screen_section=\u00a0\u00bbno\u00a0\u00bb type=\u00a0\u00bbgrid\u00a0\u00bb angled_section=\u00a0\u00bbno\u00a0\u00bb text_align=\u00a0\u00bbleft\u00a0\u00bb background_image_as_pattern=\u00a0\u00bbwithout_pattern\u00a0\u00bb css=\u00a0\u00bb.vc_custom_1581639708852{padding-top: 20px !important;padding-right: 20px !important;padding-bottom: 20px !important;padding-left: 20px !important;border-radius: 5px !important;}\u00a0\u00bb el_class=\u00a0\u00bbrow_shadowcolumn\u00a0\u00bb z_index=\u00a0\u00bb\u00a0\u00bb][vc_column offset=\u00a0\u00bbvc_col-lg-offset-3 vc_col-lg-6&Prime; css=\u00a0\u00bb.vc_custom_1581639986340{margin-top: -50px !important;padding-top: 28px !important;padding-right: 33px !important;padding-bottom: 28px !important;padding-left: 33px !important;background-color: #ffffff !important;border-radius: 10px !important;}\u00a0\u00bb][vc_column_text]<\/p>\n<h4 style=\"text-align: center;\">D\u00e9marrez votre aquarium, \u00e9tape par \u00e9tape<\/h4>\n<p>[\/vc_column_text][\/vc_column][\/vc_row][vc_row css_animation=\u00a0\u00bb\u00a0\u00bb row_type=\u00a0\u00bbrow\u00a0\u00bb use_row_as_full_screen_section=\u00a0\u00bbno\u00a0\u00bb type=\u00a0\u00bbgrid\u00a0\u00bb angled_section=\u00a0\u00bbno\u00a0\u00bb text_align=\u00a0\u00bbleft\u00a0\u00bb background_image_as_pattern=\u00a0\u00bbwithout_pattern\u00a0\u00bb css=\u00a0\u00bb.vc_custom_1580505020625{padding-top: 52px !important;padding-bottom: 2px !important;}\u00a0\u00bb z_index=\u00a0\u00bb\u00a0\u00bb][vc_column offset=\u00a0\u00bbvc_col-lg-offset-2 vc_col-lg-8&Prime;]<script type=\"text\/javascript\">var gform;gform||(document.addEventListener(\"gform_main_scripts_loaded\",function(){gform.scriptsLoaded=!0}),window.addEventListener(\"DOMContentLoaded\",function(){gform.domLoaded=!0}),gform={domLoaded:!1,scriptsLoaded:!1,initializeOnLoaded:function(o){gform.domLoaded&&gform.scriptsLoaded?o():!gform.domLoaded&&gform.scriptsLoaded?window.addEventListener(\"DOMContentLoaded\",o):document.addEventListener(\"gform_main_scripts_loaded\",o)},hooks:{action:{},filter:{}},addAction:function(o,n,r,t){gform.addHook(\"action\",o,n,r,t)},addFilter:function(o,n,r,t){gform.addHook(\"filter\",o,n,r,t)},doAction:function(o){gform.doHook(\"action\",o,arguments)},applyFilters:function(o){return gform.doHook(\"filter\",o,arguments)},removeAction:function(o,n){gform.removeHook(\"action\",o,n)},removeFilter:function(o,n,r){gform.removeHook(\"filter\",o,n,r)},addHook:function(o,n,r,t,i){null==gform.hooks[o][n]&&(gform.hooks[o][n]=[]);var e=gform.hooks[o][n];null==i&&(i=n+\"_\"+e.length),gform.hooks[o][n].push({tag:i,callable:r,priority:t=null==t?10:t})},doHook:function(n,o,r){var t;if(r=Array.prototype.slice.call(r,1),null!=gform.hooks[n][o]&&((o=gform.hooks[n][o]).sort(function(o,n){return o.priority-n.priority}),o.forEach(function(o){\"function\"!=typeof(t=o.callable)&&(t=window[t]),\"action\"==n?t.apply(null,r):r[0]=t.apply(null,r)})),\"filter\"==n)return r[0]},removeHook:function(o,n,t,i){var r;null!=gform.hooks[o][n]&&(r=(r=gform.hooks[o][n]).filter(function(o,n,r){return!!(null!=i&&i!=o.tag||null!=t&&t!=o.priority)}),gform.hooks[o][n]=r)}});<\/script>\n                <div class='gf_browser_gecko gform_wrapper gform_legacy_markup_wrapper gform-theme--no-framework gform_survey_wrapper' data-form-theme='legacy' data-form-index='0' id='gform_wrapper_8' style='display:none'><div id='gf_8' class='gform_anchor' tabindex='-1'><\/div><form method='post' enctype='multipart\/form-data' target='gform_ajax_frame_8' id='gform_8' class='gform_survey' action='\/fr\/wp-json\/wp\/v2\/pages\/33698#gf_8' data-formid='8' novalidate><div id='gf_page_steps_8' class='gf_page_steps'><div id='gf_step_8_1' class='gf_step gf_step_active gf_step_first'><span class='gf_step_number'>1<\/span><span class='gf_step_label'>\u00c9tape 1<\/span><\/div><div id='gf_step_8_2' class='gf_step gf_step_last gf_step_next gf_step_pending'><span class='gf_step_number'>2<\/span><span class='gf_step_label'>\u00c9tape 2<\/span><\/div><\/div> \r\n <input type='hidden' class='gforms-pum' value='{\"closepopup\":false,\"closedelay\":0,\"openpopup\":false,\"openpopup_id\":0}' \/>\n                        <div class='gform-body gform_body'><div id='gform_page_8_1' class='gform_page ' data-js='page-field-id-1' >\n                                    <div class='gform_page_fields'><ul id='gform_fields_8' class='gform_fields top_label form_sublabel_below description_below'><li id=\"field_8_43\" class=\"gfield gfield--type-html gfield_html gfield_html_formatted gfield_no_follows_desc field_sublabel_below gfield--no-description field_description_below gfield_visibility_visible\"  data-js-reload=\"field_8_43\" ><img decoding=\"async\" src=\"https:\/\/ciano.pt\/wp-content\/uploads\/2020\/01\/ciano_care_instala\u00e7\u00e3o_aquario.jpg\" width=\"431px\" height=\"auto\" \/><\/li><li id=\"field_8_38\" class=\"gfield gfield--type-radio gfield--type-choice field_sublabel_below gfield--no-description field_description_below gfield_visibility_visible\"  data-js-reload=\"field_8_38\" ><label class='gfield_label gform-field-label' >Quel type d&#039;aquarium avez-vous? <\/label><div class='ginput_container ginput_container_radio'><ul class='gfield_radio' id='input_8_38'>\n\t\t\t<li class='gchoice gchoice_8_38_0'>\n\t\t\t\t<input name='input_38' type='radio' value='Uniquement des poissons '  id='choice_8_38_0' tabindex='21'   \/>\n\t\t\t\t<label for='choice_8_38_0' id='label_8_38_0' class='gform-field-label gform-field-label--type-inline'>Uniquement des poissons <\/label>\n\t\t\t<\/li>\n\t\t\t<li class='gchoice gchoice_8_38_1'>\n\t\t\t\t<input name='input_38' type='radio' value='Poissons et plantes naturelles'  id='choice_8_38_1' tabindex='22'   \/>\n\t\t\t\t<label for='choice_8_38_1' id='label_8_38_1' class='gform-field-label gform-field-label--type-inline'>Poissons et plantes naturelles<\/label>\n\t\t\t<\/li><\/ul><\/div><\/li><li id=\"field_8_4\" class=\"gfield gfield--type-html blockhtml_step gfield_html gfield_html_formatted gfield_no_follows_desc field_sublabel_below gfield--no-description field_description_below gfield_visibility_visible\"  data-js-reload=\"field_8_4\" ><h3>1.1 Installation d'aquarium uniquement des poissons  <\/h3> \r\n<p>En suivant les instructions d\u2019utilisation !<\/p> \r\n<ol>\r\n<li>Placez le sable;<\/li> \r\n<li>Placez la d\u00e9coration (optionnel);<\/li> \r\n<li>Placez le filtre et les cartouches filtrantes;<\/li> \r\n<li>Aditionnez l\u2019eau \u00e0 votre aquarium;<\/li> \r\n<li>Placez le dosator FISH PROTECTION;<\/li> \r\n<li>Branchez le filtre.<\/li> \r\n<\/ol> <\/li><li id=\"field_8_39\" class=\"gfield gfield--type-html blockhtml_step gfield_html gfield_html_formatted gfield_no_follows_desc field_sublabel_below gfield--no-description field_description_below gfield_visibility_visible\"  data-js-reload=\"field_8_39\" ><h3>1.1 Installation d'aquarium avec poissons et plantes naturelles<\/h3>\r\n<p>En suivant les instructions d\u2019utilisation !<\/p>\r\n<ol>\r\n<li>Placez le substrat, le sable et l\u2019eau \u00e0 environ 1\/3 de la hauteur de l\u2019aquarium (A);<\/li>\r\n<li>Placez les plantes* (V\u00e9rifiez la compatibilit\u00e9 avec vos poissons, demandez des informations \u00e0 votre vendeur de poissons.) (B);<\/li>\r\n<li>Placez la d\u00e9coration (optionnel) (C);<\/li>\r\n<li>Placez le filtre et les cartouches filtrantes (D);<\/li> \r\n<li>Compl\u00e9tez votre aquarium avec l\u2019eau; <\/li> \r\n<li>Placez le dosator FISH PROTECTION (E)**; <\/li> \r\n<li>Branchez le filtre.<\/li> \r\n<\/ol> \r\n*Utilisation de CIANO LED version Plants recommand\u00e9.<br\/> \r\n**Utilisation de dosator PLANTS PROTECTION (F) recommand\u00e9.<\/li><li id=\"field_8_6\" class=\"gfield gfield--type-html blockhtml_step gfield_html gfield_html_formatted gfield_no_follows_desc field_sublabel_below gfield--no-description field_description_below gfield_visibility_visible\"  data-js-reload=\"field_8_6\" ><h3>1.2 KIT STARTUP<\/h3> \r\nAjoutez le contenu du KIT STARTUP.<\/li><li id=\"field_8_40\" class=\"gfield gfield--type-html blockhtml_step gfield_html gfield_html_formatted gfield_no_follows_desc field_sublabel_below gfield--no-description field_description_below gfield_visibility_visible\"  data-js-reload=\"field_8_40\" ><h3>1.3 Plants Protection<\/h3> \r\nAjoutez PLANTS PROTECTION (pour aquarium avec plantes).<\/li><\/ul>\n                    <\/div>\n                    <div class='gform_page_footer top_label'>\n                         <input type='button' id='gform_next_button_8_27' class='gform_next_button gform-theme-button button' value='Prochaine \u00e9tape' tabindex='23' onclick='jQuery(\"#gform_target_page_number_8\").val(\"2\");  jQuery(\"#gform_8\").trigger(\"submit\",[true]); ' onkeypress='if( event.keyCode == 13 ){ jQuery(\"#gform_target_page_number_8\").val(\"2\");  jQuery(\"#gform_8\").trigger(\"submit\",[true]); } ' \/> \n                    <\/div>\n                <\/div>\n                <div id='gform_page_8_2' class='gform_page' data-js='page-field-id-27' style='display:none;'>\n                    <div class='gform_page_fields'>\n                        <ul id='gform_fields_8_2' class='gform_fields top_label form_sublabel_below description_below'><li id=\"field_8_37\" class=\"gfield gfield--type-html blockhtml_step gfield_html gfield_html_formatted gfield_no_follows_desc field_sublabel_below gfield--no-description field_description_below gfield_visibility_visible\"  data-js-reload=\"field_8_37\" ><h3> 2.1 Attendez 4 heures <\/h3> \r\nAttendez au moins 4 heures apr\u00e8s l\u2019ajout du KIT STARTUP.<\/li><li id=\"field_8_9\" class=\"gfield gfield--type-html blockhtml_step gfield_html gfield_html_formatted gfield_no_follows_desc field_sublabel_below gfield--no-description field_description_below gfield_visibility_visible\"  data-js-reload=\"field_8_9\" ><h3>2.2 Ajoutez 1\/3 des poissons les plus robustes.<\/h3> \r\nSi vous avez d\u00e9j\u00e0 attendu les 4 heures indiqu\u00e9es \u00e0 l'\u00e9tape pr\u00e9c\u00e9dente, ajoutez 1\/3 des poissons les plus r\u00e9sistants<\/li><li id=\"field_8_35\" class=\"gfield gfield--type-html blockhtml_step gfield_html gfield_html_formatted gfield_no_follows_desc field_sublabel_below gfield--no-description field_description_below gfield_visibility_visible\"  data-js-reload=\"field_8_35\" ><h3>2.3 Apr\u00e9s 5 jours, remesurez les param\u00e8tres de l'eau<\/h3> \r\nRemesurez les param\u00e8tres avec  WATER TEST STRIPS.\r\n <br\/><br\/> \r\n<a href=\"https:\/\/ciano.pt\/fr\/ciano-care\/tratamento-curativo\/\" target=\"_blank\">TRAITEMENT DE L\u2019EAU \u00bb<\/a> <\/li><li id=\"field_8_16\" class=\"gfield gfield--type-radio gfield--type-choice field_sublabel_below gfield--no-description field_description_below gfield_visibility_visible\"  data-js-reload=\"field_8_16\" ><label class='gfield_label gform-field-label' >Les valeurs sont-elles consid\u00e9r\u00e9es comme normales ?<\/label><div class='ginput_container ginput_container_radio'><ul class='gfield_radio' id='input_8_16'>\n\t\t\t<li class='gchoice gchoice_8_16_0'>\n\t\t\t\t<input name='input_16' type='radio' value='Sim'  id='choice_8_16_0' tabindex='24'   \/>\n\t\t\t\t<label for='choice_8_16_0' id='label_8_16_0' class='gform-field-label gform-field-label--type-inline'>Oui<\/label>\n\t\t\t<\/li>\n\t\t\t<li class='gchoice gchoice_8_16_1'>\n\t\t\t\t<input name='input_16' type='radio' value='N\u00e3o'  id='choice_8_16_1' tabindex='25'   \/>\n\t\t\t\t<label for='choice_8_16_1' id='label_8_16_1' class='gform-field-label gform-field-label--type-inline'>Non<\/label>\n\t\t\t<\/li><\/ul><\/div><\/li><li id=\"field_8_18\" class=\"gfield gfield--type-html blockhtml_step_warning gfield_html gfield_html_formatted gfield_no_follows_desc field_sublabel_below gfield--no-description field_description_below gfield_visibility_visible\"  data-js-reload=\"field_8_18\" ><h3>2.4 Ajustez le traitement<\/h3> \r\nLes valeurs de votre eau n\u2019\u00e9tant pas normales, vous devez les ajuster avec les conditionneurs appropri\u00e9s. Suivez le lien ci-dessous pour acc\u00e9der \u00e0 la page sur les traitements.\r\n<br> \r\n<a href=\"https:\/\/ciano.pt\/fr\/ciano-care\/tratamento-curativo\/\" target=\"_blank\"> Traitement \u00bb<\/a> <\/li><li id=\"field_8_22\" class=\"gfield gfield--type-html blockhtml_step gfield_html gfield_html_formatted gfield_no_follows_desc field_sublabel_below gfield--no-description field_description_below gfield_visibility_visible\"  data-js-reload=\"field_8_22\" ><h3>2.4 Ajoutez les poissons restants apr\u00e8s 3 semaines !<\/h3> <\/li><li id=\"field_8_42\" class=\"gfield gfield--type-select field_sublabel_below gfield--no-description field_description_below gfield_visibility_hidden\"  data-js-reload=\"field_8_42\" ><div class='admin-hidden-markup'><i class='gform-icon gform-icon--hidden'><\/i><span>Hidden<\/span><\/div><label class='gfield_label gform-field-label' for='input_8_42'>bot\u00e3o<\/label><div class='ginput_container ginput_container_select'><select name='input_42' id='input_8_42' class='medium gfield_select' tabindex='26'    aria-invalid=\"false\" ><option value='esconder' selected='selected'>masquer<\/option><\/select><\/div><\/li><li id=\"field_8_44\" class=\"gfield gfield--type-honeypot gform_validation_container field_sublabel_below gfield--has-description field_description_below gfield_visibility_visible\"  data-js-reload=\"field_8_44\" ><label class='gfield_label gform-field-label' for='input_8_44'>Email<\/label><div class='ginput_container'><input name='input_44' id='input_8_44' type='text' value='' autocomplete='new-password'\/><\/div><div class='gfield_description' id='gfield_description_8_44'>Ce champ n\u2019est utilis\u00e9 qu\u2019\u00e0 des fins de validation et devrait rester inchang\u00e9.<\/div><\/li><\/ul><\/div>\n        <div class='gform_page_footer top_label'><input type='submit' id='gform_previous_button_8' class='gform_previous_button gform-theme-button gform-theme-button--secondary button' value='\u00c9tape pr\u00e9c\u00e9dente' tabindex='27' onclick='if(window[\"gf_submitting_8\"]){return false;}  if( !jQuery(\"#gform_8\")[0].checkValidity || jQuery(\"#gform_8\")[0].checkValidity()){window[\"gf_submitting_8\"]=true;}  ' onkeypress='if( event.keyCode == 13 ){ if(window[\"gf_submitting_8\"]){return false;} if( !jQuery(\"#gform_8\")[0].checkValidity || jQuery(\"#gform_8\")[0].checkValidity()){window[\"gf_submitting_8\"]=true;}  jQuery(\"#gform_8\").trigger(\"submit\",[true]); }' \/> <input type='submit' id='gform_submit_button_8' class='gform_button button' value='Envoyer' tabindex='28' onclick='if(window[\"gf_submitting_8\"]){return false;}  if( !jQuery(\"#gform_8\")[0].checkValidity || jQuery(\"#gform_8\")[0].checkValidity()){window[\"gf_submitting_8\"]=true;}  ' onkeypress='if( event.keyCode == 13 ){ if(window[\"gf_submitting_8\"]){return false;} if( !jQuery(\"#gform_8\")[0].checkValidity || jQuery(\"#gform_8\")[0].checkValidity()){window[\"gf_submitting_8\"]=true;}  jQuery(\"#gform_8\").trigger(\"submit\",[true]); }' \/> <input type='hidden' name='gform_ajax' value='form_id=8&amp;title=&amp;description=&amp;tabindex=21&amp;theme=data-form-theme=&#039;legacy&#039;' \/>\n            <input type='hidden' class='gform_hidden' name='is_submit_8' value='1' \/>\n            <input type='hidden' class='gform_hidden' name='gform_submit' value='8' \/>\n            \n            <input type='hidden' class='gform_hidden' name='gform_unique_id' value='' \/>\n            <input type='hidden' class='gform_hidden' name='state_8' value='WyJbXSIsImJjOGQ5NjlkOTRiNDAxYTljNDIxOTkzZDc4MzBmODNlIl0=' \/>\n            <input type='hidden' class='gform_hidden' name='gform_target_page_number_8' id='gform_target_page_number_8' value='2' \/>\n            <input type='hidden' class='gform_hidden' name='gform_source_page_number_8' id='gform_source_page_number_8' value='1' \/>\n            <input type='hidden' name='gform_field_values' value='' \/>\n            \n        <\/div>\n                        <\/div><\/div>\n                        <\/form>\n                        <\/div>\n\t\t                <iframe style='display:none;width:0px;height:0px;' src='about:blank' name='gform_ajax_frame_8' id='gform_ajax_frame_8' title='Cette iframe contient la logique n\u00e9cessaire pour manipuler Gravity Forms avec Ajax.'><\/iframe>\n\t\t                <script type=\"text\/javascript\">\n\/* <![CDATA[ *\/\n gform.initializeOnLoaded( function() {gformInitSpinner( 8, 'https:\/\/ciano.pt\/wp-content\/plugins\/gravityforms\/images\/spinner.svg', true );jQuery('#gform_ajax_frame_8').on('load',function(){var contents = jQuery(this).contents().find('*').html();var is_postback = contents.indexOf('GF_AJAX_POSTBACK') >= 0;if(!is_postback){return;}var form_content = jQuery(this).contents().find('#gform_wrapper_8');var is_confirmation = jQuery(this).contents().find('#gform_confirmation_wrapper_8').length > 0;var is_redirect = contents.indexOf('gformRedirect(){') >= 0;var is_form = form_content.length > 0 && ! is_redirect && ! is_confirmation;var mt = parseInt(jQuery('html').css('margin-top'), 10) + parseInt(jQuery('body').css('margin-top'), 10) + 100;if(is_form){jQuery('#gform_wrapper_8').html(form_content.html());if(form_content.hasClass('gform_validation_error')){jQuery('#gform_wrapper_8').addClass('gform_validation_error');} else {jQuery('#gform_wrapper_8').removeClass('gform_validation_error');}setTimeout( function() { \/* delay the scroll by 50 milliseconds to fix a bug in chrome *\/ jQuery(document).scrollTop(jQuery('#gform_wrapper_8').offset().top - mt); }, 50 );if(window['gformInitDatepicker']) {gformInitDatepicker();}if(window['gformInitPriceFields']) {gformInitPriceFields();}var current_page = jQuery('#gform_source_page_number_8').val();gformInitSpinner( 8, 'https:\/\/ciano.pt\/wp-content\/plugins\/gravityforms\/images\/spinner.svg', true );jQuery(document).trigger('gform_page_loaded', [8, current_page]);window['gf_submitting_8'] = false;}else if(!is_redirect){var confirmation_content = jQuery(this).contents().find('.GF_AJAX_POSTBACK').html();if(!confirmation_content){confirmation_content = contents;}setTimeout(function(){jQuery('#gform_wrapper_8').replaceWith(confirmation_content);jQuery(document).scrollTop(jQuery('#gf_8').offset().top - mt);jQuery(document).trigger('gform_confirmation_loaded', [8]);window['gf_submitting_8'] = false;wp.a11y.speak(jQuery('#gform_confirmation_message_8').text());}, 50);}else{jQuery('#gform_8').append(contents);if(window['gformRedirect']) {gformRedirect();}}jQuery(document).trigger('gform_post_render', [8, current_page]);gform.utils.trigger({ event: 'gform\/postRender', native: false, data: { formId: 8, currentPage: current_page } });} );} ); \n\/* ]]> *\/\n<\/script>\n[\/vc_column][\/vc_row][vc_row css_animation=\u00a0\u00bb\u00a0\u00bb row_type=\u00a0\u00bbrow\u00a0\u00bb use_row_as_full_screen_section=\u00a0\u00bbno\u00a0\u00bb type=\u00a0\u00bbgrid\u00a0\u00bb angled_section=\u00a0\u00bbno\u00a0\u00bb text_align=\u00a0\u00bbleft\u00a0\u00bb background_image_as_pattern=\u00a0\u00bbwithout_pattern\u00a0\u00bb css=\u00a0\u00bb.vc_custom_1581639327705{padding-top: 57px !important;padding-bottom: 112px !important;}\u00a0\u00bb z_index=\u00a0\u00bb\u00a0\u00bb el_class=\u00a0\u00bbrow_cianocare\u00a0\u00bb][vc_column offset=\u00a0\u00bbvc_col-lg-offset-1 vc_col-lg-10&Prime; css=\u00a0\u00bb.vc_custom_1581640487609{border-top-width: 2px !important;padding-top: 62px !important;border-top-color: #f1f1f1 !important;border-top-style: solid !important;}\u00a0\u00bb][qode_elements_holder number_of_columns=\u00a0\u00bbthree_columns\u00a0\u00bb][qode_elements_holder_item advanced_animations=\u00a0\u00bbno\u00a0\u00bb][vc_single_image image=\u00a0\u00bb33536&Prime; img_size=\u00a0\u00bbfull\u00a0\u00bb alignment=\u00a0\u00bbcenter\u00a0\u00bb onclick=\u00a0\u00bbcustom_link\u00a0\u00bb qode_css_animation=\u00a0\u00bb\u00a0\u00bb link=\u00a0\u00bbhttps:\/\/ciano.pt\/fr\/ciano-care\/instalacao-do-aquario\/\u00a0\u00bb][vc_column_text css=\u00a0\u00bb.vc_custom_1582281394542{padding-top: 12px !important;}\u00a0\u00bb]<\/p>\n<h3 style=\"text-align: center;\"><a href=\"https:\/\/ciano.pt\/fr\/ciano-care\/instalacao-do-aquario\/\">Installation d&rsquo;aquarium<\/a><\/h3>\n<p>[\/vc_column_text][\/qode_elements_holder_item][qode_elements_holder_item vertical_alignment=\u00a0\u00bbtop\u00a0\u00bb advanced_animations=\u00a0\u00bbno\u00a0\u00bb item_padding_600_768=\u00a0\u00bb0 0 52px 0&Prime; item_padding_480_600=\u00a0\u00bb0 0 52px 0&Prime; item_padding_480=\u00a0\u00bb0 0 52px 0&Prime;][vc_single_image image=\u00a0\u00bb33542&Prime; img_size=\u00a0\u00bbfull\u00a0\u00bb alignment=\u00a0\u00bbcenter\u00a0\u00bb onclick=\u00a0\u00bbcustom_link\u00a0\u00bb qode_css_animation=\u00a0\u00bb\u00a0\u00bb link=\u00a0\u00bbhttps:\/\/ciano.pt\/fr\/ciano-care\/manutencao-do-aquario\/\u00a0\u00bb][vc_column_text css=\u00a0\u00bb.vc_custom_1582281453740{padding-top: 12px !important;}\u00a0\u00bb]<\/p>\n<h3 style=\"text-align: center;\"><a href=\"https:\/\/ciano.pt\/fr\/ciano-care\/manutencao-do-aquario\/\">Entretien de l\u2019aquarium<\/a><\/h3>\n<p>[\/vc_column_text][\/qode_elements_holder_item][qode_elements_holder_item vertical_alignment=\u00a0\u00bbtop\u00a0\u00bb advanced_animations=\u00a0\u00bbno\u00a0\u00bb][vc_single_image image=\u00a0\u00bb33548&Prime; img_size=\u00a0\u00bbfull\u00a0\u00bb alignment=\u00a0\u00bbcenter\u00a0\u00bb onclick=\u00a0\u00bbcustom_link\u00a0\u00bb qode_css_animation=\u00a0\u00bb\u00a0\u00bb link=\u00a0\u00bbhttps:\/\/ciano.pt\/fr\/ciano-care\/tratamento-curativo\/\u00a0\u00bb][vc_column_text css=\u00a0\u00bb.vc_custom_1582281509439{padding-top: 12px !important;}\u00a0\u00bb]<\/p>\n<h3 style=\"text-align: center;\"><a href=\"https:\/\/ciano.pt\/fr\/ciano-care\/tratamento-curativo\/\">Traitement Curatif<\/a><\/h3>\n<p>[\/vc_column_text][\/qode_elements_holder_item][\/qode_elements_holder][\/vc_column][\/vc_row][vc_row css_animation=\u00a0\u00bb\u00a0\u00bb row_type=\u00a0\u00bbrow\u00a0\u00bb use_row_as_full_screen_section=\u00a0\u00bbno\u00a0\u00bb type=\u00a0\u00bbgrid\u00a0\u00bb angled_section=\u00a0\u00bbno\u00a0\u00bb text_align=\u00a0\u00bbcenter\u00a0\u00bb background_image_as_pattern=\u00a0\u00bbwithout_pattern\u00a0\u00bb css=\u00a0\u00bb.vc_custom_1583159950438{padding-top: 20px !important;padding-right: 20px !important;padding-bottom: 20px !important;padding-left: 20px !important;border-radius: 5px !important;}\u00a0\u00bb z_index=\u00a0\u00bb\u00a0\u00bb el_class=\u00a0\u00bbrow_shadowcolumn\u00a0\u00bb][vc_column offset=\u00a0\u00bbvc_col-lg-offset-3 vc_col-lg-6&Prime; css=\u00a0\u00bb.vc_custom_1583160347651{margin-top: -60px !important;padding-top: 22px !important;padding-right: 33px !important;padding-bottom: 22px !important;padding-left: 33px !important;border-radius: 10px !important;}\u00a0\u00bb][vc_empty_space height=\u00a0\u00bb18px\u00a0\u00bb][vc_column_text]<\/p>\n<h2>Download<\/h2>\n<p>[\/vc_column_text][vc_column_text]<\/p>\n<h4><a href=\"https:\/\/ciano.pt\/download\/33654\/\" target=\"_blank\" rel=\"noopener noreferrer\">EN<\/a> | <a href=\"https:\/\/ciano.pt\/download\/33657\/\" target=\"_blank\" rel=\"noopener noreferrer\">FR<\/a> | <a href=\"https:\/\/ciano.pt\/download\/33679\/\" target=\"_blank\" rel=\"noopener noreferrer\">DE<\/a> | <a href=\"https:\/\/ciano.pt\/download\/33681\/\" target=\"_blank\" rel=\"noopener noreferrer\">NL<\/a> | <a href=\"https:\/\/ciano.pt\/download\/33596\/\" target=\"_blank\" rel=\"noopener noreferrer\">PT<\/a> | <a href=\"https:\/\/ciano.pt\/download\/33685\/\" target=\"_blank\" rel=\"noopener noreferrer\">IT<\/a> | <a href=\"https:\/\/ciano.pt\/download\/33660\/\" target=\"_blank\" rel=\"noopener noreferrer\">ES<\/a> | <a href=\"https:\/\/ciano.pt\/download\/33683\/\" target=\"_blank\" rel=\"noopener noreferrer\">SE<\/a><\/h4>\n<p>[\/vc_column_text][\/vc_column][\/vc_row]<\/p>\n<\/section>","protected":false},"excerpt":{"rendered":"<p>[vc_row css_animation=\u00a0\u00bb\u00a0\u00bb row_type=\u00a0\u00bbrow\u00a0\u00bb use_row_as_full_screen_section=\u00a0\u00bbno\u00a0\u00bb type=\u00a0\u00bbgrid\u00a0\u00bb angled_section=\u00a0\u00bbno\u00a0\u00bb text_align=\u00a0\u00bbleft\u00a0\u00bb background_image_as_pattern=\u00a0\u00bbwithout_pattern\u00a0\u00bb css=\u00a0\u00bb.vc_custom_1581639708852{padding-top: 20px !important;padding-right: 20px !important;padding-bottom: 20px !important;padding-left: 20px !important;border-radius: 5px !important;}\u00a0\u00bb el_class=\u00a0\u00bbrow_shadowcolumn\u00a0\u00bb z_index=\u00a0\u00bb\u00a0\u00bb][vc_column offset=\u00a0\u00bbvc_col-lg-offset-3 vc_col-lg-6&Prime; css=\u00a0\u00bb.vc_custom_1581639986340{margin-top: -50px !important;padding-top: 28px !important;padding-right: 33px !important;padding-bottom: 28px !important;padding-left: 33px !important;background-color: #ffffff !important;border-radius: 10px !important;}\u00a0\u00bb][vc_column_text] D\u00e9marrez votre aquarium, \u00e9tape par \u00e9tape [\/vc_column_text][\/vc_column][\/vc_row][vc_row&#8230;<\/p>\n","protected":false},"author":3,"featured_media":0,"parent":33689,"menu_order":0,"comment_status":"closed","ping_status":"closed","template":"page-guias.php","meta":{"_seopress_robots_primary_cat":"","_seopress_titles_title":"","_seopress_titles_desc":"","_seopress_robots_index":"yes","footnotes":""},"class_list":["post-33698","page","type-page","status-publish","hentry"],"_links":{"self":[{"href":"https:\/\/ciano.pt\/fr\/wp-json\/wp\/v2\/pages\/33698","targetHints":{"allow":["GET"]}}],"collection":[{"href":"https:\/\/ciano.pt\/fr\/wp-json\/wp\/v2\/pages"}],"about":[{"href":"https:\/\/ciano.pt\/fr\/wp-json\/wp\/v2\/types\/page"}],"author":[{"embeddable":true,"href":"https:\/\/ciano.pt\/fr\/wp-json\/wp\/v2\/users\/3"}],"replies":[{"embeddable":true,"href":"https:\/\/ciano.pt\/fr\/wp-json\/wp\/v2\/comments?post=33698"}],"version-history":[{"count":0,"href":"https:\/\/ciano.pt\/fr\/wp-json\/wp\/v2\/pages\/33698\/revisions"}],"up":[{"embeddable":true,"href":"https:\/\/ciano.pt\/fr\/wp-json\/wp\/v2\/pages\/33689"}],"wp:attachment":[{"href":"https:\/\/ciano.pt\/fr\/wp-json\/wp\/v2\/media?parent=33698"}],"curies":[{"name":"wp","href":"https:\/\/api.w.org\/{rel}","templated":true}]}}