{"id":51502,"date":"2025-05-08T15:38:12","date_gmt":"2025-05-08T14:38:12","guid":{"rendered":"https:\/\/ciano.pt\/ciano-green\/"},"modified":"2025-05-15T14:59:29","modified_gmt":"2025-05-15T13:59:29","slug":"cianogreen","status":"publish","type":"page","link":"https:\/\/ciano.pt\/fr\/cianogreen\/","title":{"rendered":"Ciano Green"},"content":{"rendered":"<section class=\"wpb-content-wrapper\"><p>[vc_row css_animation=\u00a0\u00bb\u00a0\u00bb row_type=\u00a0\u00bbrow\u00a0\u00bb use_row_as_full_screen_section=\u00a0\u00bbyes\u00a0\u00bb type=\u00a0\u00bbgrid\u00a0\u00bb angled_section=\u00a0\u00bbno\u00a0\u00bb text_align=\u00a0\u00bbleft\u00a0\u00bb background_image_as_pattern=\u00a0\u00bbwithout_pattern\u00a0\u00bb z_index=\u00a0\u00bb\u00a0\u00bb css=\u00a0\u00bb.vc_custom_1738424512423{background-image: url(https:\/\/ciano.pt\/wp-content\/uploads\/2025\/02\/cianogreen_hero.webp?id=51102) !important;background-position: center !important;background-repeat: no-repeat !important;background-size: cover !important;}\u00a0\u00bb][vc_column][qode_elements_holder number_of_columns=\u00a0\u00bbtwo_columns\u00a0\u00bb switch_to_one_column=\u00a0\u00bb768&Prime; alignment_one_column=\u00a0\u00bbcenter\u00a0\u00bb][qode_elements_holder_item advanced_animations=\u00a0\u00bbno\u00a0\u00bb item_padding=\u00a0\u00bb22px 10% 52px 0&Prime; item_padding_600_768=\u00a0\u00bb42px 0 32px 0&Prime; item_padding_480_600=\u00a0\u00bb42px 0 32px 0&Prime; item_padding_480=\u00a0\u00bb42px 0 32px 0&Prime; custom_class=\u00a0\u00bbmobile_first\u00a0\u00bb][vc_single_image image=\u00a0\u00bb51110&Prime; img_size=\u00a0\u00bbfull\u00a0\u00bb onclick=\u00a0\u00bbcustom_link\u00a0\u00bb qode_css_animation=\u00a0\u00bb\u00a0\u00bb el_class=\u00a0\u00bbn_img_greenlogo\u00a0\u00bb link=\u00a0\u00bbhttps:\/\/ciano.pt\/fr\/\u00a0\u00bb][vc_empty_space][vc_column_text el_class=\u00a0\u00bbn_white\u00a0\u00bb]<\/p>\n<h2 style=\"color: white;\"><strong>De grands changements pour le d\u00e9veloppement durable !<\/strong><\/h2>\n<h4>Chez CIANO GREEN, nous croyons que chaque aquarium peut devenir un microcosme de changement positif. Nous travaillons sans rel\u00e2che pour d\u00e9velopper des produits innovants alliant durabilit\u00e9, pr\u00e9servation de la biodiversit\u00e9 et \u00e9ducation environnementale, afin de promouvoir des choix conscients pour un avenir meilleur.<br \/>\nRejoignez-nous et transformez de petits gestes en de grands changements !<\/h4>\n<p>[\/vc_column_text][\/qode_elements_holder_item][qode_elements_holder_item advanced_animations=\u00a0\u00bbno\u00a0\u00bb item_padding=\u00a0\u00bb72px 0 52px 0&Prime; item_padding_600_768=\u00a0\u00bb0 0 42px 0&Prime; item_padding_480_600=\u00a0\u00bb0 0 42px 0&Prime; item_padding_480=\u00a0\u00bb0 0 42px 0&Prime;][vc_single_image image=\u00a0\u00bb51116&Prime; img_size=\u00a0\u00bbfull\u00a0\u00bb alignment=\u00a0\u00bbcenter\u00a0\u00bb qode_css_animation=\u00a0\u00bb\u00a0\u00bb el_class=\u00a0\u00bbn_img_hero\u00a0\u00bb][\/qode_elements_holder_item][\/qode_elements_holder][\/vc_column][\/vc_row][vc_row css_animation=\u00a0\u00bb\u00a0\u00bb row_type=\u00a0\u00bbrow\u00a0\u00bb use_row_as_full_screen_section=\u00a0\u00bbno\u00a0\u00bb type=\u00a0\u00bbgrid\u00a0\u00bb angled_section=\u00a0\u00bbno\u00a0\u00bb text_align=\u00a0\u00bbcenter\u00a0\u00bb background_image_as_pattern=\u00a0\u00bbwithout_pattern\u00a0\u00bb z_index=\u00a0\u00bb\u00a0\u00bb css=\u00a0\u00bb.vc_custom_1738424643290{padding-top: 52px !important;padding-bottom: 52px !important;}\u00a0\u00bb el_class=\u00a0\u00bbn_row_shadow n_green\u00a0\u00bb][vc_column width=\u00a0\u00bb1\/4&Prime;][vc_single_image image=\u00a0\u00bb51123&Prime; img_size=\u00a0\u00bbfull\u00a0\u00bb alignment=\u00a0\u00bbcenter\u00a0\u00bb qode_css_animation=\u00a0\u00bb\u00a0\u00bb el_class=\u00a0\u00bbn_icons\u00a0\u00bb][vc_column_text]<\/p>\n<h3 style=\"text-align: center;\"><strong>Z\u00c9RO D\u00c9CHET<\/strong><\/h3>\n<p>[\/vc_column_text][vc_column_text]Nous avons mis en place une politique z\u00e9ro d\u00e9chet en recyclant 100 % de nos d\u00e9chets, en r\u00e9utilisant l\u2019eau et en assurant une formation continue de nos collaborateurs pour garantir l\u2019efficacit\u00e9 du processus.[\/vc_column_text][\/vc_column][vc_column width=\u00a0\u00bb1\/4&Prime;][vc_single_image image=\u00a0\u00bb51129&Prime; img_size=\u00a0\u00bbfull\u00a0\u00bb alignment=\u00a0\u00bbcenter\u00a0\u00bb qode_css_animation=\u00a0\u00bb\u00a0\u00bb el_class=\u00a0\u00bbn_icons\u00a0\u00bb][vc_column_text]<\/p>\n<h3 style=\"text-align: center;\"><strong>ENCRES<\/strong><\/h3>\n<p>[\/vc_column_text][vc_column_text]Encres \u00e0 base d\u2019eau : Nous utilisons des encres \u00e0 base d\u2019eau, moins nocives pour l\u2019environnement.[\/vc_column_text][\/vc_column][vc_column width=\u00a0\u00bb1\/4&Prime;][vc_single_image image=\u00a0\u00bb51135&Prime; img_size=\u00a0\u00bbfull\u00a0\u00bb alignment=\u00a0\u00bbcenter\u00a0\u00bb qode_css_animation=\u00a0\u00bb\u00a0\u00bb el_class=\u00a0\u00bbn_icons\u00a0\u00bb][vc_column_text]<\/p>\n<h3 style=\"text-align: center;\"><strong>CARTON<\/strong><\/h3>\n<p>[\/vc_column_text][vc_column_text]Emballages en carton recycl\u00e9 : Nos emballages sont fabriqu\u00e9s \u00e0 partir de carton recycl\u00e9, contribuant ainsi \u00e0 l\u2019\u00e9conomie circulaire.[\/vc_column_text][\/vc_column][vc_column width=\u00a0\u00bb1\/4&Prime;][vc_single_image image=\u00a0\u00bb51141&Prime; img_size=\u00a0\u00bbfull\u00a0\u00bb alignment=\u00a0\u00bbcenter\u00a0\u00bb qode_css_animation=\u00a0\u00bb\u00a0\u00bb el_class=\u00a0\u00bbn_icons\u00a0\u00bb][vc_column_text]<\/p>\n<h3 style=\"text-align: center;\"><strong>PLASTIQUE<\/strong><\/h3>\n<p>[\/vc_column_text][vc_column_text]Fabriqu\u00e9 avec du plastique recycl\u00e9 : Nous utilisons du plastique recycl\u00e9 dans nos produits pour r\u00e9duire l\u2019impact environnemental.[\/vc_column_text][\/vc_column][\/vc_row][vc_row css_animation=\u00a0\u00bb\u00a0\u00bb row_type=\u00a0\u00bbrow\u00a0\u00bb use_row_as_full_screen_section=\u00a0\u00bbno\u00a0\u00bb type=\u00a0\u00bbgrid\u00a0\u00bb angled_section=\u00a0\u00bbno\u00a0\u00bb text_align=\u00a0\u00bbleft\u00a0\u00bb background_image_as_pattern=\u00a0\u00bbwithout_pattern\u00a0\u00bb z_index=\u00a0\u00bb\u00a0\u00bb el_class=\u00a0\u00bbn_row_shadow n_green\u00a0\u00bb background_color=\u00a0\u00bb#f5f5f5&Prime;][vc_column css=\u00a0\u00bb.vc_custom_1746637128110{padding-bottom: 10px !important;}\u00a0\u00bb][vc_column_text css=\u00a0\u00bb.vc_custom_1746722299972{padding-top: 20px !important;padding-bottom: 10px !important;}\u00a0\u00bb]<\/p>\n<h2 style=\"text-align: center;\"><strong>Notre vision<\/strong><\/h2>\n<p>[\/vc_column_text][\/vc_column][\/vc_row][vc_row css_animation=\u00a0\u00bb\u00a0\u00bb row_type=\u00a0\u00bbrow\u00a0\u00bb use_row_as_full_screen_section=\u00a0\u00bbno\u00a0\u00bb type=\u00a0\u00bbgrid\u00a0\u00bb angled_section=\u00a0\u00bbno\u00a0\u00bb text_align=\u00a0\u00bbcenter\u00a0\u00bb background_image_as_pattern=\u00a0\u00bbwithout_pattern\u00a0\u00bb z_index=\u00a0\u00bb\u00a0\u00bb css=\u00a0\u00bb.vc_custom_1746702502181{padding-bottom: 52px !important;}\u00a0\u00bb el_class=\u00a0\u00bbn_row_shadow n_green\u00a0\u00bb background_color=\u00a0\u00bb#f5f5f5&Prime;][vc_column][vc_column_text]Nous aspirons \u00e0 \u00eatre des leaders de la r\u00e9volution verte dans le secteur de l\u2019aquariophilie, en inspirant des choix qui prot\u00e8gent la plan\u00e8te et les g\u00e9n\u00e9rations futures. Notre ambition est de faire de chaque aquarium une source d\u2019inspiration durable, alliant innovation, qualit\u00e9 et respect de l\u2019environnement.[\/vc_column_text][\/vc_column][\/vc_row][vc_row css_animation=\u00a0\u00bb\u00a0\u00bb row_type=\u00a0\u00bbrow\u00a0\u00bb use_row_as_full_screen_section=\u00a0\u00bbno\u00a0\u00bb type=\u00a0\u00bbgrid\u00a0\u00bb angled_section=\u00a0\u00bbno\u00a0\u00bb text_align=\u00a0\u00bbleft\u00a0\u00bb background_image_as_pattern=\u00a0\u00bbwithout_pattern\u00a0\u00bb z_index=\u00a0\u00bb\u00a0\u00bb el_class=\u00a0\u00bbn_row_shadow n_green\u00a0\u00bb][vc_column css=\u00a0\u00bb.vc_custom_1746702659282{padding-top: 10px !important;padding-bottom: 10px !important;}\u00a0\u00bb][vc_column_text css=\u00a0\u00bb.vc_custom_1746722335320{padding-top: 20px !important;padding-bottom: 10px !important;}\u00a0\u00bb]<\/p>\n<h2 style=\"text-align: center;\"><strong>Nos principes<\/strong><\/h2>\n<p>[\/vc_column_text][\/vc_column][\/vc_row][vc_row css_animation=\u00a0\u00bb\u00a0\u00bb row_type=\u00a0\u00bbrow\u00a0\u00bb use_row_as_full_screen_section=\u00a0\u00bbno\u00a0\u00bb type=\u00a0\u00bbgrid\u00a0\u00bb angled_section=\u00a0\u00bbno\u00a0\u00bb text_align=\u00a0\u00bbcenter\u00a0\u00bb background_image_as_pattern=\u00a0\u00bbwithout_pattern\u00a0\u00bb z_index=\u00a0\u00bb\u00a0\u00bb css=\u00a0\u00bb.vc_custom_1746707788662{padding-bottom: 10px !important;}\u00a0\u00bb background_color=\u00a0\u00bb#ffffff\u00a0\u00bb el_class=\u00a0\u00bbn_row_shadow n_green\u00a0\u00bb][vc_column width=\u00a0\u00bb1\/5&Prime;][vc_column_text]<\/p>\n<h3 style=\"text-align: center;\"><strong>Durabilit\u00e9 int\u00e9grale<\/strong><\/h3>\n<p>[\/vc_column_text][vc_column_text]Nous d\u00e9veloppons des produits \u00e0 partir de mat\u00e9riaux recyclables et de proc\u00e9d\u00e9s respectueux de l\u2019environnement, r\u00e9duisant au maximum notre impact \u00e9cologique.[\/vc_column_text][\/vc_column][vc_column width=\u00a0\u00bb1\/5&Prime;][vc_column_text]<\/p>\n<h3 style=\"text-align: center;\"><strong>Innovation verte<\/strong><\/h3>\n<p>[\/vc_column_text][vc_column_text]Nous investissons dans la recherche et le d\u00e9veloppement de solutions aquatiques durables et respectueuses de la nature.[\/vc_column_text][\/vc_column][vc_column width=\u00a0\u00bb1\/5&Prime;][vc_column_text]<\/p>\n<h3 style=\"text-align: center;\"><strong>\u00c9ducation et sensibilisation<\/strong><\/h3>\n<p>[\/vc_column_text][vc_column_text]Nous encourageons des pratiques durables et sensibilisons clients et partenaires \u00e0 l\u2019impact positif des choix responsables.[\/vc_column_text][\/vc_column][vc_column width=\u00a0\u00bb1\/5&Prime;][vc_column_text]<\/p>\n<h3 style=\"text-align: center;\"><strong>Engagement pour la biodiversit\u00e9<\/strong><\/h3>\n<p>[\/vc_column_text][vc_column_text]Nos produits soutiennent l\u2019\u00e9quilibre des \u00e9cosyst\u00e8mes aquatiques et la pr\u00e9servation de la biodiversit\u00e9.[\/vc_column_text][\/vc_column][vc_column width=\u00a0\u00bb1\/5&Prime;][vc_column_text]<\/p>\n<h3 style=\"text-align: center;\"><strong>Responsabilit\u00e9 sociale<\/strong><\/h3>\n<p>[\/vc_column_text][vc_column_text]Nous collaborons avec les communaut\u00e9s locales et des initiatives mondiales pour promouvoir la durabilit\u00e9 et la protection de l\u2019environnement.[\/vc_column_text][\/vc_column][\/vc_row][vc_row css_animation=\u00a0\u00bb\u00a0\u00bb row_type=\u00a0\u00bbrow\u00a0\u00bb use_row_as_full_screen_section=\u00a0\u00bbno\u00a0\u00bb type=\u00a0\u00bbgrid\u00a0\u00bb angled_section=\u00a0\u00bbno\u00a0\u00bb text_align=\u00a0\u00bbleft\u00a0\u00bb background_image_as_pattern=\u00a0\u00bbwithout_pattern\u00a0\u00bb z_index=\u00a0\u00bb\u00a0\u00bb el_class=\u00a0\u00bbn_row_shadow n_green\u00a0\u00bb][vc_column css=\u00a0\u00bb.vc_custom_1746637128110{padding-bottom: 10px !important;}\u00a0\u00bb][vc_separator type=\u00a0\u00bbnormal\u00a0\u00bb el_class=\u00a0\u00bbn_row_shadow n_green\u00a0\u00bb][\/vc_column][\/vc_row][vc_row css_animation=\u00a0\u00bb\u00a0\u00bb row_type=\u00a0\u00bbrow\u00a0\u00bb use_row_as_full_screen_section=\u00a0\u00bbno\u00a0\u00bb type=\u00a0\u00bbgrid\u00a0\u00bb angled_section=\u00a0\u00bbno\u00a0\u00bb text_align=\u00a0\u00bbleft\u00a0\u00bb background_image_as_pattern=\u00a0\u00bbwithout_pattern\u00a0\u00bb z_index=\u00a0\u00bb\u00a0\u00bb el_class=\u00a0\u00bbn_row_shadow n_green\u00a0\u00bb][vc_column css=\u00a0\u00bb.vc_custom_1746637128110{padding-bottom: 10px !important;}\u00a0\u00bb][vc_column_text css=\u00a0\u00bb.vc_custom_1746722469499{padding-bottom: 10px !important;}\u00a0\u00bb]<\/p>\n<h2 style=\"text-align: center;\"><strong>Nos r\u00e9alisations \u00e0 ce jour ?<\/strong><\/h2>\n<p>[\/vc_column_text][\/vc_column][\/vc_row][vc_row css_animation=\u00a0\u00bb\u00a0\u00bb row_type=\u00a0\u00bbrow\u00a0\u00bb use_row_as_full_screen_section=\u00a0\u00bbno\u00a0\u00bb type=\u00a0\u00bbgrid\u00a0\u00bb angled_section=\u00a0\u00bbno\u00a0\u00bb text_align=\u00a0\u00bbleft\u00a0\u00bb background_image_as_pattern=\u00a0\u00bbwithout_pattern\u00a0\u00bb z_index=\u00a0\u00bb\u00a0\u00bb css=\u00a0\u00bb.vc_custom_1746710335001{padding-bottom: 52px !important;}\u00a0\u00bb el_class=\u00a0\u00bbn_row_shadow n_green\u00a0\u00bb][vc_column][vc_tta_accordion gap=\u00a0\u00bb15&Prime; active_section=\u00a0\u00bb1&Prime; collapsible_all=\u00a0\u00bbtrue\u00a0\u00bb][vc_tta_section title=\u00a0\u00bbProduits\u00a0\u00bb tab_id=\u00a0\u00bb1746607791825-6ff10661-6195&Prime; el_class=\u00a0\u00bbn_row_shadow n_green\u00a0\u00bb][vc_column_text el_class=\u00a0\u00bbn_row_shadow n_green\u00a0\u00bb]<strong>Chez CIANO GREEN, chaque d\u00e9tail t\u00e9moigne de notre engagement envers la durabilit\u00e9. Nous utilisons du plastique et du carton recycl\u00e9s, des encres \u00e0 base d\u2019eau, et d\u00e9veloppons nos produits selon les principes de l\u2019\u00e9co-conception. Ils sont durables, \u00e9conomes en \u00e9nergie et fabriqu\u00e9s en Europe, r\u00e9duisant ainsi les \u00e9missions tout en garantissant une qualit\u00e9 sup\u00e9rieure.<\/strong><\/p>\n<p>&nbsp;<\/p>\n<ul>\n<li><strong>Fabriqu\u00e9s avec du plastique recycl\u00e9<\/strong> : pour r\u00e9duire notre empreinte \u00e9cologique.<\/li>\n<li><strong>Emballages en carton recycl\u00e9<\/strong> : participant \u00e0 l\u2019\u00e9conomie circulaire.<\/li>\n<li><strong>Encres \u00e0 base d\u2019eau<\/strong> : moins polluantes.<\/li>\n<li><strong>Meilleur rapport qualit\u00e9-prix<\/strong> : alliant performance et responsabilit\u00e9 environnementale.<\/li>\n<li><strong>Faible consommation d\u2019\u00e9nergie<\/strong> : conception optimis\u00e9e pour une meilleure efficacit\u00e9 \u00e9nerg\u00e9tique.<\/li>\n<li><strong>\u00c9co-conception<\/strong> : produits pens\u00e9s d\u00e8s l\u2019origine pour \u00eatre durables.<\/li>\n<li><strong>Solutions de filtration de haute qualit\u00e9<\/strong> : orient\u00e9es vers la durabilit\u00e9.<\/li>\n<li><strong>Produits fabriqu\u00e9s en Europe<\/strong> : r\u00e9duisant les \u00e9missions li\u00e9es au transport.<\/li>\n<li><strong>Produits longue dur\u00e9e<\/strong> : limitant les remplacements fr\u00e9quents.<\/li>\n<li><strong>Certifi\u00e9s FSC\/PEFC<\/strong> : garantissant des mat\u00e9riaux issus de for\u00eats g\u00e9r\u00e9es de mani\u00e8re durable.<\/li>\n<\/ul>\n<p>[\/vc_column_text][vc_column_text][\/vc_column_text][\/vc_tta_section][vc_tta_section title=\u00a0\u00bbProduction\u00a0\u00bb tab_id=\u00a0\u00bb1746607791836-3412d45d-8b0b\u00a0\u00bb el_class=\u00a0\u00bbn_row_shadow n_green\u00a0\u00bb][vc_column_text el_class=\u00a0\u00bbn_row_shadow n_green\u00a0\u00bb]<strong>Nous avons adopt\u00e9 une politique z\u00e9ro d\u00e9chet, en recyclant 100 % du verre, du plastique, du carton, du bois et des m\u00e9taux utilis\u00e9s. L\u2019eau est r\u00e9utilis\u00e9e gr\u00e2ce \u00e0 un syst\u00e8me interne performant, permettant d\u2019\u00e9conomiser des milliers de litres chaque mois. Nos proc\u00e9dures internes de tri des d\u00e9chets et la formation continue du personnel renforcent l\u2019efficacit\u00e9 globale du processus.<\/strong><\/p>\n<p>&nbsp;<\/p>\n<ul>\n<li><strong>Recyclage des d\u00e9chets<\/strong> : 100 % des mat\u00e9riaux sont recycl\u00e9s.<\/li>\n<li><strong>Syst\u00e8me de r\u00e9utilisation de l\u2019eau<\/strong> : r\u00e9duit consid\u00e9rablement le gaspillage hydrique.<\/li>\n<li><strong>Syst\u00e8me de tri interne<\/strong> : garantissant une gestion efficace des d\u00e9chets.<\/li>\n<li><strong>Formation continue<\/strong> : pour renforcer les bonnes pratiques environnementales en interne.<\/li>\n<\/ul>\n<p>[\/vc_column_text][\/vc_tta_section][vc_tta_section title=\u00a0\u00bbInfrastructures\u00a0\u00bb tab_id=\u00a0\u00bb1746614332900-03cf4b33-5f1f\u00a0\u00bb el_class=\u00a0\u00bbn_row_shadow n_green\u00a0\u00bb][vc_column_text el_class=\u00a0\u00bbn_row_shadow n_green\u00a0\u00bb]<strong>Nous int\u00e9grons des solutions intelligentes dans l\u2019ensemble de nos installations, telles que des robinets \u00e9conomes en eau, des proc\u00e9dures d\u2019arr\u00eat de l\u2019alimentation \u00e9lectrique en fin de journ\u00e9e et un syst\u00e8me de r\u00e9cup\u00e9ration des eaux de pluie \u2013 autant de mesures concr\u00e8tes qui renforcent notre engagement envers une gestion durable des ressources.<\/strong><\/p>\n<p>&nbsp;<\/p>\n<ul>\n<li><strong>Robinetterie intelligente<\/strong> : permettant de r\u00e9duire le gaspillage d\u2019eau.<\/li>\n<li><strong>Coupure d\u2019\u00e9nergie en fin de journ\u00e9e<\/strong> : nous mettons en \u0153uvre des proc\u00e9dures internes pour optimiser la consommation.<\/li>\n<li><strong>R\u00e9cup\u00e9ration des eaux de pluie<\/strong> : pour un usage non potable dans nos installations.<\/li>\n<\/ul>\n<p>[\/vc_column_text][\/vc_tta_section][\/vc_tta_accordion][\/vc_column][\/vc_row]<\/p>\n<\/section>","protected":false},"excerpt":{"rendered":"<p>[vc_row css_animation=\u00a0\u00bb\u00a0\u00bb row_type=\u00a0\u00bbrow\u00a0\u00bb use_row_as_full_screen_section=\u00a0\u00bbyes\u00a0\u00bb type=\u00a0\u00bbgrid\u00a0\u00bb angled_section=\u00a0\u00bbno\u00a0\u00bb text_align=\u00a0\u00bbleft\u00a0\u00bb background_image_as_pattern=\u00a0\u00bbwithout_pattern\u00a0\u00bb z_index=\u00a0\u00bb\u00a0\u00bb css=\u00a0\u00bb.vc_custom_1738424512423{background-image: url(https:\/\/ciano.pt\/wp-content\/uploads\/2025\/02\/cianogreen_hero.webp?id=51102) !important;background-position: center !important;background-repeat: no-repeat !important;background-size: cover !important;}\u00a0\u00bb][vc_column][qode_elements_holder number_of_columns=\u00a0\u00bbtwo_columns\u00a0\u00bb switch_to_one_column=\u00a0\u00bb768&Prime; alignment_one_column=\u00a0\u00bbcenter\u00a0\u00bb][qode_elements_holder_item advanced_animations=\u00a0\u00bbno\u00a0\u00bb item_padding=\u00a0\u00bb22px 10% 52px 0&Prime; item_padding_600_768=\u00a0\u00bb42px 0 32px 0&Prime; item_padding_480_600=\u00a0\u00bb42px 0 32px 0&Prime; item_padding_480=\u00a0\u00bb42px 0 32px 0&Prime; custom_class=\u00a0\u00bbmobile_first\u00a0\u00bb][vc_single_image image=\u00a0\u00bb51110&Prime; img_size=\u00a0\u00bbfull\u00a0\u00bb onclick=\u00a0\u00bbcustom_link\u00a0\u00bb qode_css_animation=\u00a0\u00bb\u00a0\u00bb el_class=\u00a0\u00bbn_img_greenlogo\u00a0\u00bb link=\u00a0\u00bbhttps:\/\/ciano.pt\/fr\/\u00a0\u00bb][vc_empty_space][vc_column_text&#8230;<\/p>\n","protected":false},"author":3,"featured_media":0,"parent":0,"menu_order":0,"comment_status":"closed","ping_status":"closed","template":"full_width.php","meta":{"_seopress_robots_primary_cat":"","_seopress_titles_title":"","_seopress_titles_desc":"","_seopress_robots_index":"yes","footnotes":""},"class_list":["post-51502","page","type-page","status-publish","hentry"],"_links":{"self":[{"href":"https:\/\/ciano.pt\/fr\/wp-json\/wp\/v2\/pages\/51502","targetHints":{"allow":["GET"]}}],"collection":[{"href":"https:\/\/ciano.pt\/fr\/wp-json\/wp\/v2\/pages"}],"about":[{"href":"https:\/\/ciano.pt\/fr\/wp-json\/wp\/v2\/types\/page"}],"author":[{"embeddable":true,"href":"https:\/\/ciano.pt\/fr\/wp-json\/wp\/v2\/users\/3"}],"replies":[{"embeddable":true,"href":"https:\/\/ciano.pt\/fr\/wp-json\/wp\/v2\/comments?post=51502"}],"version-history":[{"count":11,"href":"https:\/\/ciano.pt\/fr\/wp-json\/wp\/v2\/pages\/51502\/revisions"}],"predecessor-version":[{"id":51574,"href":"https:\/\/ciano.pt\/fr\/wp-json\/wp\/v2\/pages\/51502\/revisions\/51574"}],"wp:attachment":[{"href":"https:\/\/ciano.pt\/fr\/wp-json\/wp\/v2\/media?parent=51502"}],"curies":[{"name":"wp","href":"https:\/\/api.w.org\/{rel}","templated":true}]}}