{"id":45629,"date":"2023-10-17T13:55:47","date_gmt":"2023-10-17T12:55:47","guid":{"rendered":"https:\/\/ciano.pt\/canal-de-denuncias\/"},"modified":"2023-10-17T13:57:57","modified_gmt":"2023-10-17T12:57:57","slug":"canale-di-denuncia","status":"publish","type":"page","link":"https:\/\/ciano.pt\/it\/canale-di-denuncia\/","title":{"rendered":"Canale di Denuncia"},"content":{"rendered":"<section class=\"wpb-content-wrapper\"><p>[vc_row css_animation=&#8221;&#8221; row_type=&#8221;row&#8221; use_row_as_full_screen_section=&#8221;no&#8221; type=&#8221;full_width&#8221; angled_section=&#8221;no&#8221; text_align=&#8221;left&#8221; background_image_as_pattern=&#8221;without_pattern&#8221;][vc_column][vc_column_text]<\/p>\n<h2 style=\"text-align: center;\"><strong>Procedura del Canale di Denuncia<\/strong><\/h2>\n<h3 style=\"text-align: center;\"><strong>Schema<\/strong><\/h3>\n<p>[\/vc_column_text][vc_empty_space height=&#8221;22px&#8221;][vc_column_text]<\/p>\n<h3><strong>1.<\/strong> Introduzione<\/h3>\n<h3><strong>2.<\/strong> Ambito<\/h3>\n<ul>\n<li><strong>Soggettivo:<\/strong> dipendenti, produttori, fornitori, clienti o terzi.<\/li>\n<li><strong>Obiettivo:<\/strong> motivi del reclamo &#8211; reati (che rientrino o meno nell&#8217;ambito di applicazione della legge), dubbi, raccomandazioni.<\/li>\n<\/ul>\n<h3><strong>3.<\/strong> Garanzie e Misure di Protezione<\/h3>\n<h3><strong>4.<\/strong> Nomina di un Comitato etico<\/h3>\n<ul>\n<li>Composizione del comitato.<\/li>\n<\/ul>\n<h3><strong>5.<\/strong> Contesto di Ammissibilit\u00e0<\/h3>\n<ul>\n<li><strong>Introduzione<\/strong><\/li>\n<li><strong>Forma del reclamo<\/strong>\n<ul>\n<li>Verbale e\/o scritta (mezzi).<\/li>\n<\/ul>\n<\/li>\n<li><strong>Elementi\/dati necessari<\/strong><\/li>\n<\/ul>\n<h3><strong>6.<\/strong> Procedura di Trattamento<\/h3>\n<p><strong>6.1<\/strong> Il comitato etico informer\u00e0 l&#8217;informatore entro sette giorni dal ricevimento della denuncia e lo informer\u00e0 dei requisiti, della forma e dell&#8217;ammissibilit\u00e0 della denuncia.<\/p>\n<p><strong>6.2<\/strong> Il comitato etico pu\u00f2 anche chiedere all&#8217;informatore di chiarire il reclamo o di fornire ulteriori informazioni.<\/p>\n<p><strong>6.3<\/strong> Se vi sono indicazioni che i fatti denunciati sono stati verificati, verr\u00e0 avviata un&#8217;inchiesta interna per indagare sui fatti, oppure la denuncia verr\u00e0 deferita al dipartimento competente quando la questione non rientra nelle sue competenze.<\/p>\n<p><strong>6.4<\/strong> Allo stesso tempo, se necessario, il Comitato etico prender\u00e0 le misure necessarie per fermare eventuali reati in corso.<\/p>\n<p><strong>6.5<\/strong> Indagine interna sul reclamo.<\/p>\n<p>A seguito di un reclamo, il Comitato etico adotter\u00e0 le misure appropriate per verificare le accuse in esso contenute e potr\u00e0 offrire all&#8217;accusato un periodo di tempo per commentare.<\/p>\n<p><strong>6.5.1<\/strong> Tra le attivit\u00e0 che possono essere svolte nell&#8217;ambito dell&#8217;indagine vi sono:<\/p>\n<ul>\n<li>Raccogliere informazioni sui fatti denunciati;<\/li>\n<li>L&#8217;analisi delle informazioni ottenute;<\/li>\n<li>Documentazione delle ricerche effettuate (procedure e test eseguiti) e dei risultati ottenuti;<\/li>\n<li>Conclusioni sulla ricerca effettuata;<\/li>\n<li>Un elenco delle misure correttive che possono essere applicate.<\/li>\n<\/ul>\n<p><strong>6.6<\/strong> Il Comitato etico pu\u00f2 avvalersi di servizi professionali esterni per supportare l&#8217;indagine, nonch\u00e9 richiedere il supporto di altri dipartimenti.<\/p>\n<p><strong>6.7<\/strong> Al termine dei tre mesi, il Comitato etico informer\u00e0 il reclamante delle misure previste o adottate per dare seguito al reclamo e delle rispettive motivazioni; il reclamante potr\u00e0 richiedere, in qualsiasi momento, di essere informato dell&#8217;esito e della relativa conclusione del reclamo.<\/p>\n<p><strong>6.8<\/strong> Chiusura dell&#8217;indagine e stesura di una relazione.<\/p>\n<p><strong>6.8.1<\/strong> Una volta conclusa la fase di indagine, per ogni reclamo verr\u00e0 redatto un rapporto (o creato un fascicolo) in cui saranno riportate le misure e le procedure adottate per dargli seguito.<\/p>\n<p><strong>6.9<\/strong> Conservazione dei reclami.<\/p>\n<p>I reclami ricevuti saranno registrati e conservati per almeno cinque anni e, indipendentemente da questo periodo, durante la pendenza di un procedimento giudiziario e\/o amministrativo.<\/p>\n<p><strong>6.10<\/strong> Attuazione e monitoraggio della procedura.<\/p>\n<p>CIANO pubblicizzer\u00e0 la presente procedura attraverso la rete <em>Intranet<\/em> e il <em>sito web<\/em> ufficiale.<span style=\"font-size: 16px;\">[\/vc_column_text][\/vc_column][\/vc_row][vc_row css_animation=&#8221;&#8221; row_type=&#8221;row&#8221; use_row_as_full_screen_section=&#8221;no&#8221; type=&#8221;full_width&#8221; angled_section=&#8221;no&#8221; text_align=&#8221;left&#8221; background_image_as_pattern=&#8221;without_pattern&#8221;][vc_column][vc_empty_space height=&#8221;122px&#8221;][\/vc_column][\/vc_row]<\/span><\/p>\n<\/section>","protected":false},"excerpt":{"rendered":"<p>[vc_row css_animation=&#8221;&#8221; row_type=&#8221;row&#8221; use_row_as_full_screen_section=&#8221;no&#8221; type=&#8221;full_width&#8221; angled_section=&#8221;no&#8221; text_align=&#8221;left&#8221; background_image_as_pattern=&#8221;without_pattern&#8221;][vc_column][vc_column_text] Procedura del Canale di Denuncia Schema [\/vc_column_text][vc_empty_space height=&#8221;22px&#8221;][vc_column_text] 1. Introduzione 2. Ambito Soggettivo: dipendenti, produttori, fornitori, clienti o terzi. Obiettivo: motivi del reclamo &#8211; reati (che rientrino o meno nell&#8217;ambito di applicazione della legge), dubbi, raccomandazioni. 3&#8230;.<\/p>\n","protected":false},"author":13450,"featured_media":0,"parent":0,"menu_order":0,"comment_status":"closed","ping_status":"closed","template":"","meta":{"_seopress_robots_primary_cat":"","_seopress_titles_title":"","_seopress_titles_desc":"","_seopress_robots_index":"","footnotes":""},"class_list":["post-45629","page","type-page","status-publish","hentry"],"_links":{"self":[{"href":"https:\/\/ciano.pt\/it\/wp-json\/wp\/v2\/pages\/45629","targetHints":{"allow":["GET"]}}],"collection":[{"href":"https:\/\/ciano.pt\/it\/wp-json\/wp\/v2\/pages"}],"about":[{"href":"https:\/\/ciano.pt\/it\/wp-json\/wp\/v2\/types\/page"}],"author":[{"embeddable":true,"href":"https:\/\/ciano.pt\/it\/wp-json\/wp\/v2\/users\/13450"}],"replies":[{"embeddable":true,"href":"https:\/\/ciano.pt\/it\/wp-json\/wp\/v2\/comments?post=45629"}],"version-history":[{"count":4,"href":"https:\/\/ciano.pt\/it\/wp-json\/wp\/v2\/pages\/45629\/revisions"}],"predecessor-version":[{"id":45634,"href":"https:\/\/ciano.pt\/it\/wp-json\/wp\/v2\/pages\/45629\/revisions\/45634"}],"wp:attachment":[{"href":"https:\/\/ciano.pt\/it\/wp-json\/wp\/v2\/media?parent=45629"}],"curies":[{"name":"wp","href":"https:\/\/api.w.org\/{rel}","templated":true}]}}